{"id":182,"date":"2025-06-12T12:04:23","date_gmt":"2025-06-12T10:04:23","guid":{"rendered":"https:\/\/cyclovac.cat\/?page_id=182"},"modified":"2026-01-12T12:02:27","modified_gmt":"2026-01-12T10:02:27","slug":"informacio-sobre-el-sistema-aspiraco-centralitzat","status":"publish","type":"page","link":"https:\/\/cyclovac.cat\/es\/informacio-sobre-el-sistema-aspiraco-centralitzat\/","title":{"rendered":"C\u00f3mo funciona un sistema de aspiraci\u00f3n centralizado"},"content":{"rendered":"<div class=\"wp-block-group has-global-padding is-layout-constrained wp-container-core-group-is-layout-3e18c024 wp-block-group-is-layout-constrained\" style=\"margin-top:0;margin-bottom:0;padding-top:24px;padding-right:20px;padding-bottom:24px;padding-left:20px\">\n<div class=\"wp-block-group is-content-justification-space-between is-layout-flex wp-container-core-group-is-layout-32452c2f wp-block-group-is-layout-flex\" style=\"margin-top:0;margin-bottom:0;padding-bottom:60px\">\n<h2 class=\"wp-block-heading wp-container-content-432d1f4f\"><strong>\u00bfQu\u00e9 es una central de aspiraci\u00f3n?<\/strong><\/h2>\n\n\n\n<p><\/p>\n\n\n\n<p><\/p>\n\n\n\n<p>Una central de aspiraci\u00f3n Cyclo Vac es una soluci\u00f3n potente, silenciosa y eficiente para la limpieza de tu vivienda. Requiere poco mantenimiento y es f\u00e1cil tanto de instalar como de utilizar.<\/p>\n\n\n\n<p>Habitualmente, la central se instala en un espacio discreto como un armario, el lavadero o el garaje. Desde all\u00ed, una red de tuber\u00edas conecta con varias tomas distribuidas por la vivienda. Basta con conectar la manguera flexible a una de estas tomas para que la central se active autom\u00e1ticamente y comience el proceso de aspiraci\u00f3n.<\/p>\n\n\n\n<p>M\u00e1s potente que un aspirador port\u00e1til convencional, el sistema de aspiraci\u00f3n centralizada Cyclo Vac permite una limpieza profunda y eficiente, mejorando la higiene y el confort de tu hogar.<\/p>\n<\/div>\n\n\n\n<figure class=\"wp-block-video aligncenter\" style=\"margin-top:0;margin-bottom:0;padding-top:0;padding-right:0;padding-bottom:0;padding-left:0\"><video height=\"720\" style=\"aspect-ratio: 1280 \/ 720;\" width=\"1280\" autoplay controls loop muted src=\"https:\/\/cyclovac.cat\/wp-content\/uploads\/2025\/08\/funcionamiento_aspiracion_centralizada.mp4\" playsinline><\/video><\/figure>\n<\/div>\n\n\n\n<div class=\"wp-block-group has-global-padding is-layout-constrained wp-container-core-group-is-layout-ce858a97 wp-block-group-is-layout-constrained\" style=\"margin-top:0;margin-bottom:0;padding-top:0px;padding-right:20px;padding-bottom:0px;padding-left:20px\">\n<div class=\"wp-block-columns are-vertically-aligned-center is-layout-flex wp-container-core-columns-is-layout-4f563609 wp-block-columns-is-layout-flex\" style=\"margin-top:var(--wp--preset--spacing--50);margin-bottom:0\">\n<div class=\"wp-block-column is-vertically-aligned-center is-layout-flow wp-block-column-is-layout-flow\">\n<p style=\"margin-bottom:var(--wp--preset--spacing--30)\">Un sistema completo con accesorios pensados para optimizar tu Cyclo Vac<\/p>\n\n\n\n<p>El sistema incluye una amplia gama de accesorios ultra pr\u00e1cticos, como el recogedor autom\u00e1tico de migas, la manguera retr\u00e1ctil Retraflex, la manguera extensible WallyFlex y tomas de dise\u00f1o moderno. Todo est\u00e1 pensado para ofrecer la m\u00e1xima comodidad y eficacia en la limpieza diaria.<\/p>\n\n\n\n<p>Sistemas de filtraci\u00f3n adaptados a todas las necesidades<\/p>\n\n\n\n<p>Gracias a un sistema de filtraci\u00f3n de \u00faltima generaci\u00f3n, los aspiradores centrales Cyclo Vac no expulsan part\u00edculas de polvo al aire, contribuyendo a crear un ambiente dom\u00e9stico m\u00e1s sano y limpio.<\/p>\n\n\n\n<p>Los modelos con bolsa de un solo uso son ideales para personas con alergias al polvo o que prefieren un mantenimiento r\u00e1pido y limpio. La bolsa electrost\u00e1tica, de gran capacidad, atrapa el polvo de manera eficiente. Sustituirla es muy sencillo e higi\u00e9nico: solo hay que retirarla sin ensuciarse las manos.<\/p>\n\n\n\n<p>Para quienes buscan una opci\u00f3n m\u00e1s ecol\u00f3gica, los modelos con filtros lavables y reutilizables son la soluci\u00f3n perfecta. El sistema de separaci\u00f3n cicl\u00f3nica permite depositar la suciedad directamente en el fondo del cubo, sin necesidad de bolsas. Basta con vaciar el dep\u00f3sito peri\u00f3dicamente.<\/p>\n\n\n\n<p style=\"margin-bottom:var(--wp--preset--spacing--30)\">Adem\u00e1s, los equipos h\u00edbridos ofrecen lo mejor de ambos sistemas: pueden funcionar con bolsa o sin ella, seg\u00fan tus necesidades. Si no tienes bolsas a mano, solo hay que retirar el adaptador y utilizar el sistema con el filtro autolimpiable. R\u00e1pido, pr\u00e1ctico y eficiente.<\/p>\n<\/div>\n\n\n\n<div class=\"wp-block-column is-vertically-aligned-center is-layout-flow wp-block-column-is-layout-flow\">\n<div class=\"wp-block-getwid-images-slider has-arrows-inside has-dots-inside has-images-center has-cropped-images\"><div class=\"wp-block-getwid-images-slider__wrapper\" data-effect=\"slide\" data-slides-show=\"1\" data-slides-show-laptop=\"1\" data-slides-show-tablet=\"1\" data-slides-show-mobile=\"1\" data-slides-scroll=\"1\" data-autoplay=\"false\" data-pause-hover=\"false\" data-autoplay-speed=\"6000\" data-infinite=\"true\" data-animation-speed=\"800\" data-center-mode=\"false\" data-variable-width=\"false\" data-arrows=\"inside\" data-dots=\"inside\" data-spacing=\"none\"><div class=\"wp-block-getwid-images-slider__item\"><figure><img loading=\"lazy\" decoding=\"async\" width=\"900\" height=\"600\" src=\"https:\/\/cyclovac.cat\/wp-content\/uploads\/2025\/06\/1-1.jpg\" data-id=\"623\" data-link=\"https:\/\/cyclovac.cat\/index.php\/informacio-sobre-el-sistema\/1-2\/\" data-original-link=\"https:\/\/cyclovac.cat\/wp-content\/uploads\/2025\/06\/1-1.jpg\" class=\"wp-block-getwid-images-slider__image wp-image-623\" srcset=\"https:\/\/cyclovac.cat\/wp-content\/uploads\/2025\/06\/1-1.jpg 900w, https:\/\/cyclovac.cat\/wp-content\/uploads\/2025\/06\/1-1-300x200.jpg 300w, https:\/\/cyclovac.cat\/wp-content\/uploads\/2025\/06\/1-1-768x512.jpg 768w, https:\/\/cyclovac.cat\/wp-content\/uploads\/2025\/06\/1-1-600x400.jpg 600w\" sizes=\"auto, (max-width: 900px) 100vw, 900px\" \/><\/figure><\/div><div class=\"wp-block-getwid-images-slider__item\"><figure><img loading=\"lazy\" decoding=\"async\" width=\"900\" height=\"426\" src=\"https:\/\/cyclovac.cat\/wp-content\/uploads\/2025\/06\/2-1.jpg\" data-id=\"624\" data-link=\"https:\/\/cyclovac.cat\/index.php\/informacio-sobre-el-sistema\/2-2\/\" data-original-link=\"https:\/\/cyclovac.cat\/wp-content\/uploads\/2025\/06\/2-1.jpg\" class=\"wp-block-getwid-images-slider__image wp-image-624\" srcset=\"https:\/\/cyclovac.cat\/wp-content\/uploads\/2025\/06\/2-1.jpg 900w, https:\/\/cyclovac.cat\/wp-content\/uploads\/2025\/06\/2-1-300x142.jpg 300w, https:\/\/cyclovac.cat\/wp-content\/uploads\/2025\/06\/2-1-768x364.jpg 768w, https:\/\/cyclovac.cat\/wp-content\/uploads\/2025\/06\/2-1-600x284.jpg 600w\" sizes=\"auto, (max-width: 900px) 100vw, 900px\" \/><\/figure><\/div><div class=\"wp-block-getwid-images-slider__item\"><figure><img loading=\"lazy\" decoding=\"async\" width=\"900\" height=\"426\" src=\"https:\/\/cyclovac.cat\/wp-content\/uploads\/2025\/06\/3-1.jpg\" data-id=\"621\" data-link=\"https:\/\/cyclovac.cat\/index.php\/informacio-sobre-el-sistema\/3-2\/\" data-original-link=\"https:\/\/cyclovac.cat\/wp-content\/uploads\/2025\/06\/3-1.jpg\" class=\"wp-block-getwid-images-slider__image wp-image-621\" srcset=\"https:\/\/cyclovac.cat\/wp-content\/uploads\/2025\/06\/3-1.jpg 900w, https:\/\/cyclovac.cat\/wp-content\/uploads\/2025\/06\/3-1-300x142.jpg 300w, https:\/\/cyclovac.cat\/wp-content\/uploads\/2025\/06\/3-1-768x364.jpg 768w, https:\/\/cyclovac.cat\/wp-content\/uploads\/2025\/06\/3-1-600x284.jpg 600w\" sizes=\"auto, (max-width: 900px) 100vw, 900px\" \/><\/figure><\/div><div class=\"wp-block-getwid-images-slider__item\"><figure><img loading=\"lazy\" decoding=\"async\" width=\"900\" height=\"426\" src=\"https:\/\/cyclovac.cat\/wp-content\/uploads\/2025\/06\/4-1.jpg\" data-id=\"622\" data-link=\"https:\/\/cyclovac.cat\/index.php\/informacio-sobre-el-sistema\/4-2\/\" data-original-link=\"https:\/\/cyclovac.cat\/wp-content\/uploads\/2025\/06\/4-1.jpg\" class=\"wp-block-getwid-images-slider__image wp-image-622\" srcset=\"https:\/\/cyclovac.cat\/wp-content\/uploads\/2025\/06\/4-1.jpg 900w, https:\/\/cyclovac.cat\/wp-content\/uploads\/2025\/06\/4-1-300x142.jpg 300w, https:\/\/cyclovac.cat\/wp-content\/uploads\/2025\/06\/4-1-768x364.jpg 768w, https:\/\/cyclovac.cat\/wp-content\/uploads\/2025\/06\/4-1-600x284.jpg 600w\" sizes=\"auto, (max-width: 900px) 100vw, 900px\" \/><\/figure><\/div><\/div><\/div>\n<\/div>\n<\/div>\n\n\n\n<div class=\"wp-block-columns are-vertically-aligned-center is-layout-flex wp-container-core-columns-is-layout-9cad5244 wp-block-columns-is-layout-flex\" style=\"margin-top:0;margin-bottom:0\">\n<div class=\"wp-block-column is-vertically-aligned-center is-layout-flow wp-block-column-is-layout-flow\">\n<div class=\"wp-block-cover is-light\" style=\"border-radius:10px;min-height:550px;aspect-ratio:unset;\"><img loading=\"lazy\" decoding=\"async\" width=\"900\" height=\"364\" class=\"wp-block-cover__image-background wp-image-615 size-full\" alt=\"\" src=\"https:\/\/cyclovac.cat\/wp-content\/uploads\/2025\/06\/unnamed-2.jpg\" style=\"object-position:55% 16%\" data-object-fit=\"cover\" data-object-position=\"55% 16%\" srcset=\"https:\/\/cyclovac.cat\/wp-content\/uploads\/2025\/06\/unnamed-2.jpg 900w, https:\/\/cyclovac.cat\/wp-content\/uploads\/2025\/06\/unnamed-2-300x121.jpg 300w, https:\/\/cyclovac.cat\/wp-content\/uploads\/2025\/06\/unnamed-2-768x311.jpg 768w, https:\/\/cyclovac.cat\/wp-content\/uploads\/2025\/06\/unnamed-2-600x243.jpg 600w\" sizes=\"auto, (max-width: 900px) 100vw, 900px\" \/><span aria-hidden=\"true\" class=\"wp-block-cover__background has-background-dim-0 has-background-dim\" style=\"background-color:#fafafa\"><\/span><div class=\"wp-block-cover__inner-container has-global-padding is-layout-constrained wp-block-cover-is-layout-constrained\">\n<p class=\"has-text-align-center has-large-font-size\"><\/p>\n<\/div><\/div>\n<\/div>\n\n\n\n<div class=\"wp-block-column is-vertically-aligned-center is-layout-flow wp-block-column-is-layout-flow\">\n<div class=\"wp-block-getwid-advanced-heading\"><h3 class=\"wp-block-getwid-advanced-heading__content\"><strong>Filtro de polvo de carbono<\/strong><\/h3><\/div>\n\n\n\n<p>Nuestro sistema de filtro de carbono patentado, que asegura una calidad de aire sin igual, \u00fanico en el mundo, atrapa el polvo fino producido por el motor, que normalmente quedar\u00eda depositado en la superficie de la unidad central.<\/p>\n\n\n\n<p style=\"margin-bottom:var(--wp--preset--spacing--30)\">\u00a1El polvo nunca circular\u00e1 dentro de su hogar!<\/p>\n<\/div>\n<\/div>\n<\/div>","protected":false},"excerpt":{"rendered":"<p>\u00bfQu\u00e8 \u00e9s una central d\u2019aspiraci\u00f3? Una central d&#8217;aspiraci\u00f3 Cyclo Vac \u00e9s una soluci\u00f3 potent, silenciosa i eficient per a la neteja del teu habitatge. Requereix poc manteniment, i \u00e9s f\u00e0cil tant d\u2019instal\u00b7lar com d\u2019utilitzar. Habitualment, la central s\u2019instal\u00b7la en un espai discret com un armari, el safareig o el garatge. Des d\u2019all\u00e0, una xarxa de [&hellip;]<\/p>","protected":false},"author":1,"featured_media":0,"parent":0,"menu_order":0,"comment_status":"closed","ping_status":"closed","template":"","meta":{"footnotes":""},"class_list":["post-182","page","type-page","status-publish","hentry"],"yoast_head":"<!-- This site is optimized with the Yoast SEO plugin v25.5 - https:\/\/yoast.com\/wordpress\/plugins\/seo\/ -->\n<title>Com funciona un sistema d&#039;aspiraci\u00f3 centralitzat - Cyclovac<\/title>\n<meta name=\"description\" content=\"El sistema d&#039;aspiraci\u00f3 centralitzat Cyclo Vac es mes potent que un aspirador port\u00e0til, l\u2019aspirador central Cyclo Vac us permet netejar efica\u00e7ment i en profunditat.\" \/>\n<meta name=\"robots\" content=\"index, follow, max-snippet:-1, max-image-preview:large, max-video-preview:-1\" \/>\n<link rel=\"canonical\" href=\"https:\/\/cyclovac.cat\/es\/informacio-sobre-el-sistema-aspiraco-centralitzat\/\" \/>\n<meta property=\"og:locale\" content=\"es_ES\" \/>\n<meta property=\"og:type\" content=\"article\" \/>\n<meta property=\"og:title\" content=\"Com funciona un sistema d&#039;aspiraci\u00f3 centralitzat - Cyclovac\" \/>\n<meta property=\"og:description\" content=\"El sistema d&#039;aspiraci\u00f3 centralitzat Cyclo Vac es mes potent que un aspirador port\u00e0til, l\u2019aspirador central Cyclo Vac us permet netejar efica\u00e7ment i en profunditat.\" \/>\n<meta property=\"og:url\" content=\"https:\/\/cyclovac.cat\/es\/informacio-sobre-el-sistema-aspiraco-centralitzat\/\" \/>\n<meta property=\"og:site_name\" content=\"Cyclovac\" \/>\n<meta property=\"article:modified_time\" content=\"2026-01-12T10:02:27+00:00\" \/>\n<meta property=\"og:image\" content=\"https:\/\/cyclovac.cat\/wp-content\/uploads\/2025\/06\/1-1.jpg\" \/>\n\t<meta property=\"og:image:width\" content=\"900\" \/>\n\t<meta property=\"og:image:height\" content=\"600\" \/>\n\t<meta property=\"og:image:type\" content=\"image\/jpeg\" \/>\n<meta name=\"twitter:card\" content=\"summary_large_image\" \/>\n<script type=\"application\/ld+json\" class=\"yoast-schema-graph\">{\"@context\":\"https:\/\/schema.org\",\"@graph\":[{\"@type\":\"WebPage\",\"@id\":\"https:\/\/cyclovac.cat\/informacio-sobre-el-sistema-aspiraco-centralitzat\/\",\"url\":\"https:\/\/cyclovac.cat\/informacio-sobre-el-sistema-aspiraco-centralitzat\/\",\"name\":\"Com funciona un sistema d'aspiraci\u00f3 centralitzat - Cyclovac\",\"isPartOf\":{\"@id\":\"https:\/\/cyclovac.cat\/#website\"},\"primaryImageOfPage\":{\"@id\":\"https:\/\/cyclovac.cat\/informacio-sobre-el-sistema-aspiraco-centralitzat\/#primaryimage\"},\"image\":{\"@id\":\"https:\/\/cyclovac.cat\/informacio-sobre-el-sistema-aspiraco-centralitzat\/#primaryimage\"},\"thumbnailUrl\":\"https:\/\/cyclovac.cat\/wp-content\/uploads\/2025\/06\/1-1.jpg\",\"datePublished\":\"2025-06-12T10:04:23+00:00\",\"dateModified\":\"2026-01-12T10:02:27+00:00\",\"description\":\"El sistema d'aspiraci\u00f3 centralitzat Cyclo Vac es mes potent que un aspirador port\u00e0til, l\u2019aspirador central Cyclo Vac us permet netejar efica\u00e7ment i en profunditat.\",\"breadcrumb\":{\"@id\":\"https:\/\/cyclovac.cat\/informacio-sobre-el-sistema-aspiraco-centralitzat\/#breadcrumb\"},\"inLanguage\":\"es\",\"potentialAction\":[{\"@type\":\"ReadAction\",\"target\":[\"https:\/\/cyclovac.cat\/informacio-sobre-el-sistema-aspiraco-centralitzat\/\"]}]},{\"@type\":\"ImageObject\",\"inLanguage\":\"es\",\"@id\":\"https:\/\/cyclovac.cat\/informacio-sobre-el-sistema-aspiraco-centralitzat\/#primaryimage\",\"url\":\"https:\/\/cyclovac.cat\/wp-content\/uploads\/2025\/06\/1-1.jpg\",\"contentUrl\":\"https:\/\/cyclovac.cat\/wp-content\/uploads\/2025\/06\/1-1.jpg\"},{\"@type\":\"BreadcrumbList\",\"@id\":\"https:\/\/cyclovac.cat\/informacio-sobre-el-sistema-aspiraco-centralitzat\/#breadcrumb\",\"itemListElement\":[{\"@type\":\"ListItem\",\"position\":1,\"name\":\"Inici\",\"item\":\"https:\/\/cyclovac.cat\/\"},{\"@type\":\"ListItem\",\"position\":2,\"name\":\"Com funciona un sistema d&#8217;aspiraci\u00f3 centralitzat\"}]},{\"@type\":\"WebSite\",\"@id\":\"https:\/\/cyclovac.cat\/#website\",\"url\":\"https:\/\/cyclovac.cat\/\",\"name\":\"Cyclovac\",\"description\":\"Amb m\u00e9s de 60 anys d\u2019excel\u00b7l\u00e8ncia, Cyclovac dissenya i fabrica al Canad\u00e0 sistemes d\u2019aspiraci\u00f3 central potents, silenciosos i duradors, amb garanties exclusives de 10 a 25 anys. Gr\u00e0cies a una recerca i desenvolupament continus, oferim solucions a mida que milloren la qualitat de l\u2019aire interior i faciliten la neteja di\u00e0ria. La nostra xarxa global de professionals especialitzats garanteix una instal\u00b7laci\u00f3 i un servei t\u00e8cnic \u00f2ptims, adaptats a les necessitats de cada llar.\",\"publisher\":{\"@id\":\"https:\/\/cyclovac.cat\/#organization\"},\"potentialAction\":[{\"@type\":\"SearchAction\",\"target\":{\"@type\":\"EntryPoint\",\"urlTemplate\":\"https:\/\/cyclovac.cat\/?s={search_term_string}\"},\"query-input\":{\"@type\":\"PropertyValueSpecification\",\"valueRequired\":true,\"valueName\":\"search_term_string\"}}],\"inLanguage\":\"es\"},{\"@type\":\"Organization\",\"@id\":\"https:\/\/cyclovac.cat\/#organization\",\"name\":\"Cyclovac\",\"url\":\"https:\/\/cyclovac.cat\/\",\"logo\":{\"@type\":\"ImageObject\",\"inLanguage\":\"es\",\"@id\":\"https:\/\/cyclovac.cat\/#\/schema\/logo\/image\/\",\"url\":\"https:\/\/cyclovac.cat\/wp-content\/uploads\/2025\/06\/cyclovac-logo.png\",\"contentUrl\":\"https:\/\/cyclovac.cat\/wp-content\/uploads\/2025\/06\/cyclovac-logo.png\",\"width\":303,\"height\":57,\"caption\":\"Cyclovac\"},\"image\":{\"@id\":\"https:\/\/cyclovac.cat\/#\/schema\/logo\/image\/\"}}]}<\/script>\n<!-- \/ Yoast SEO plugin. -->","yoast_head_json":{"title":"Com funciona un sistema d'aspiraci\u00f3 centralitzat - Cyclovac","description":"El sistema d'aspiraci\u00f3 centralitzat Cyclo Vac es mes potent que un aspirador port\u00e0til, l\u2019aspirador central Cyclo Vac us permet netejar efica\u00e7ment i en profunditat.","robots":{"index":"index","follow":"follow","max-snippet":"max-snippet:-1","max-image-preview":"max-image-preview:large","max-video-preview":"max-video-preview:-1"},"canonical":"https:\/\/cyclovac.cat\/es\/informacio-sobre-el-sistema-aspiraco-centralitzat\/","og_locale":"es_ES","og_type":"article","og_title":"Com funciona un sistema d'aspiraci\u00f3 centralitzat - Cyclovac","og_description":"El sistema d'aspiraci\u00f3 centralitzat Cyclo Vac es mes potent que un aspirador port\u00e0til, l\u2019aspirador central Cyclo Vac us permet netejar efica\u00e7ment i en profunditat.","og_url":"https:\/\/cyclovac.cat\/es\/informacio-sobre-el-sistema-aspiraco-centralitzat\/","og_site_name":"Cyclovac","article_modified_time":"2026-01-12T10:02:27+00:00","og_image":[{"width":900,"height":600,"url":"https:\/\/cyclovac.cat\/wp-content\/uploads\/2025\/06\/1-1.jpg","type":"image\/jpeg"}],"twitter_card":"summary_large_image","schema":{"@context":"https:\/\/schema.org","@graph":[{"@type":"WebPage","@id":"https:\/\/cyclovac.cat\/informacio-sobre-el-sistema-aspiraco-centralitzat\/","url":"https:\/\/cyclovac.cat\/informacio-sobre-el-sistema-aspiraco-centralitzat\/","name":"Com funciona un sistema d'aspiraci\u00f3 centralitzat - Cyclovac","isPartOf":{"@id":"https:\/\/cyclovac.cat\/#website"},"primaryImageOfPage":{"@id":"https:\/\/cyclovac.cat\/informacio-sobre-el-sistema-aspiraco-centralitzat\/#primaryimage"},"image":{"@id":"https:\/\/cyclovac.cat\/informacio-sobre-el-sistema-aspiraco-centralitzat\/#primaryimage"},"thumbnailUrl":"https:\/\/cyclovac.cat\/wp-content\/uploads\/2025\/06\/1-1.jpg","datePublished":"2025-06-12T10:04:23+00:00","dateModified":"2026-01-12T10:02:27+00:00","description":"El sistema d'aspiraci\u00f3 centralitzat Cyclo Vac es mes potent que un aspirador port\u00e0til, l\u2019aspirador central Cyclo Vac us permet netejar efica\u00e7ment i en profunditat.","breadcrumb":{"@id":"https:\/\/cyclovac.cat\/informacio-sobre-el-sistema-aspiraco-centralitzat\/#breadcrumb"},"inLanguage":"es","potentialAction":[{"@type":"ReadAction","target":["https:\/\/cyclovac.cat\/informacio-sobre-el-sistema-aspiraco-centralitzat\/"]}]},{"@type":"ImageObject","inLanguage":"es","@id":"https:\/\/cyclovac.cat\/informacio-sobre-el-sistema-aspiraco-centralitzat\/#primaryimage","url":"https:\/\/cyclovac.cat\/wp-content\/uploads\/2025\/06\/1-1.jpg","contentUrl":"https:\/\/cyclovac.cat\/wp-content\/uploads\/2025\/06\/1-1.jpg"},{"@type":"BreadcrumbList","@id":"https:\/\/cyclovac.cat\/informacio-sobre-el-sistema-aspiraco-centralitzat\/#breadcrumb","itemListElement":[{"@type":"ListItem","position":1,"name":"Inici","item":"https:\/\/cyclovac.cat\/"},{"@type":"ListItem","position":2,"name":"Com funciona un sistema d&#8217;aspiraci\u00f3 centralitzat"}]},{"@type":"WebSite","@id":"https:\/\/cyclovac.cat\/#website","url":"https:\/\/cyclovac.cat\/","name":"Cyclovac","description":"Amb m\u00e9s de 60 anys d\u2019excel\u00b7l\u00e8ncia, Cyclovac dissenya i fabrica al Canad\u00e0 sistemes d\u2019aspiraci\u00f3 central potents, silenciosos i duradors, amb garanties exclusives de 10 a 25 anys. Gr\u00e0cies a una recerca i desenvolupament continus, oferim solucions a mida que milloren la qualitat de l\u2019aire interior i faciliten la neteja di\u00e0ria. La nostra xarxa global de professionals especialitzats garanteix una instal\u00b7laci\u00f3 i un servei t\u00e8cnic \u00f2ptims, adaptats a les necessitats de cada llar.","publisher":{"@id":"https:\/\/cyclovac.cat\/#organization"},"potentialAction":[{"@type":"SearchAction","target":{"@type":"EntryPoint","urlTemplate":"https:\/\/cyclovac.cat\/?s={search_term_string}"},"query-input":{"@type":"PropertyValueSpecification","valueRequired":true,"valueName":"search_term_string"}}],"inLanguage":"es"},{"@type":"Organization","@id":"https:\/\/cyclovac.cat\/#organization","name":"Cyclovac","url":"https:\/\/cyclovac.cat\/","logo":{"@type":"ImageObject","inLanguage":"es","@id":"https:\/\/cyclovac.cat\/#\/schema\/logo\/image\/","url":"https:\/\/cyclovac.cat\/wp-content\/uploads\/2025\/06\/cyclovac-logo.png","contentUrl":"https:\/\/cyclovac.cat\/wp-content\/uploads\/2025\/06\/cyclovac-logo.png","width":303,"height":57,"caption":"Cyclovac"},"image":{"@id":"https:\/\/cyclovac.cat\/#\/schema\/logo\/image\/"}}]}},"_links":{"self":[{"href":"https:\/\/cyclovac.cat\/es\/wp-json\/wp\/v2\/pages\/182","targetHints":{"allow":["GET"]}}],"collection":[{"href":"https:\/\/cyclovac.cat\/es\/wp-json\/wp\/v2\/pages"}],"about":[{"href":"https:\/\/cyclovac.cat\/es\/wp-json\/wp\/v2\/types\/page"}],"author":[{"embeddable":true,"href":"https:\/\/cyclovac.cat\/es\/wp-json\/wp\/v2\/users\/1"}],"replies":[{"embeddable":true,"href":"https:\/\/cyclovac.cat\/es\/wp-json\/wp\/v2\/comments?post=182"}],"version-history":[{"count":16,"href":"https:\/\/cyclovac.cat\/es\/wp-json\/wp\/v2\/pages\/182\/revisions"}],"predecessor-version":[{"id":763,"href":"https:\/\/cyclovac.cat\/es\/wp-json\/wp\/v2\/pages\/182\/revisions\/763"}],"wp:attachment":[{"href":"https:\/\/cyclovac.cat\/es\/wp-json\/wp\/v2\/media?parent=182"}],"curies":[{"name":"wp","href":"https:\/\/api.w.org\/{rel}","templated":true}]}}