{"id":186,"date":"2025-06-12T12:05:01","date_gmt":"2025-06-12T10:05:01","guid":{"rendered":"https:\/\/cyclovac.cat\/?page_id=186"},"modified":"2026-01-12T12:07:24","modified_gmt":"2026-01-12T10:07:24","slug":"informacio-daspiradors","status":"publish","type":"page","link":"https:\/\/cyclovac.cat\/es\/informacio-daspiradors\/","title":{"rendered":"Retraflex, la m\u00e1xima comodidad"},"content":{"rendered":"<div class=\"wp-block-cover alignfull is-light wp-duotone-unset-1\" style=\"margin-top:0;padding-top:48px;padding-right:48px;padding-bottom:48px;padding-left:48px;min-height:66vh;aspect-ratio:unset;\"><img loading=\"lazy\" decoding=\"async\" width=\"2362\" height=\"2392\" class=\"wp-block-cover__image-background wp-image-805 size-full\" alt=\"\" src=\"https:\/\/cyclovac.cat\/wp-content\/uploads\/2025\/08\/Sin-titulo-2.jpg\" style=\"object-position:82% 9%\" data-object-fit=\"cover\" data-object-position=\"82% 9%\" srcset=\"https:\/\/cyclovac.cat\/wp-content\/uploads\/2025\/08\/Sin-titulo-2.jpg 2362w, https:\/\/cyclovac.cat\/wp-content\/uploads\/2025\/08\/Sin-titulo-2-296x300.jpg 296w, https:\/\/cyclovac.cat\/wp-content\/uploads\/2025\/08\/Sin-titulo-2-1011x1024.jpg 1011w, https:\/\/cyclovac.cat\/wp-content\/uploads\/2025\/08\/Sin-titulo-2-768x778.jpg 768w, https:\/\/cyclovac.cat\/wp-content\/uploads\/2025\/08\/Sin-titulo-2-1517x1536.jpg 1517w, https:\/\/cyclovac.cat\/wp-content\/uploads\/2025\/08\/Sin-titulo-2-2022x2048.jpg 2022w, https:\/\/cyclovac.cat\/wp-content\/uploads\/2025\/08\/Sin-titulo-2-600x608.jpg 600w, https:\/\/cyclovac.cat\/wp-content\/uploads\/2025\/08\/Sin-titulo-2-100x100.jpg 100w\" sizes=\"auto, (max-width: 2362px) 100vw, 2362px\" \/><span aria-hidden=\"true\" class=\"wp-block-cover__background has-background-dim-30 has-background-dim\" style=\"background-color:#f6f7f8\"><\/span><div class=\"wp-block-cover__inner-container is-layout-flow wp-block-cover-is-layout-flow\">\n<div class=\"wp-block-group has-global-padding is-content-justification-left is-layout-constrained wp-container-core-group-is-layout-0b562c1c wp-block-group-is-layout-constrained\">\n<h2 class=\"wp-block-heading has-text-align-left has-contrast-color has-text-color has-link-color wp-elements-5308fec5315b0ebc6f3a015609158891\" style=\"font-size:clamp(50.171px, 3.136rem + ((1vw - 3.2px) * 4.614), 100px);font-style:normal;font-weight:700;letter-spacing:0px;line-height:1;text-transform:uppercase\"><strong>\u00a1UNA MANGUERA POTENTE QUE SIEMPRE EST\u00c1 A MANO!<\/strong><\/h2>\n<\/div>\n<\/div><\/div>\n\n\n\n<div class=\"wp-block-columns is-layout-flex wp-container-core-columns-is-layout-28f84493 wp-block-columns-is-layout-flex\">\n<div class=\"wp-block-column is-vertically-aligned-center is-layout-flow wp-block-column-is-layout-flow\">\n<p class=\"has-text-align-center\"><strong>La manguera Retraflex se guarda dentro de la red de tuber\u00edas, por lo que queda completamente invisible y puede instalarse dentro de armarios o paredes dobladas.<\/strong><\/p>\n\n\n\n<p class=\"has-text-align-center\">Un innovador sistema en el que solo hay que tirar<\/p>\n\n\n\n<h2 class=\"wp-block-heading has-text-align-center\"><kbd><code><strong>\u00a1Se activa en un solo paso!<\/strong><\/code><\/kbd><\/h2>\n\n\n\n<p class=\"has-text-align-center\">Se activa autom\u00e1ticamente cuando se tira de la palanca.<\/p>\n\n\n\n<p class=\"has-text-align-center\">La empu\u00f1adura es ergon\u00f3mica y f\u00e1cil de usar<\/p>\n<\/div>\n\n\n\n<div class=\"wp-block-column is-layout-flow wp-block-column-is-layout-flow\">\n<div class=\"wp-block-getwid-media-text-slider wp-block-getwid-media-text-slider--current-slide-1 has-arrows-outside has-dots-outside\" data-labels=\"[&quot;Slide 1&quot;,&quot;Slide 2&quot;,&quot;Slide 3&quot;,&quot;Diapositiva 4&quot;,&quot;Diapositiva 5&quot;]\" data-animation=\"fadeIn\" data-duration=\"1500ms\" data-delay=\"0ms\"><div class=\"wp-block-getwid-media-text-slider__slides-wrapper\"><div class=\"wp-block-getwid-media-text-slider__content\" data-slide-autoplay=\"false\" data-slide-pause-on-hover=\"true\" data-slide-autoplay-speed=\"5000\" data-slide-speed=\"1000\" data-infinite=\"true\">\n<div style=\"min-height:600px\" class=\"wp-block-getwid-media-text-slider-slide wp-block-getwid-media-text-slider-slide__content-wrapper slide-1\"><div style=\"min-height:600px;justify-content:flex-start;align-items:flex-end\" class=\"wp-block-getwid-media-text-slider-slide__content\">\n<div class=\"wp-block-getwid-media-text-slider-slide-content\"><figure class=\"wp-block-getwid-media-text-slider-slide-content__media\"><img loading=\"lazy\" decoding=\"async\" width=\"290\" height=\"290\" src=\"https:\/\/cyclovac.cat\/wp-content\/uploads\/2025\/08\/retraflex_step1.jpg\" alt=\"\" class=\"wp-block-getwid-media-text-slider-slide-content__image wp-image-785\" srcset=\"https:\/\/cyclovac.cat\/wp-content\/uploads\/2025\/08\/retraflex_step1.jpg 290w, https:\/\/cyclovac.cat\/wp-content\/uploads\/2025\/08\/retraflex_step1-150x150.jpg 150w, https:\/\/cyclovac.cat\/wp-content\/uploads\/2025\/08\/retraflex_step1-100x100.jpg 100w\" sizes=\"auto, (max-width: 290px) 100vw, 290px\" \/><div class=\"wp-block-getwid-media-text-slider-slide-content__media-overlay\" style=\"opacity:0\"><\/div><\/figure><div class=\"wp-block-getwid-media-text-slider-slide-content__content\" style=\"color:#75191b\"><div class=\"wp-block-getwid-media-text-slider-slide-content__content-wrapper\">\n<h2 class=\"wp-block-heading\"><\/h2>\n\n\n\n<p style=\"font-size:clamp(16.293px, 1.018rem + ((1vw - 3.2px) * 0.806), 25px);\">Utilice \u00fanicamente la longitud de manguera necesaria y coloque los accesorios que haya elegido.<\/p>\n<\/div><\/div><\/div>\n<\/div><\/div>\n\n\n\n<div style=\"min-height:600px\" class=\"wp-block-getwid-media-text-slider-slide wp-block-getwid-media-text-slider-slide__content-wrapper slide-2\"><div style=\"min-height:600px;justify-content:flex-start;align-items:flex-end\" class=\"wp-block-getwid-media-text-slider-slide__content\">\n<div class=\"wp-block-getwid-media-text-slider-slide-content\"><figure class=\"wp-block-getwid-media-text-slider-slide-content__media\"><img loading=\"lazy\" decoding=\"async\" width=\"290\" height=\"290\" src=\"https:\/\/cyclovac.cat\/wp-content\/uploads\/2025\/08\/retraflex_step2.jpg\" alt=\"\" class=\"wp-block-getwid-media-text-slider-slide-content__image wp-image-787\" srcset=\"https:\/\/cyclovac.cat\/wp-content\/uploads\/2025\/08\/retraflex_step2.jpg 290w, https:\/\/cyclovac.cat\/wp-content\/uploads\/2025\/08\/retraflex_step2-150x150.jpg 150w, https:\/\/cyclovac.cat\/wp-content\/uploads\/2025\/08\/retraflex_step2-100x100.jpg 100w\" sizes=\"auto, (max-width: 290px) 100vw, 290px\" \/><div class=\"wp-block-getwid-media-text-slider-slide-content__media-overlay\" style=\"opacity:0\"><\/div><\/figure><div class=\"wp-block-getwid-media-text-slider-slide-content__content\" style=\"color:#75191b\"><div class=\"wp-block-getwid-media-text-slider-slide-content__content-wrapper\">\n<h2 class=\"wp-block-heading\"><\/h2>\n\n\n\n<p style=\"font-size:clamp(16.293px, 1.018rem + ((1vw - 3.2px) * 0.806), 25px);\">Estireu la palanca negra per bloquejar la m\u00e0nega i premeu el bot\u00f3 vermell per comen\u00e7ar l\u2019aspiraci\u00f3.<\/p>\n<\/div><\/div><\/div>\n<\/div><\/div>\n\n\n\n<div style=\"min-height:600px\" class=\"wp-block-getwid-media-text-slider-slide wp-block-getwid-media-text-slider-slide__content-wrapper slide-3\"><div style=\"min-height:600px;justify-content:flex-start;align-items:flex-end\" class=\"wp-block-getwid-media-text-slider-slide__content\">\n<div class=\"wp-block-getwid-media-text-slider-slide-content\"><figure class=\"wp-block-getwid-media-text-slider-slide-content__media\"><img loading=\"lazy\" decoding=\"async\" width=\"290\" height=\"290\" src=\"https:\/\/cyclovac.cat\/wp-content\/uploads\/2025\/08\/retraflex_step3.jpg\" alt=\"\" class=\"wp-block-getwid-media-text-slider-slide-content__image wp-image-789\" srcset=\"https:\/\/cyclovac.cat\/wp-content\/uploads\/2025\/08\/retraflex_step3.jpg 290w, https:\/\/cyclovac.cat\/wp-content\/uploads\/2025\/08\/retraflex_step3-150x150.jpg 150w, https:\/\/cyclovac.cat\/wp-content\/uploads\/2025\/08\/retraflex_step3-100x100.jpg 100w\" sizes=\"auto, (max-width: 290px) 100vw, 290px\" \/><div class=\"wp-block-getwid-media-text-slider-slide-content__media-overlay\" style=\"opacity:0\"><\/div><\/figure><div class=\"wp-block-getwid-media-text-slider-slide-content__content\" style=\"color:#75191b\"><div class=\"wp-block-getwid-media-text-slider-slide-content__content-wrapper\">\n<h2 class=\"wp-block-heading\"><\/h2>\n\n\n\n<p style=\"font-size:clamp(16.293px, 1.018rem + ((1vw - 3.2px) * 0.806), 25px);\">Empenyeu cap a dins la palanca negra per desbloquejar la m\u00e0nega.<\/p>\n<\/div><\/div><\/div>\n<\/div><\/div>\n\n\n\n<div style=\"min-height:600px\" class=\"wp-block-getwid-media-text-slider-slide wp-block-getwid-media-text-slider-slide__content-wrapper slide-4\"><div style=\"min-height:600px;justify-content:flex-start;align-items:flex-end\" class=\"wp-block-getwid-media-text-slider-slide__content\">\n<div class=\"wp-block-getwid-media-text-slider-slide-content\"><figure class=\"wp-block-getwid-media-text-slider-slide-content__media\"><img loading=\"lazy\" decoding=\"async\" width=\"290\" height=\"290\" src=\"https:\/\/cyclovac.cat\/wp-content\/uploads\/2025\/08\/retraflex_step4.jpg\" alt=\"\" class=\"wp-block-getwid-media-text-slider-slide-content__image wp-image-790\" srcset=\"https:\/\/cyclovac.cat\/wp-content\/uploads\/2025\/08\/retraflex_step4.jpg 290w, https:\/\/cyclovac.cat\/wp-content\/uploads\/2025\/08\/retraflex_step4-150x150.jpg 150w, https:\/\/cyclovac.cat\/wp-content\/uploads\/2025\/08\/retraflex_step4-100x100.jpg 100w\" sizes=\"auto, (max-width: 290px) 100vw, 290px\" \/><div class=\"wp-block-getwid-media-text-slider-slide-content__media-overlay\" style=\"opacity:0\"><\/div><\/figure><div class=\"wp-block-getwid-media-text-slider-slide-content__content\" style=\"color:#75191b\"><div class=\"wp-block-getwid-media-text-slider-slide-content__content-wrapper\">\n<h2 class=\"wp-block-heading\"><\/h2>\n\n\n\n<p style=\"font-size:clamp(16.293px, 1.018rem + ((1vw - 3.2px) * 0.806), 25px);\">Traieu l\u2019empunyadura i els accessoris, i a continuaci\u00f3 posar la m\u00e0 sobre la boca de la m\u00e0nega perqu\u00e8 es reculli autom\u00e0ticament.<\/p>\n<\/div><\/div><\/div>\n<\/div><\/div>\n\n\n\n<div style=\"min-height:600px\" class=\"wp-block-getwid-media-text-slider-slide wp-block-getwid-media-text-slider-slide__content-wrapper slide-5\"><div style=\"min-height:600px;justify-content:flex-start;align-items:flex-end\" class=\"wp-block-getwid-media-text-slider-slide__content\">\n<div class=\"wp-block-getwid-media-text-slider-slide-content\"><figure class=\"wp-block-getwid-media-text-slider-slide-content__media\"><img loading=\"lazy\" decoding=\"async\" width=\"290\" height=\"290\" src=\"https:\/\/cyclovac.cat\/wp-content\/uploads\/2025\/08\/retraflex_step5.jpg\" alt=\"\" class=\"wp-block-getwid-media-text-slider-slide-content__image wp-image-791\" srcset=\"https:\/\/cyclovac.cat\/wp-content\/uploads\/2025\/08\/retraflex_step5.jpg 290w, https:\/\/cyclovac.cat\/wp-content\/uploads\/2025\/08\/retraflex_step5-150x150.jpg 150w, https:\/\/cyclovac.cat\/wp-content\/uploads\/2025\/08\/retraflex_step5-100x100.jpg 100w\" sizes=\"auto, (max-width: 290px) 100vw, 290px\" \/><div class=\"wp-block-getwid-media-text-slider-slide-content__media-overlay\" style=\"opacity:0\"><\/div><\/figure><div class=\"wp-block-getwid-media-text-slider-slide-content__content\" style=\"color:#75191b\"><div class=\"wp-block-getwid-media-text-slider-slide-content__content-wrapper\">\n<h2 class=\"wp-block-heading\"><\/h2>\n\n\n\n<p class=\"has-primary-color has-text-color has-link-color wp-elements-e9ed2dfb0650612b065031434642cf6e\" style=\"font-size:clamp(16.293px, 1.018rem + ((1vw - 3.2px) * 0.806), 25px);\">Tanqueu la porta Retraflex per aturar l\u2019aspiraci\u00f3.<\/p>\n<\/div><\/div><\/div>\n<\/div><\/div>\n<\/div><\/div><\/div>\n<\/div>\n<\/div>\n\n\n\n<figure class=\"wp-block-video\"><video height=\"720\" style=\"aspect-ratio: 1280 \/ 720;\" width=\"1280\" controls src=\"https:\/\/cyclovac.cat\/wp-content\/uploads\/2025\/08\/Retraflex-retractable-hose.mp4\"><\/video><\/figure>\n\n\n\n<p><\/p>","protected":false},"excerpt":{"rendered":"<p>La m\u00e0nega Retraflex es guarda dins de la xarxa de canonades, per tant queda completament invisible i es pot instal\u00b7lar dins d\u2019armaris o parets doblegades. Un innovador sistema en qu\u00e8 nom\u00e9s cal estirar \u00a1S\u2019activa en un sol pas! S\u2019activa autom\u00e0ticament quan s\u2019estira la palanca. L\u2019empunyadura \u00e9s ergon\u00f2mica i f\u00e0cil de fer servir<\/p>","protected":false},"author":1,"featured_media":0,"parent":0,"menu_order":0,"comment_status":"closed","ping_status":"closed","template":"","meta":{"footnotes":""},"class_list":["post-186","page","type-page","status-publish","hentry"],"yoast_head":"<!-- This site is optimized with the Yoast SEO plugin v25.5 - https:\/\/yoast.com\/wordpress\/plugins\/seo\/ -->\n<title>Retraflex, la m\u00e0xima comoditat - Cyclovac<\/title>\n<meta name=\"description\" content=\"La m\u00e0nega Retraflex es guarda dins de la xarxa de canonades, per tant queda completament invisible i es pot instal\u00b7lar dins d\u2019armaris o parets doblegades.\" \/>\n<meta name=\"robots\" content=\"index, follow, max-snippet:-1, max-image-preview:large, max-video-preview:-1\" \/>\n<link rel=\"canonical\" href=\"https:\/\/cyclovac.cat\/es\/informacio-daspiradors\/\" \/>\n<meta property=\"og:locale\" content=\"es_ES\" \/>\n<meta property=\"og:type\" content=\"article\" \/>\n<meta property=\"og:title\" content=\"Retraflex, la m\u00e0xima comoditat - Cyclovac\" \/>\n<meta property=\"og:description\" content=\"La m\u00e0nega Retraflex es guarda dins de la xarxa de canonades, per tant queda completament invisible i es pot instal\u00b7lar dins d\u2019armaris o parets doblegades.\" \/>\n<meta property=\"og:url\" content=\"https:\/\/cyclovac.cat\/es\/informacio-daspiradors\/\" \/>\n<meta property=\"og:site_name\" content=\"Cyclovac\" \/>\n<meta property=\"article:modified_time\" content=\"2026-01-12T10:07:24+00:00\" \/>\n<meta property=\"og:image\" content=\"https:\/\/cyclovac.cat\/wp-content\/uploads\/2025\/08\/Sin-titulo-2.jpg\" \/>\n\t<meta property=\"og:image:width\" content=\"2362\" \/>\n\t<meta property=\"og:image:height\" content=\"2392\" \/>\n\t<meta property=\"og:image:type\" content=\"image\/jpeg\" \/>\n<meta name=\"twitter:card\" content=\"summary_large_image\" \/>\n<meta name=\"twitter:label1\" content=\"Tiempo de lectura\" \/>\n\t<meta name=\"twitter:data1\" content=\"2 minutos\" \/>\n<script type=\"application\/ld+json\" class=\"yoast-schema-graph\">{\"@context\":\"https:\/\/schema.org\",\"@graph\":[{\"@type\":\"WebPage\",\"@id\":\"https:\/\/cyclovac.cat\/informacio-daspiradors\/\",\"url\":\"https:\/\/cyclovac.cat\/informacio-daspiradors\/\",\"name\":\"Retraflex, la m\u00e0xima comoditat - Cyclovac\",\"isPartOf\":{\"@id\":\"https:\/\/cyclovac.cat\/#website\"},\"primaryImageOfPage\":{\"@id\":\"https:\/\/cyclovac.cat\/informacio-daspiradors\/#primaryimage\"},\"image\":{\"@id\":\"https:\/\/cyclovac.cat\/informacio-daspiradors\/#primaryimage\"},\"thumbnailUrl\":\"https:\/\/cyclovac.cat\/wp-content\/uploads\/2025\/08\/Sin-titulo-2.jpg\",\"datePublished\":\"2025-06-12T10:05:01+00:00\",\"dateModified\":\"2026-01-12T10:07:24+00:00\",\"description\":\"La m\u00e0nega Retraflex es guarda dins de la xarxa de canonades, per tant queda completament invisible i es pot instal\u00b7lar dins d\u2019armaris o parets doblegades.\",\"breadcrumb\":{\"@id\":\"https:\/\/cyclovac.cat\/informacio-daspiradors\/#breadcrumb\"},\"inLanguage\":\"es\",\"potentialAction\":[{\"@type\":\"ReadAction\",\"target\":[\"https:\/\/cyclovac.cat\/informacio-daspiradors\/\"]}]},{\"@type\":\"ImageObject\",\"inLanguage\":\"es\",\"@id\":\"https:\/\/cyclovac.cat\/informacio-daspiradors\/#primaryimage\",\"url\":\"https:\/\/cyclovac.cat\/wp-content\/uploads\/2025\/08\/Sin-titulo-2.jpg\",\"contentUrl\":\"https:\/\/cyclovac.cat\/wp-content\/uploads\/2025\/08\/Sin-titulo-2.jpg\"},{\"@type\":\"BreadcrumbList\",\"@id\":\"https:\/\/cyclovac.cat\/informacio-daspiradors\/#breadcrumb\",\"itemListElement\":[{\"@type\":\"ListItem\",\"position\":1,\"name\":\"Inici\",\"item\":\"https:\/\/cyclovac.cat\/\"},{\"@type\":\"ListItem\",\"position\":2,\"name\":\"Retraflex, la m\u00e0xima comoditat\"}]},{\"@type\":\"WebSite\",\"@id\":\"https:\/\/cyclovac.cat\/#website\",\"url\":\"https:\/\/cyclovac.cat\/\",\"name\":\"Cyclovac\",\"description\":\"Amb m\u00e9s de 60 anys d\u2019excel\u00b7l\u00e8ncia, Cyclovac dissenya i fabrica al Canad\u00e0 sistemes d\u2019aspiraci\u00f3 central potents, silenciosos i duradors, amb garanties exclusives de 10 a 25 anys. Gr\u00e0cies a una recerca i desenvolupament continus, oferim solucions a mida que milloren la qualitat de l\u2019aire interior i faciliten la neteja di\u00e0ria. La nostra xarxa global de professionals especialitzats garanteix una instal\u00b7laci\u00f3 i un servei t\u00e8cnic \u00f2ptims, adaptats a les necessitats de cada llar.\",\"publisher\":{\"@id\":\"https:\/\/cyclovac.cat\/#organization\"},\"potentialAction\":[{\"@type\":\"SearchAction\",\"target\":{\"@type\":\"EntryPoint\",\"urlTemplate\":\"https:\/\/cyclovac.cat\/?s={search_term_string}\"},\"query-input\":{\"@type\":\"PropertyValueSpecification\",\"valueRequired\":true,\"valueName\":\"search_term_string\"}}],\"inLanguage\":\"es\"},{\"@type\":\"Organization\",\"@id\":\"https:\/\/cyclovac.cat\/#organization\",\"name\":\"Cyclovac\",\"url\":\"https:\/\/cyclovac.cat\/\",\"logo\":{\"@type\":\"ImageObject\",\"inLanguage\":\"es\",\"@id\":\"https:\/\/cyclovac.cat\/#\/schema\/logo\/image\/\",\"url\":\"https:\/\/cyclovac.cat\/wp-content\/uploads\/2025\/06\/cyclovac-logo.png\",\"contentUrl\":\"https:\/\/cyclovac.cat\/wp-content\/uploads\/2025\/06\/cyclovac-logo.png\",\"width\":303,\"height\":57,\"caption\":\"Cyclovac\"},\"image\":{\"@id\":\"https:\/\/cyclovac.cat\/#\/schema\/logo\/image\/\"}}]}<\/script>\n<!-- \/ Yoast SEO plugin. -->","yoast_head_json":{"title":"Retraflex, la m\u00e0xima comoditat - Cyclovac","description":"La manguera Retraflex se guarda dentro de la red de tuber\u00edas, por lo que queda completamente invisible y puede instalarse dentro de armarios o paredes dobladas.","robots":{"index":"index","follow":"follow","max-snippet":"max-snippet:-1","max-image-preview":"max-image-preview:large","max-video-preview":"max-video-preview:-1"},"canonical":"https:\/\/cyclovac.cat\/es\/informacio-daspiradors\/","og_locale":"es_ES","og_type":"article","og_title":"Retraflex, la m\u00e0xima comoditat - Cyclovac","og_description":"La m\u00e0nega Retraflex es guarda dins de la xarxa de canonades, per tant queda completament invisible i es pot instal\u00b7lar dins d\u2019armaris o parets doblegades.","og_url":"https:\/\/cyclovac.cat\/es\/informacio-daspiradors\/","og_site_name":"Cyclovac","article_modified_time":"2026-01-12T10:07:24+00:00","og_image":[{"width":2362,"height":2392,"url":"https:\/\/cyclovac.cat\/wp-content\/uploads\/2025\/08\/Sin-titulo-2.jpg","type":"image\/jpeg"}],"twitter_card":"summary_large_image","twitter_misc":{"Tiempo de lectura":"2 minutos"},"schema":{"@context":"https:\/\/schema.org","@graph":[{"@type":"WebPage","@id":"https:\/\/cyclovac.cat\/informacio-daspiradors\/","url":"https:\/\/cyclovac.cat\/informacio-daspiradors\/","name":"Retraflex, la m\u00e0xima comoditat - Cyclovac","isPartOf":{"@id":"https:\/\/cyclovac.cat\/#website"},"primaryImageOfPage":{"@id":"https:\/\/cyclovac.cat\/informacio-daspiradors\/#primaryimage"},"image":{"@id":"https:\/\/cyclovac.cat\/informacio-daspiradors\/#primaryimage"},"thumbnailUrl":"https:\/\/cyclovac.cat\/wp-content\/uploads\/2025\/08\/Sin-titulo-2.jpg","datePublished":"2025-06-12T10:05:01+00:00","dateModified":"2026-01-12T10:07:24+00:00","description":"La manguera Retraflex se guarda dentro de la red de tuber\u00edas, por lo que queda completamente invisible y puede instalarse dentro de armarios o paredes dobladas.","breadcrumb":{"@id":"https:\/\/cyclovac.cat\/informacio-daspiradors\/#breadcrumb"},"inLanguage":"es","potentialAction":[{"@type":"ReadAction","target":["https:\/\/cyclovac.cat\/informacio-daspiradors\/"]}]},{"@type":"ImageObject","inLanguage":"es","@id":"https:\/\/cyclovac.cat\/informacio-daspiradors\/#primaryimage","url":"https:\/\/cyclovac.cat\/wp-content\/uploads\/2025\/08\/Sin-titulo-2.jpg","contentUrl":"https:\/\/cyclovac.cat\/wp-content\/uploads\/2025\/08\/Sin-titulo-2.jpg"},{"@type":"BreadcrumbList","@id":"https:\/\/cyclovac.cat\/informacio-daspiradors\/#breadcrumb","itemListElement":[{"@type":"ListItem","position":1,"name":"Inici","item":"https:\/\/cyclovac.cat\/"},{"@type":"ListItem","position":2,"name":"Retraflex, la m\u00e0xima comoditat"}]},{"@type":"WebSite","@id":"https:\/\/cyclovac.cat\/#website","url":"https:\/\/cyclovac.cat\/","name":"Cyclovac","description":"Amb m\u00e9s de 60 anys d\u2019excel\u00b7l\u00e8ncia, Cyclovac dissenya i fabrica al Canad\u00e0 sistemes d\u2019aspiraci\u00f3 central potents, silenciosos i duradors, amb garanties exclusives de 10 a 25 anys. Gr\u00e0cies a una recerca i desenvolupament continus, oferim solucions a mida que milloren la qualitat de l\u2019aire interior i faciliten la neteja di\u00e0ria. La nostra xarxa global de professionals especialitzats garanteix una instal\u00b7laci\u00f3 i un servei t\u00e8cnic \u00f2ptims, adaptats a les necessitats de cada llar.","publisher":{"@id":"https:\/\/cyclovac.cat\/#organization"},"potentialAction":[{"@type":"SearchAction","target":{"@type":"EntryPoint","urlTemplate":"https:\/\/cyclovac.cat\/?s={search_term_string}"},"query-input":{"@type":"PropertyValueSpecification","valueRequired":true,"valueName":"search_term_string"}}],"inLanguage":"es"},{"@type":"Organization","@id":"https:\/\/cyclovac.cat\/#organization","name":"Cyclovac","url":"https:\/\/cyclovac.cat\/","logo":{"@type":"ImageObject","inLanguage":"es","@id":"https:\/\/cyclovac.cat\/#\/schema\/logo\/image\/","url":"https:\/\/cyclovac.cat\/wp-content\/uploads\/2025\/06\/cyclovac-logo.png","contentUrl":"https:\/\/cyclovac.cat\/wp-content\/uploads\/2025\/06\/cyclovac-logo.png","width":303,"height":57,"caption":"Cyclovac"},"image":{"@id":"https:\/\/cyclovac.cat\/#\/schema\/logo\/image\/"}}]}},"_links":{"self":[{"href":"https:\/\/cyclovac.cat\/es\/wp-json\/wp\/v2\/pages\/186","targetHints":{"allow":["GET"]}}],"collection":[{"href":"https:\/\/cyclovac.cat\/es\/wp-json\/wp\/v2\/pages"}],"about":[{"href":"https:\/\/cyclovac.cat\/es\/wp-json\/wp\/v2\/types\/page"}],"author":[{"embeddable":true,"href":"https:\/\/cyclovac.cat\/es\/wp-json\/wp\/v2\/users\/1"}],"replies":[{"embeddable":true,"href":"https:\/\/cyclovac.cat\/es\/wp-json\/wp\/v2\/comments?post=186"}],"version-history":[{"count":20,"href":"https:\/\/cyclovac.cat\/es\/wp-json\/wp\/v2\/pages\/186\/revisions"}],"predecessor-version":[{"id":819,"href":"https:\/\/cyclovac.cat\/es\/wp-json\/wp\/v2\/pages\/186\/revisions\/819"}],"wp:attachment":[{"href":"https:\/\/cyclovac.cat\/es\/wp-json\/wp\/v2\/media?parent=186"}],"curies":[{"name":"wp","href":"https:\/\/api.w.org\/{rel}","templated":true}]}}