{"id":8,"date":"2025-06-05T08:28:03","date_gmt":"2025-06-05T06:28:03","guid":{"rendered":"https:\/\/cyclovac.cat\/index.php\/cistella\/"},"modified":"2026-01-12T12:02:01","modified_gmt":"2026-01-12T10:02:01","slug":"cistella","status":"publish","type":"page","link":"https:\/\/cyclovac.cat\/es\/cistella\/","title":{"rendered":"Cistella"},"content":{"rendered":"<div data-block-name=\"woocommerce\/cart\" class=\"wp-block-woocommerce-cart alignwide is-loading\">\n<div data-block-name=\"woocommerce\/filled-cart-block\" class=\"wp-block-woocommerce-filled-cart-block\">\n<div data-block-name=\"woocommerce\/cart-items-block\" class=\"wp-block-woocommerce-cart-items-block\">\n<div data-block-name=\"woocommerce\/cart-line-items-block\" class=\"wp-block-woocommerce-cart-line-items-block\"><\/div>\n\n\n\n<div data-block-name=\"woocommerce\/cart-cross-sells-block\" class=\"wp-block-woocommerce-cart-cross-sells-block\">\n<h2 class=\"wp-block-heading has-large-font-size\">Us pot interessar\u2026<\/h2>\n\n\n\n<div data-block-name=\"woocommerce\/cart-cross-sells-products-block\" class=\"wp-block-woocommerce-cart-cross-sells-products-block\"><\/div>\n<\/div>\n<\/div>\n\n\n\n<div data-block-name=\"woocommerce\/cart-totals-block\" class=\"wp-block-woocommerce-cart-totals-block\">\n<div data-block-name=\"woocommerce\/cart-order-summary-block\" class=\"wp-block-woocommerce-cart-order-summary-block\">\n<div data-block-name=\"woocommerce\/cart-order-summary-heading-block\" class=\"wp-block-woocommerce-cart-order-summary-heading-block\"><\/div><div data-block-name=\"woocommerce\/cart-order-summary-coupon-form-block\" class=\"wp-block-woocommerce-cart-order-summary-coupon-form-block\"><\/div><div data-block-name=\"woocommerce\/cart-order-summary-totals-block\" class=\"wp-block-woocommerce-cart-order-summary-totals-block\">\n<div data-block-name=\"woocommerce\/cart-order-summary-subtotal-block\" class=\"wp-block-woocommerce-cart-order-summary-subtotal-block\"><\/div>\n<div data-block-name=\"woocommerce\/cart-order-summary-discount-block\" class=\"wp-block-woocommerce-cart-order-summary-discount-block\"><\/div>\n<div data-block-name=\"woocommerce\/cart-order-summary-fee-block\" class=\"wp-block-woocommerce-cart-order-summary-fee-block\"><\/div>\n<div data-block-name=\"woocommerce\/cart-order-summary-shipping-block\" class=\"wp-block-woocommerce-cart-order-summary-shipping-block\"><\/div>\n<div data-block-name=\"woocommerce\/cart-order-summary-taxes-block\" class=\"wp-block-woocommerce-cart-order-summary-taxes-block\"><\/div><\/div>\n<\/div>\n\n\n\n<div data-block-name=\"woocommerce\/cart-express-payment-block\" class=\"wp-block-woocommerce-cart-express-payment-block\"><\/div>\n\n\n\n<div data-block-name=\"woocommerce\/proceed-to-checkout-block\" class=\"wp-block-woocommerce-proceed-to-checkout-block\"><\/div>\n\n\n\n<div data-block-name=\"woocommerce\/cart-accepted-payment-methods-block\" class=\"wp-block-woocommerce-cart-accepted-payment-methods-block\"><\/div>\n<\/div>\n<\/div>\n\n\n\n<div data-block-name=\"woocommerce\/empty-cart-block\" class=\"wp-block-woocommerce-empty-cart-block\">\n<h2 class=\"wp-block-heading has-text-align-center with-empty-cart-icon wc-block-cart__empty-cart__title\">La cistella est\u00e0 buida actualment!<\/h2>\n\n\n\n<hr class=\"wp-block-separator has-alpha-channel-opacity is-style-dots\"\/>\n\n\n\n<h2 class=\"wp-block-heading has-text-align-center\">Nou a la botiga<\/h2>\n\n\n<div data-block-name=\"woocommerce\/product-new\" data-columns=\"4\" data-rows=\"1\" class=\"wc-block-grid wp-block-product-new wp-block-woocommerce-product-new wc-block-product-new has-4-columns\"><ul class=\"wc-block-grid__products\"><li class=\"wc-block-grid__product\">\n\t\t\t\t<a href=\"https:\/\/cyclovac.cat\/es\/producto\/placa-electronica-per-a-cyclovac-elerel21\/\" class=\"wc-block-grid__product-link\">\n\t\t\t\t\t\n\t\t\t\t\t<div class=\"wc-block-grid__product-image\"><img loading=\"lazy\" decoding=\"async\" width=\"300\" height=\"300\" src=\"https:\/\/cyclovac.cat\/wp-content\/uploads\/2025\/06\/ELEREL21-300x300.jpg\" class=\"attachment-woocommerce_thumbnail size-woocommerce_thumbnail\" alt=\"Placa Electr\u00f2nica per a CycloVac ELEREL21\" srcset=\"https:\/\/cyclovac.cat\/wp-content\/uploads\/2025\/06\/ELEREL21-300x300.jpg 300w, https:\/\/cyclovac.cat\/wp-content\/uploads\/2025\/06\/ELEREL21-150x150.jpg 150w, https:\/\/cyclovac.cat\/wp-content\/uploads\/2025\/06\/ELEREL21-100x100.jpg 100w\" sizes=\"auto, (max-width: 300px) 100vw, 300px\" \/><\/div>\n\t\t\t\t\t<div class=\"wc-block-grid__product-title\">Placa Electr\u00f2nica per a CycloVac ELEREL21<\/div>\n\t\t\t\t<\/a>\n\t\t\t\t<div class=\"wc-block-grid__product-price price\"><span class=\"woocommerce-Price-amount amount\">214,64&nbsp;<span class=\"woocommerce-Price-currencySymbol\">&euro;<\/span><\/span><\/div>\n\t\t\t\t\n\t\t\t\t<div class=\"wp-block-button wc-block-grid__product-add-to-cart\"><a href=\"?add-to-cart=591\" aria-label=\"A\u00f1adir al carrito: \u201cPlaca Electr\u00f2nica per a CycloVac ELEREL21\u201d\" data-quantity=\"1\" data-product_id=\"591\" data-product_sku=\"\" data-price=\"214.64\" rel=\"nofollow\" class=\"wp-block-button__link wp-element-button add_to_cart_button ajax_add_to_cart\" data-no-translation=\"\" data-trp-gettext=\"\" data-no-translation-aria-label=\"\">A\u00f1adir al carrito<\/a><\/div>\n\t\t\t<\/li><li class=\"wc-block-grid__product\">\n\t\t\t\t<a href=\"https:\/\/cyclovac.cat\/es\/producto\/placa-electronica-cyclovac-elerel61\/\" class=\"wc-block-grid__product-link\">\n\t\t\t\t\t\n\t\t\t\t\t<div class=\"wc-block-grid__product-image\"><img loading=\"lazy\" decoding=\"async\" width=\"300\" height=\"300\" src=\"https:\/\/cyclovac.cat\/wp-content\/uploads\/2025\/06\/ELEREL61-300x300.jpg\" class=\"attachment-woocommerce_thumbnail size-woocommerce_thumbnail\" alt=\"Placa Electr\u00f2nica CycloVac ELEREL61\" srcset=\"https:\/\/cyclovac.cat\/wp-content\/uploads\/2025\/06\/ELEREL61-300x300.jpg 300w, https:\/\/cyclovac.cat\/wp-content\/uploads\/2025\/06\/ELEREL61-150x150.jpg 150w, https:\/\/cyclovac.cat\/wp-content\/uploads\/2025\/06\/ELEREL61-100x100.jpg 100w\" sizes=\"auto, (max-width: 300px) 100vw, 300px\" \/><\/div>\n\t\t\t\t\t<div class=\"wc-block-grid__product-title\">Placa Electr\u00f2nica CycloVac ELEREL61<\/div>\n\t\t\t\t<\/a>\n\t\t\t\t<div class=\"wc-block-grid__product-price price\"><span class=\"woocommerce-Price-amount amount\">228,04&nbsp;<span class=\"woocommerce-Price-currencySymbol\">&euro;<\/span><\/span><\/div>\n\t\t\t\t\n\t\t\t\t<div class=\"wp-block-button wc-block-grid__product-add-to-cart\"><a href=\"?add-to-cart=589\" aria-label=\"A\u00f1adir al carrito: \u201cPlaca Electr\u00f2nica CycloVac ELEREL61\u201d\" data-quantity=\"1\" data-product_id=\"589\" data-product_sku=\"\" data-price=\"228.04\" rel=\"nofollow\" class=\"wp-block-button__link wp-element-button add_to_cart_button ajax_add_to_cart\" data-no-translation=\"\" data-trp-gettext=\"\" data-no-translation-aria-label=\"\">A\u00f1adir al carrito<\/a><\/div>\n\t\t\t<\/li><li class=\"wc-block-grid__product\">\n\t\t\t\t<a href=\"https:\/\/cyclovac.cat\/es\/producto\/placa-electronica-cyclovac-elerel45\/\" class=\"wc-block-grid__product-link\">\n\t\t\t\t\t\n\t\t\t\t\t<div class=\"wc-block-grid__product-image\"><img loading=\"lazy\" decoding=\"async\" width=\"300\" height=\"300\" src=\"https:\/\/cyclovac.cat\/wp-content\/uploads\/2025\/06\/ELEREL45-300x300.jpg\" class=\"attachment-woocommerce_thumbnail size-woocommerce_thumbnail\" alt=\"Placa Electr\u00f2nica CycloVac ELEREL45\" srcset=\"https:\/\/cyclovac.cat\/wp-content\/uploads\/2025\/06\/ELEREL45-300x300.jpg 300w, https:\/\/cyclovac.cat\/wp-content\/uploads\/2025\/06\/ELEREL45-150x150.jpg 150w, https:\/\/cyclovac.cat\/wp-content\/uploads\/2025\/06\/ELEREL45-100x100.jpg 100w\" sizes=\"auto, (max-width: 300px) 100vw, 300px\" \/><\/div>\n\t\t\t\t\t<div class=\"wc-block-grid__product-title\">Placa Electr\u00f2nica CycloVac ELEREL45<\/div>\n\t\t\t\t<\/a>\n\t\t\t\t<div class=\"wc-block-grid__product-price price\"><span class=\"woocommerce-Price-amount amount\">225,02&nbsp;<span class=\"woocommerce-Price-currencySymbol\">&euro;<\/span><\/span><\/div>\n\t\t\t\t\n\t\t\t\t<div class=\"wp-block-button wc-block-grid__product-add-to-cart\"><a href=\"?add-to-cart=587\" aria-label=\"A\u00f1adir al carrito: \u201cPlaca Electr\u00f2nica CycloVac ELEREL45\u201d\" data-quantity=\"1\" data-product_id=\"587\" data-product_sku=\"\" data-price=\"225.02\" rel=\"nofollow\" class=\"wp-block-button__link wp-element-button add_to_cart_button ajax_add_to_cart\" data-no-translation=\"\" data-trp-gettext=\"\" data-no-translation-aria-label=\"\">A\u00f1adir al carrito<\/a><\/div>\n\t\t\t<\/li><li class=\"wc-block-grid__product\">\n\t\t\t\t<a href=\"https:\/\/cyclovac.cat\/es\/producto\/placa-electronica-cyclovac-elerel22\/\" class=\"wc-block-grid__product-link\">\n\t\t\t\t\t\n\t\t\t\t\t<div class=\"wc-block-grid__product-image\"><img loading=\"lazy\" decoding=\"async\" width=\"300\" height=\"300\" src=\"https:\/\/cyclovac.cat\/wp-content\/uploads\/2025\/06\/ELEREL22-300x300.jpg\" class=\"attachment-woocommerce_thumbnail size-woocommerce_thumbnail\" alt=\"Placa Electr\u00f2nica CycloVac ELEREL22\" srcset=\"https:\/\/cyclovac.cat\/wp-content\/uploads\/2025\/06\/ELEREL22-300x300.jpg 300w, https:\/\/cyclovac.cat\/wp-content\/uploads\/2025\/06\/ELEREL22-150x150.jpg 150w, https:\/\/cyclovac.cat\/wp-content\/uploads\/2025\/06\/ELEREL22-100x100.jpg 100w\" sizes=\"auto, (max-width: 300px) 100vw, 300px\" \/><\/div>\n\t\t\t\t\t<div class=\"wc-block-grid__product-title\">Placa Electr\u00f2nica CycloVac ELEREL22<\/div>\n\t\t\t\t<\/a>\n\t\t\t\t<div class=\"wc-block-grid__product-price price\"><span class=\"woocommerce-Price-amount amount\">214,64&nbsp;<span class=\"woocommerce-Price-currencySymbol\">&euro;<\/span><\/span><\/div>\n\t\t\t\t\n\t\t\t\t<div class=\"wp-block-button wc-block-grid__product-add-to-cart\"><a href=\"?add-to-cart=585\" aria-label=\"A\u00f1adir al carrito: \u201cPlaca Electr\u00f2nica CycloVac ELEREL22\u201d\" data-quantity=\"1\" data-product_id=\"585\" data-product_sku=\"\" data-price=\"214.64\" rel=\"nofollow\" class=\"wp-block-button__link wp-element-button add_to_cart_button ajax_add_to_cart\" data-no-translation=\"\" data-trp-gettext=\"\" data-no-translation-aria-label=\"\">A\u00f1adir al carrito<\/a><\/div>\n\t\t\t<\/li><\/ul><\/div><\/div>\n<\/div>","protected":false},"excerpt":{"rendered":"","protected":false},"author":1,"featured_media":0,"parent":0,"menu_order":0,"comment_status":"closed","ping_status":"closed","template":"","meta":{"footnotes":""},"class_list":["post-8","page","type-page","status-publish","hentry"],"yoast_head":"<!-- This site is optimized with the Yoast SEO plugin v25.5 - https:\/\/yoast.com\/wordpress\/plugins\/seo\/ -->\n<title>Cistella - Cyclovac<\/title>\n<meta name=\"robots\" content=\"index, follow, max-snippet:-1, max-image-preview:large, max-video-preview:-1\" \/>\n<link rel=\"canonical\" href=\"https:\/\/cyclovac.cat\/es\/cistella\/\" \/>\n<meta property=\"og:locale\" content=\"es_ES\" \/>\n<meta property=\"og:type\" content=\"article\" \/>\n<meta property=\"og:title\" content=\"Cistella - Cyclovac\" \/>\n<meta property=\"og:url\" content=\"https:\/\/cyclovac.cat\/es\/cistella\/\" \/>\n<meta property=\"og:site_name\" content=\"Cyclovac\" \/>\n<meta property=\"article:modified_time\" content=\"2026-01-12T10:02:01+00:00\" \/>\n<meta name=\"twitter:card\" content=\"summary_large_image\" \/>\n<meta name=\"twitter:label1\" content=\"Tiempo de lectura\" \/>\n\t<meta name=\"twitter:data1\" content=\"1 minuto\" \/>\n<script type=\"application\/ld+json\" class=\"yoast-schema-graph\">{\"@context\":\"https:\/\/schema.org\",\"@graph\":[{\"@type\":\"WebPage\",\"@id\":\"https:\/\/cyclovac.cat\/cistella\/\",\"url\":\"https:\/\/cyclovac.cat\/cistella\/\",\"name\":\"Cistella - Cyclovac\",\"isPartOf\":{\"@id\":\"https:\/\/cyclovac.cat\/#website\"},\"datePublished\":\"2025-06-05T06:28:03+00:00\",\"dateModified\":\"2026-01-12T10:02:01+00:00\",\"breadcrumb\":{\"@id\":\"https:\/\/cyclovac.cat\/cistella\/#breadcrumb\"},\"inLanguage\":\"es\",\"potentialAction\":[{\"@type\":\"ReadAction\",\"target\":[\"https:\/\/cyclovac.cat\/cistella\/\"]}]},{\"@type\":\"BreadcrumbList\",\"@id\":\"https:\/\/cyclovac.cat\/cistella\/#breadcrumb\",\"itemListElement\":[{\"@type\":\"ListItem\",\"position\":1,\"name\":\"Inici\",\"item\":\"https:\/\/cyclovac.cat\/\"},{\"@type\":\"ListItem\",\"position\":2,\"name\":\"Cistella\"}]},{\"@type\":\"WebSite\",\"@id\":\"https:\/\/cyclovac.cat\/#website\",\"url\":\"https:\/\/cyclovac.cat\/\",\"name\":\"Cyclovac\",\"description\":\"Amb m\u00e9s de 60 anys d\u2019excel\u00b7l\u00e8ncia, Cyclovac dissenya i fabrica al Canad\u00e0 sistemes d\u2019aspiraci\u00f3 central potents, silenciosos i duradors, amb garanties exclusives de 10 a 25 anys. Gr\u00e0cies a una recerca i desenvolupament continus, oferim solucions a mida que milloren la qualitat de l\u2019aire interior i faciliten la neteja di\u00e0ria. La nostra xarxa global de professionals especialitzats garanteix una instal\u00b7laci\u00f3 i un servei t\u00e8cnic \u00f2ptims, adaptats a les necessitats de cada llar.\",\"publisher\":{\"@id\":\"https:\/\/cyclovac.cat\/#organization\"},\"potentialAction\":[{\"@type\":\"SearchAction\",\"target\":{\"@type\":\"EntryPoint\",\"urlTemplate\":\"https:\/\/cyclovac.cat\/?s={search_term_string}\"},\"query-input\":{\"@type\":\"PropertyValueSpecification\",\"valueRequired\":true,\"valueName\":\"search_term_string\"}}],\"inLanguage\":\"es\"},{\"@type\":\"Organization\",\"@id\":\"https:\/\/cyclovac.cat\/#organization\",\"name\":\"Cyclovac\",\"url\":\"https:\/\/cyclovac.cat\/\",\"logo\":{\"@type\":\"ImageObject\",\"inLanguage\":\"es\",\"@id\":\"https:\/\/cyclovac.cat\/#\/schema\/logo\/image\/\",\"url\":\"https:\/\/cyclovac.cat\/wp-content\/uploads\/2025\/06\/cyclovac-logo.png\",\"contentUrl\":\"https:\/\/cyclovac.cat\/wp-content\/uploads\/2025\/06\/cyclovac-logo.png\",\"width\":303,\"height\":57,\"caption\":\"Cyclovac\"},\"image\":{\"@id\":\"https:\/\/cyclovac.cat\/#\/schema\/logo\/image\/\"}}]}<\/script>\n<!-- \/ Yoast SEO plugin. -->","yoast_head_json":{"title":"Cistella - Cyclovac","robots":{"index":"index","follow":"follow","max-snippet":"max-snippet:-1","max-image-preview":"max-image-preview:large","max-video-preview":"max-video-preview:-1"},"canonical":"https:\/\/cyclovac.cat\/es\/cistella\/","og_locale":"es_ES","og_type":"article","og_title":"Cistella - Cyclovac","og_url":"https:\/\/cyclovac.cat\/es\/cistella\/","og_site_name":"Cyclovac","article_modified_time":"2026-01-12T10:02:01+00:00","twitter_card":"summary_large_image","twitter_misc":{"Tiempo de lectura":"1 minuto"},"schema":{"@context":"https:\/\/schema.org","@graph":[{"@type":"WebPage","@id":"https:\/\/cyclovac.cat\/cistella\/","url":"https:\/\/cyclovac.cat\/cistella\/","name":"Cistella - Cyclovac","isPartOf":{"@id":"https:\/\/cyclovac.cat\/#website"},"datePublished":"2025-06-05T06:28:03+00:00","dateModified":"2026-01-12T10:02:01+00:00","breadcrumb":{"@id":"https:\/\/cyclovac.cat\/cistella\/#breadcrumb"},"inLanguage":"es","potentialAction":[{"@type":"ReadAction","target":["https:\/\/cyclovac.cat\/cistella\/"]}]},{"@type":"BreadcrumbList","@id":"https:\/\/cyclovac.cat\/cistella\/#breadcrumb","itemListElement":[{"@type":"ListItem","position":1,"name":"Inici","item":"https:\/\/cyclovac.cat\/"},{"@type":"ListItem","position":2,"name":"Cistella"}]},{"@type":"WebSite","@id":"https:\/\/cyclovac.cat\/#website","url":"https:\/\/cyclovac.cat\/","name":"Cyclovac","description":"Amb m\u00e9s de 60 anys d\u2019excel\u00b7l\u00e8ncia, Cyclovac dissenya i fabrica al Canad\u00e0 sistemes d\u2019aspiraci\u00f3 central potents, silenciosos i duradors, amb garanties exclusives de 10 a 25 anys. Gr\u00e0cies a una recerca i desenvolupament continus, oferim solucions a mida que milloren la qualitat de l\u2019aire interior i faciliten la neteja di\u00e0ria. La nostra xarxa global de professionals especialitzats garanteix una instal\u00b7laci\u00f3 i un servei t\u00e8cnic \u00f2ptims, adaptats a les necessitats de cada llar.","publisher":{"@id":"https:\/\/cyclovac.cat\/#organization"},"potentialAction":[{"@type":"SearchAction","target":{"@type":"EntryPoint","urlTemplate":"https:\/\/cyclovac.cat\/?s={search_term_string}"},"query-input":{"@type":"PropertyValueSpecification","valueRequired":true,"valueName":"search_term_string"}}],"inLanguage":"es"},{"@type":"Organization","@id":"https:\/\/cyclovac.cat\/#organization","name":"Cyclovac","url":"https:\/\/cyclovac.cat\/","logo":{"@type":"ImageObject","inLanguage":"es","@id":"https:\/\/cyclovac.cat\/#\/schema\/logo\/image\/","url":"https:\/\/cyclovac.cat\/wp-content\/uploads\/2025\/06\/cyclovac-logo.png","contentUrl":"https:\/\/cyclovac.cat\/wp-content\/uploads\/2025\/06\/cyclovac-logo.png","width":303,"height":57,"caption":"Cyclovac"},"image":{"@id":"https:\/\/cyclovac.cat\/#\/schema\/logo\/image\/"}}]}},"_links":{"self":[{"href":"https:\/\/cyclovac.cat\/es\/wp-json\/wp\/v2\/pages\/8","targetHints":{"allow":["GET"]}}],"collection":[{"href":"https:\/\/cyclovac.cat\/es\/wp-json\/wp\/v2\/pages"}],"about":[{"href":"https:\/\/cyclovac.cat\/es\/wp-json\/wp\/v2\/types\/page"}],"author":[{"embeddable":true,"href":"https:\/\/cyclovac.cat\/es\/wp-json\/wp\/v2\/users\/1"}],"replies":[{"embeddable":true,"href":"https:\/\/cyclovac.cat\/es\/wp-json\/wp\/v2\/comments?post=8"}],"version-history":[{"count":2,"href":"https:\/\/cyclovac.cat\/es\/wp-json\/wp\/v2\/pages\/8\/revisions"}],"predecessor-version":[{"id":962,"href":"https:\/\/cyclovac.cat\/es\/wp-json\/wp\/v2\/pages\/8\/revisions\/962"}],"wp:attachment":[{"href":"https:\/\/cyclovac.cat\/es\/wp-json\/wp\/v2\/media?parent=8"}],"curies":[{"name":"wp","href":"https:\/\/api.w.org\/{rel}","templated":true}]}}