{"id":874,"date":"2025-09-22T16:43:14","date_gmt":"2025-09-22T14:43:14","guid":{"rendered":"https:\/\/cyclovac.cat\/?page_id=874"},"modified":"2026-03-24T19:53:44","modified_gmt":"2026-03-24T17:53:44","slug":"condicions-generals-de-venda","status":"publish","type":"page","link":"https:\/\/cyclovac.cat\/es\/condicions-generals-de-venda\/","title":{"rendered":"Condiciones generales de venta"},"content":{"rendered":"<p>Aquestes condicions generals de compra s&#8217;apliquen a totes les transaccions comercials realitzades a la nostra botiga virtual, www.cyclovac.cat, d&#8217;ara endavant El Venedor. Per a m\u00e9s informaci\u00f3 sobre El Venedor i la nostra Pol\u00edtica de Privadesa consulteu l&#8217;Av\u00eds Legal situat al peu de cada p\u00e0gina d&#8217;aquesta botiga. Us preguem que llegeixin atentament les presents Condicions de compra i la nostra Pol\u00edtica de Privadesa abans de realitzar la comanda. Si no esteu d&#8217;acord amb totes les Condicions de Compra i amb la Pol\u00edtica de Privadesa, no heu de fer cap comanda.<\/p>\n\n\n\n<p>1.Identificaci\u00f3<\/p>\n\n\n\n<p>El Venedor \u00e9s una unitat de negoci pertanyent a INSTAL\u00b7LACIONS TECNIQUES EFICIENTS, S.L., prove\u00efda de CIF\/NIF B66416256, domiciliada al C\/ De la Vinya, 10, 08503 de Gurb, Barcelona. Qualsevol comunicaci\u00f3 es podr\u00e0 adre\u00e7ar al domicili social o al tel\u00e8fon 938 895 613 oa l&#8217;adre\u00e7a de correu electr\u00f2nic online@inteef.com<\/p>\n\n\n\n<p>2. Activitat<\/p>\n\n\n\n<p>El Venedor es dedica a les instal\u00b7lacions d&#8217;aspiraci\u00f3 centralitzada dom\u00e8stiques i industrials, proteccions contra el llamp, instal\u00b7lacions de ventilaci\u00f3, transport pneum\u00e0tic i instal\u00b7lacions d&#8217;estalvi energ\u00e8tic.<\/p>\n\n\n\n<p>3. Continguts i informaci\u00f3 subministrada al website<\/p>\n\n\n\n<p>El Venedor es reserva el dret a modificar l&#8217;oferta comercial presentada al website (modificacions sobre productes, preus, promocions i altres condicions comercials i de servei) en qualsevol moment. El Venedor fa tots els esfor\u00e7os dins dels seus mitjans per oferir la informaci\u00f3 continguda al website de forma vera\u00e7 i sense errors tipogr\u00e0fics. En cas que en algun moment es produ\u00eds algun error d&#8217;aquest tipus, ali\u00e8 en tot moment a la voluntat del Venedor, es procediria immediatament a corregir-lo. Si hi ha un error tipogr\u00e0fic en algun dels preus mostrats i algun client hagu\u00e9s pres una decisi\u00f3 de compra basada en aquest error, el Venedor li comunicar\u00e0 al client aquest error i el client tindr\u00e0 dret a rescindir la seva compra sense cap cost per part seva. Els continguts del lloc web El Venedor podrien, de vegades, mostrar informaci\u00f3 provisional sobre alguns productes. En cas que la informaci\u00f3 facilitada no correspongu\u00e9s a les caracter\u00edstiques del producte, el client tindr\u00e0 dret a rescindir la seva compra sense cap cost per part seva. El Venedor no \u00e9s responsable ni directament ni indirectament de cap de les informacions, continguts, afirmacions i expressions que continguin els productes comercialitzats pel Venedor. Aquesta responsabilitat recau en tot moment als fabricants d&#8217;aquests productes. El client ent\u00e9n que el Venedor \u00e9s un simple intermediari entre ell i el fabricant.<\/p>\n\n\n\n<p>4. Sistema de venda<\/p>\n\n\n\n<p>Per fer una compra, l&#8217;usuari pot triar entre diverses maneres de fer-nos arribar la seva comanda: <\/p>\n\n\n\n<p>\u2022 Internet a trav\u00e9s del \u00abcarret de la compra\u00bb <\/p>\n\n\n\n<p>\u2022 Telef\u00f2nicament al tel\u00e8fon d&#8217;atenci\u00f3 al client: 938895613 <\/p>\n\n\n\n<p>\u2022 Per correu electr\u00f2nic online@inteef.com <\/p>\n\n\n\n<p>5. Forma de pagament<\/p>\n\n\n\n<p>En formular la comanda, el client pot triar lliurement abonar les compres que faci mitjan\u00e7ant targeta de cr\u00e8dit; o altres mitjans an\u00e0legs. En determinats casos i per prevenir possibles fraus, El Venedor es reserva la possibilitat de sol\u00b7licitar a un client una forma de pagament concreta en cas que no s&#8217;acrediti de manera clara la identitat del comprador.<\/p>\n\n\n\n<p>6. Forma, despeses i termini d&#8217;enviament<\/p>\n\n\n\n<p>El client podr\u00e0 seleccionar la forma d&#8217;enviament entre les possibles per a la vostra zona d&#8217;enviament. Haureu de tenir en compte que els terminis de lliurament, la qualitat del servei, el punt de lliurament i el cost ser\u00e0 diferent per a cada forma de transport. El Venedor envia les comandes als clients a trav\u00e9s de diferents empreses de transport de reconegut prestigi nacional i internacional. La data de lliurament al domicili del client dep\u00e8n de la disponibilitat del producte escollit i de la zona d&#8217;enviament. Els terminis de transport orientatius estan disponibles a l&#8217;apartat de la nostra web \u00abDespeses d&#8217;Enviament\u00bb. Abans de confirmar la vostra comanda s&#8217;informar\u00e0 el client sobre unes despeses d&#8217;enviament i terminis de transport, que apliquen a la vostra comanda en concret. No obstant aix\u00f2, tots dos poden variar en funci\u00f3 de les circumst\u00e0ncies concretes de cada comanda.<\/p>\n\n\n\n<p>7. Drets del comprador i pol\u00edtica de devolucions<\/p>\n\n\n\n<p>El Venedor no garanteix als seus clients la disponibilitat ni el termini de lliurament dels productes que s&#8217;ofereixen al seu lloc web excepte la dels productes en qu\u00e8 expressament es notifiqui una garantia determinada. El cat\u00e0leg que es mostra \u00e9s merament orientatiu, ja que els fabricants o distribu\u00efdors no comuniquen anticipadament les exist\u00e8ncies ni garanteixen terminis de lliurament. Aquesta situaci\u00f3 impedeix al Venedor la possibilitat d&#8217;informar amb exactitud els seus clients sobre la disponibilitat dels productes aix\u00ed com garantir un termini de lliurament determinat que, en tot cas, dependr\u00e0 del temps que trigui el fabricant a subministrar el producte. El Venedor garanteix als seus clients la possibilitat d&#8217;anul\u00b7lar la seva comanda.<\/p>\n\n\n\n<p><\/p>","protected":false},"excerpt":{"rendered":"<p>Aquestes condicions generals de compra s&#8217;apliquen a totes les transaccions comercials realitzades a la nostra botiga virtual, www.cyclovac.cat, d&#8217;ara endavant El Venedor. Per a m\u00e9s informaci\u00f3 sobre El Venedor i la nostra Pol\u00edtica de Privadesa consulteu l&#8217;Av\u00eds Legal situat al peu de cada p\u00e0gina d&#8217;aquesta botiga. Us preguem que llegeixin atentament les presents Condicions de [&hellip;]<\/p>","protected":false},"author":1,"featured_media":0,"parent":0,"menu_order":0,"comment_status":"closed","ping_status":"closed","template":"","meta":{"footnotes":""},"class_list":["post-874","page","type-page","status-publish","hentry"],"yoast_head":"<!-- This site is optimized with the Yoast SEO plugin v25.5 - https:\/\/yoast.com\/wordpress\/plugins\/seo\/ -->\n<title>Condicions generals de venda - Cyclovac<\/title>\n<meta name=\"robots\" content=\"index, follow, max-snippet:-1, max-image-preview:large, max-video-preview:-1\" \/>\n<link rel=\"canonical\" href=\"https:\/\/cyclovac.cat\/es\/condicions-generals-de-venda\/\" \/>\n<meta property=\"og:locale\" content=\"es_ES\" \/>\n<meta property=\"og:type\" content=\"article\" \/>\n<meta property=\"og:title\" content=\"Condicions generals de venda - Cyclovac\" \/>\n<meta property=\"og:description\" content=\"Aquestes condicions generals de compra s&#8217;apliquen a totes les transaccions comercials realitzades a la nostra botiga virtual, www.cyclovac.cat, d&#8217;ara endavant El Venedor. Per a m\u00e9s informaci\u00f3 sobre El Venedor i la nostra Pol\u00edtica de Privadesa consulteu l&#8217;Av\u00eds Legal situat al peu de cada p\u00e0gina d&#8217;aquesta botiga. Us preguem que llegeixin atentament les presents Condicions de [&hellip;]\" \/>\n<meta property=\"og:url\" content=\"https:\/\/cyclovac.cat\/es\/condicions-generals-de-venda\/\" \/>\n<meta property=\"og:site_name\" content=\"Cyclovac\" \/>\n<meta property=\"article:modified_time\" content=\"2026-03-24T17:53:44+00:00\" \/>\n<meta name=\"twitter:card\" content=\"summary_large_image\" \/>\n<meta name=\"twitter:label1\" content=\"Tiempo de lectura\" \/>\n\t<meta name=\"twitter:data1\" content=\"5 minutos\" \/>\n<script type=\"application\/ld+json\" class=\"yoast-schema-graph\">{\"@context\":\"https:\/\/schema.org\",\"@graph\":[{\"@type\":\"WebPage\",\"@id\":\"https:\/\/cyclovac.cat\/condicions-generals-de-venda\/\",\"url\":\"https:\/\/cyclovac.cat\/condicions-generals-de-venda\/\",\"name\":\"Condicions generals de venda - Cyclovac\",\"isPartOf\":{\"@id\":\"https:\/\/cyclovac.cat\/#website\"},\"datePublished\":\"2025-09-22T14:43:14+00:00\",\"dateModified\":\"2026-03-24T17:53:44+00:00\",\"breadcrumb\":{\"@id\":\"https:\/\/cyclovac.cat\/condicions-generals-de-venda\/#breadcrumb\"},\"inLanguage\":\"es\",\"potentialAction\":[{\"@type\":\"ReadAction\",\"target\":[\"https:\/\/cyclovac.cat\/condicions-generals-de-venda\/\"]}]},{\"@type\":\"BreadcrumbList\",\"@id\":\"https:\/\/cyclovac.cat\/condicions-generals-de-venda\/#breadcrumb\",\"itemListElement\":[{\"@type\":\"ListItem\",\"position\":1,\"name\":\"Inici\",\"item\":\"https:\/\/cyclovac.cat\/\"},{\"@type\":\"ListItem\",\"position\":2,\"name\":\"Condicions generals de venda\"}]},{\"@type\":\"WebSite\",\"@id\":\"https:\/\/cyclovac.cat\/#website\",\"url\":\"https:\/\/cyclovac.cat\/\",\"name\":\"Cyclovac\",\"description\":\"Amb m\u00e9s de 60 anys d\u2019excel\u00b7l\u00e8ncia, Cyclovac dissenya i fabrica al Canad\u00e0 sistemes d\u2019aspiraci\u00f3 central potents, silenciosos i duradors, amb garanties exclusives de 10 a 25 anys. Gr\u00e0cies a una recerca i desenvolupament continus, oferim solucions a mida que milloren la qualitat de l\u2019aire interior i faciliten la neteja di\u00e0ria. La nostra xarxa global de professionals especialitzats garanteix una instal\u00b7laci\u00f3 i un servei t\u00e8cnic \u00f2ptims, adaptats a les necessitats de cada llar.\",\"publisher\":{\"@id\":\"https:\/\/cyclovac.cat\/#organization\"},\"potentialAction\":[{\"@type\":\"SearchAction\",\"target\":{\"@type\":\"EntryPoint\",\"urlTemplate\":\"https:\/\/cyclovac.cat\/?s={search_term_string}\"},\"query-input\":{\"@type\":\"PropertyValueSpecification\",\"valueRequired\":true,\"valueName\":\"search_term_string\"}}],\"inLanguage\":\"es\"},{\"@type\":\"Organization\",\"@id\":\"https:\/\/cyclovac.cat\/#organization\",\"name\":\"Cyclovac\",\"url\":\"https:\/\/cyclovac.cat\/\",\"logo\":{\"@type\":\"ImageObject\",\"inLanguage\":\"es\",\"@id\":\"https:\/\/cyclovac.cat\/#\/schema\/logo\/image\/\",\"url\":\"https:\/\/cyclovac.cat\/wp-content\/uploads\/2025\/06\/cyclovac-logo.png\",\"contentUrl\":\"https:\/\/cyclovac.cat\/wp-content\/uploads\/2025\/06\/cyclovac-logo.png\",\"width\":303,\"height\":57,\"caption\":\"Cyclovac\"},\"image\":{\"@id\":\"https:\/\/cyclovac.cat\/#\/schema\/logo\/image\/\"}}]}<\/script>\n<!-- \/ Yoast SEO plugin. -->","yoast_head_json":{"title":"Condicions generals de venda - Cyclovac","robots":{"index":"index","follow":"follow","max-snippet":"max-snippet:-1","max-image-preview":"max-image-preview:large","max-video-preview":"max-video-preview:-1"},"canonical":"https:\/\/cyclovac.cat\/es\/condicions-generals-de-venda\/","og_locale":"es_ES","og_type":"article","og_title":"Condicions generals de venda - Cyclovac","og_description":"Aquestes condicions generals de compra s&#8217;apliquen a totes les transaccions comercials realitzades a la nostra botiga virtual, www.cyclovac.cat, d&#8217;ara endavant El Venedor. Per a m\u00e9s informaci\u00f3 sobre El Venedor i la nostra Pol\u00edtica de Privadesa consulteu l&#8217;Av\u00eds Legal situat al peu de cada p\u00e0gina d&#8217;aquesta botiga. Us preguem que llegeixin atentament les presents Condicions de [&hellip;]","og_url":"https:\/\/cyclovac.cat\/es\/condicions-generals-de-venda\/","og_site_name":"Cyclovac","article_modified_time":"2026-03-24T17:53:44+00:00","twitter_card":"summary_large_image","twitter_misc":{"Tiempo de lectura":"5 minutos"},"schema":{"@context":"https:\/\/schema.org","@graph":[{"@type":"WebPage","@id":"https:\/\/cyclovac.cat\/condicions-generals-de-venda\/","url":"https:\/\/cyclovac.cat\/condicions-generals-de-venda\/","name":"Condicions generals de venda - Cyclovac","isPartOf":{"@id":"https:\/\/cyclovac.cat\/#website"},"datePublished":"2025-09-22T14:43:14+00:00","dateModified":"2026-03-24T17:53:44+00:00","breadcrumb":{"@id":"https:\/\/cyclovac.cat\/condicions-generals-de-venda\/#breadcrumb"},"inLanguage":"es","potentialAction":[{"@type":"ReadAction","target":["https:\/\/cyclovac.cat\/condicions-generals-de-venda\/"]}]},{"@type":"BreadcrumbList","@id":"https:\/\/cyclovac.cat\/condicions-generals-de-venda\/#breadcrumb","itemListElement":[{"@type":"ListItem","position":1,"name":"Inici","item":"https:\/\/cyclovac.cat\/"},{"@type":"ListItem","position":2,"name":"Condicions generals de venda"}]},{"@type":"WebSite","@id":"https:\/\/cyclovac.cat\/#website","url":"https:\/\/cyclovac.cat\/","name":"Cyclovac","description":"Amb m\u00e9s de 60 anys d\u2019excel\u00b7l\u00e8ncia, Cyclovac dissenya i fabrica al Canad\u00e0 sistemes d\u2019aspiraci\u00f3 central potents, silenciosos i duradors, amb garanties exclusives de 10 a 25 anys. Gr\u00e0cies a una recerca i desenvolupament continus, oferim solucions a mida que milloren la qualitat de l\u2019aire interior i faciliten la neteja di\u00e0ria. La nostra xarxa global de professionals especialitzats garanteix una instal\u00b7laci\u00f3 i un servei t\u00e8cnic \u00f2ptims, adaptats a les necessitats de cada llar.","publisher":{"@id":"https:\/\/cyclovac.cat\/#organization"},"potentialAction":[{"@type":"SearchAction","target":{"@type":"EntryPoint","urlTemplate":"https:\/\/cyclovac.cat\/?s={search_term_string}"},"query-input":{"@type":"PropertyValueSpecification","valueRequired":true,"valueName":"search_term_string"}}],"inLanguage":"es"},{"@type":"Organization","@id":"https:\/\/cyclovac.cat\/#organization","name":"Cyclovac","url":"https:\/\/cyclovac.cat\/","logo":{"@type":"ImageObject","inLanguage":"es","@id":"https:\/\/cyclovac.cat\/#\/schema\/logo\/image\/","url":"https:\/\/cyclovac.cat\/wp-content\/uploads\/2025\/06\/cyclovac-logo.png","contentUrl":"https:\/\/cyclovac.cat\/wp-content\/uploads\/2025\/06\/cyclovac-logo.png","width":303,"height":57,"caption":"Cyclovac"},"image":{"@id":"https:\/\/cyclovac.cat\/#\/schema\/logo\/image\/"}}]}},"_links":{"self":[{"href":"https:\/\/cyclovac.cat\/es\/wp-json\/wp\/v2\/pages\/874","targetHints":{"allow":["GET"]}}],"collection":[{"href":"https:\/\/cyclovac.cat\/es\/wp-json\/wp\/v2\/pages"}],"about":[{"href":"https:\/\/cyclovac.cat\/es\/wp-json\/wp\/v2\/types\/page"}],"author":[{"embeddable":true,"href":"https:\/\/cyclovac.cat\/es\/wp-json\/wp\/v2\/users\/1"}],"replies":[{"embeddable":true,"href":"https:\/\/cyclovac.cat\/es\/wp-json\/wp\/v2\/comments?post=874"}],"version-history":[{"count":2,"href":"https:\/\/cyclovac.cat\/es\/wp-json\/wp\/v2\/pages\/874\/revisions"}],"predecessor-version":[{"id":981,"href":"https:\/\/cyclovac.cat\/es\/wp-json\/wp\/v2\/pages\/874\/revisions\/981"}],"wp:attachment":[{"href":"https:\/\/cyclovac.cat\/es\/wp-json\/wp\/v2\/media?parent=874"}],"curies":[{"name":"wp","href":"https:\/\/api.w.org\/{rel}","templated":true}]}}