{"id":956,"date":"2026-01-15T11:42:19","date_gmt":"2026-01-15T09:42:19","guid":{"rendered":"https:\/\/cyclovac.cat\/?page_id=956"},"modified":"2026-01-15T11:42:20","modified_gmt":"2026-01-15T09:42:20","slug":"aviso-legal","status":"publish","type":"page","link":"https:\/\/cyclovac.cat\/es\/aviso-legal\/","title":{"rendered":"Aviso legal"},"content":{"rendered":"<p><strong>Aviso legal<\/strong><\/p>\n\n\n\n<p><strong>DATOS DE LA EMPRESA<\/strong><\/p>\n\n\n\n<p>En cumplimiento del art\u00edculo 10 de la Ley 34\/2002, de 11 de julio, de Servicios de la Sociedad de la Informaci\u00f3n y Comercio Electr\u00f3nico, a continuaci\u00f3n se exponen los datos identificativos de la empresa:<\/p>\n\n\n\n<p><strong>Nombre<\/strong>: Inteef<br><strong>Raz\u00f3n social<\/strong>: Instalaciones T\u00e9cnicas Eficientes, S.L.<br><strong>CIF<\/strong>: B66416256<br><strong>Domicilio<\/strong>: C\/ de la Vi\u00f1a, 10, 08503 Gurb (Barcelona)<br><strong>Tel\u00e9fono<\/strong>: 93 889 56 13<br><strong>Correo electr\u00f3nico<\/strong>: <a>online@inteef.com<\/a><\/p>\n\n\n\n<p><strong>CONDICIONES GENERALES<\/strong><\/p>\n\n\n\n<p>El acceso y uso del sitio web implica la aceptaci\u00f3n expresa y total de estas condiciones generales en la versi\u00f3n publicada en el momento en que el usuario acceda, sin perjuicio de las condiciones particulares que puedan aplicarse a algunos servicios concretos del sitio web.<\/p>\n\n\n\n<p>El usuario acepta que el acceso al presente sitio web y a los contenidos incluidos se realiza de manera libre y consciente, bajo su exclusiva responsabilidad.<\/p>\n\n\n\n<p>Los usuarios acceden al sitio web de forma libre y gratuita, aunque Instalaciones T\u00e9cnicas Eficientes, S.L. se reserva el derecho de limitar el acceso a determinados contenidos o servicios, exigiendo el registro previo de sus datos.<\/p>\n\n\n\n<p>Instalaciones T\u00e9cnicas Eficientes, S.L. se reserva el derecho de modificar en cualquier momento la presentaci\u00f3n, configuraci\u00f3n y localizaci\u00f3n del sitio web, as\u00ed como los contenidos, servicios y las condiciones requeridas para su utilizaci\u00f3n cuando lo considere oportuno o para adaptarse a futuros cambios legislativos y tecnol\u00f3gicos. Estas modificaciones ser\u00e1n v\u00e1lidas desde su publicaci\u00f3n en el sitio web.<\/p>\n\n\n\n<p>Instalaciones T\u00e9cnicas Eficientes, S.L. se reserva el derecho de interrumpir el acceso al presente sitio web en cualquier momento y sin previo aviso, ya sea por motivos t\u00e9cnicos, de seguridad, control, mantenimiento, falta de suministro el\u00e9ctrico o cualquier otra causa. Esta interrupci\u00f3n podr\u00e1 tener car\u00e1cter temporal o definitivo; en este caso, los usuarios podr\u00e1n sufrir la p\u00e9rdida de informaci\u00f3n almacenada en los distintos servicios, sin derecho a indemnizaci\u00f3n.<\/p>\n\n\n\n<p>Instalaciones T\u00e9cnicas Eficientes, S.L. se compromete a no enviar comunicaciones comerciales sin identificarlas como tales, de conformidad con lo dispuesto en la Ley 34\/2002 de Servicios de la Sociedad de la Informaci\u00f3n y Comercio Electr\u00f3nico. A estos efectos, no se considerar\u00e1 como comunicaci\u00f3n comercial toda la informaci\u00f3n enviada a los clientes en nombre de Instalaciones T\u00e9cnicas Eficientes, S.L., siempre que tenga como finalidad el mantenimiento de la relaci\u00f3n contractual existente entre el cliente y la empresa, as\u00ed como el desarrollo de tareas de informaci\u00f3n, formaci\u00f3n u otras propias del servicio contratado.<\/p>\n\n\n\n<p><strong>AVISO DE PROPIEDAD<\/strong><\/p>\n\n\n\n<p>Instalaciones T\u00e9cnicas Eficientes, S.L. es titular del presente sitio web. Todos los derechos de propiedad industrial e intelectual sobre este portal de Internet est\u00e1n legalmente reservados y, por tanto, el acceso o su utilizaci\u00f3n por parte del usuario no debe considerarse como la concesi\u00f3n de ninguna licencia de uso ni ning\u00fan derecho sobre cualquier activo.<\/p>\n\n\n\n<p>Los usuarios del sitio web solo podr\u00e1n hacer un uso privado, personal o profesional del mismo. Queda absolutamente prohibido el uso del sitio web o de cualquiera de sus elementos con fines comerciales o il\u00edcitos.<\/p>\n\n\n\n<p>No se podr\u00e1n realizar actos de reproducci\u00f3n, modificaci\u00f3n, distribuci\u00f3n o comunicaci\u00f3n p\u00fablica del sitio web sin el consentimiento previo y por escrito de Instalaciones T\u00e9cnicas Eficientes, S.L.<\/p>\n\n\n\n<p>Queda prohibida la reproducci\u00f3n de los contenidos del sitio web.<br>Instalaciones T\u00e9cnicas Eficientes, S.L. no asumir\u00e1 ninguna responsabilidad derivada del uso que terceros hagan del contenido del sitio web y podr\u00e1 ejercer todas las acciones civiles o penales que le correspondan en caso de infracci\u00f3n de estos derechos por parte del usuario.<\/p>\n\n\n\n<p><strong>CL\u00c1USULA DE EXONERACI\u00d3N DE RESPONSABILIDAD<\/strong><\/p>\n\n\n\n<p>Los contenidos incluidos en el sitio web han sido elaborados en todo momento de buena fe con la finalidad de informar a los usuarios, por lo que Instalaciones T\u00e9cnicas Eficientes, S.L. no asume ninguna responsabilidad respecto a la integridad o exactitud de dicha informaci\u00f3n, ni garantiza su actualizaci\u00f3n, que podr\u00e1 ser modificada sin previo aviso. Tampoco se hace responsable de los posibles errores tipogr\u00e1ficos, formales o num\u00e9ricos que pueda contener el sitio web.<\/p>\n\n\n\n<p>Instalaciones T\u00e9cnicas Eficientes, S.L. no se hace responsable del mal uso que los usuarios puedan hacer del sitio web.<\/p>\n\n\n\n<ol class=\"wp-block-list\">\n<li><strong>Responsabilidad por el funcionamiento del sitio web<\/strong><br>Instalaciones T\u00e9cnicas Eficientes, S.L. intentar\u00e1 minimizar los problemas t\u00e9cnicos y podr\u00e1 suspender temporalmente los servicios y contenidos del sitio web para realizar operaciones de mantenimiento, mejora o reparaci\u00f3n, sin que ello genere derecho a indemnizaci\u00f3n por parte del usuario.<\/li>\n<\/ol>\n\n\n\n<p>Instalaciones T\u00e9cnicas Eficientes, S.L. no asume ninguna responsabilidad por los da\u00f1os que pueda ocasionar al usuario la consulta de esta p\u00e1gina o de otras externas a las que se enlace.<\/p>\n\n\n\n<p>Tampoco ser\u00e1 responsable si se producen interrupciones del servicio o mal funcionamiento por causas de fuerza mayor, imprevistos o ajenas a su control.<\/p>\n\n\n\n<p>2. <strong>Responsabilidad por el uso de enlaces<\/strong><br>Instalaciones T\u00e9cnicas Eficientes, S.L. no asume ninguna responsabilidad derivada de la existencia de enlaces entre contenidos de este sitio web y contenidos externos, ni por cualquier otra menci\u00f3n de contenidos externos.<\/p>\n\n\n\n<p>En caso de que se detecte la ilicitud de una p\u00e1gina web enlazada o que esta vulnere derechos de terceros, la empresa suprimir\u00e1 o inutilizar\u00e1 el enlace.<\/p>\n\n\n\n<p>La presencia de otros enlaces en el sitio web tiene una finalidad meramente informativa y en ning\u00fan caso supone una recomendaci\u00f3n o invitaci\u00f3n a contratar productos o servicios del sitio de destino, ni implica ning\u00fan respaldo a las personas o entidades responsables del contenido.<\/p>\n\n\n\n<p>Por lo tanto, Instalaciones T\u00e9cnicas Eficientes, S.L. no se responsabiliza del contenido ni de la disponibilidad de los sitios web enlazados ni de los da\u00f1os o p\u00e9rdidas derivadas de la conexi\u00f3n o uso del contenido, productos o servicios ofrecidos en dichos sitios.<\/p>\n\n\n\n<p><strong>POL\u00cdTICA DE PRIVACIDAD<\/strong><\/p>\n\n\n\n<p>Instalaciones T\u00e9cnicas Eficientes, S.L. informa a continuaci\u00f3n sobre la pol\u00edtica de privacidad aplicada a los datos de car\u00e1cter personal. De este modo, todos los datos personales que est\u00e9n bajo su responsabilidad ser\u00e1n tratados de conformidad con la Ley 15\/1999, de 13 de diciembre, de Protecci\u00f3n de Datos de Car\u00e1cter Personal, aplic\u00e1ndose las correspondientes medidas de seguridad y confidencialidad.<\/p>\n\n\n\n<p>La visita al sitio web <a>www.cyclovac.cat<\/a> no implica que el usuario deba facilitar ninguna informaci\u00f3n sobre su identidad, no quedando asociada a un usuario concreto por parte de la empresa. En el caso de que se proporcionen datos de car\u00e1cter personal, estos ser\u00e1n recogidos y utilizados de acuerdo con las limitaciones y derechos establecidos en la normativa mencionada.<\/p>\n\n\n\n<p>Los usuarios que faciliten datos personales aceptan de forma clara, exacta e inequ\u00edvoca las presentes condiciones.<\/p>\n\n\n\n<p><strong>1. Recogida de datos<\/strong><br>La recogida de datos de car\u00e1cter personal se realizar\u00e1 \u00fanica y exclusivamente a trav\u00e9s de los formularios publicados en el sitio web y de los correos electr\u00f3nicos que los usuarios puedan enviar a Instalaciones T\u00e9cnicas Eficientes, S.L., y se incluir\u00e1n en un fichero autorizado.<\/p>\n\n\n\n<p>Los ficheros titularidad de Instalaciones T\u00e9cnicas Eficientes, S.L. est\u00e1n inscritos en el Registro General de la Agencia Espa\u00f1ola de Protecci\u00f3n de Datos, al que podr\u00e1 acceder el usuario o visitante para comprobar su situaci\u00f3n.<\/p>\n\n\n\n<p>Instalaciones T\u00e9cnicas Eficientes, S.L. conservar\u00e1 sus datos una vez finalizada la relaci\u00f3n con el usuario para cumplir con las obligaciones legales necesarias. Asimismo, proceder\u00e1 a la cancelaci\u00f3n de los datos cuando dejen de ser necesarios para la finalidad para la que fueron recogidos.<\/p>\n\n\n\n<p><strong>2. Seguridad de la informaci\u00f3n<\/strong><br>Instalaciones T\u00e9cnicas Eficientes, S.L. ha desarrollado todos los sistemas y medidas t\u00e9cnicas y organizativas a su alcance, previstas por la normativa de protecci\u00f3n de datos personales, para evitar la p\u00e9rdida, uso indebido, alteraci\u00f3n, acceso no autorizado y sustracci\u00f3n de los datos personales facilitados por el usuario o visitante.<\/p>\n\n\n\n<p>No obstante, el usuario o visitante debe ser consciente de que las medidas de seguridad en Internet no son inexpugnables.<\/p>\n\n\n\n<p><strong>3. Confidencialidad y secreto profesional<\/strong><br>Las comunicaciones privadas que puedan tener lugar entre el personal de Instalaciones T\u00e9cnicas Eficientes, S.L. y los usuarios o visitantes ser\u00e1n consideradas como confidenciales. El acceso a esta informaci\u00f3n est\u00e1 restringido mediante herramientas tecnol\u00f3gicas y estrictos controles internos.<\/p>\n\n\n\n<p><strong>4. Enlaces con sitios web<\/strong><br>Este sitio puede contener enlaces o v\u00ednculos con otros sitios web. Se informa de que Instalaciones T\u00e9cnicas Eficientes, S.L. no tiene ning\u00fan control ni responsabilidad sobre las pol\u00edticas o medidas de protecci\u00f3n de datos de dichos sitios web.<\/p>\n\n\n\n<p><strong>5. Derechos de los usuarios<\/strong><br>El usuario podr\u00e1 ejercer, en relaci\u00f3n con los datos recogidos, los derechos reconocidos por la Ley Org\u00e1nica 15\/1999, de 13 de diciembre, de Protecci\u00f3n de Datos de Car\u00e1cter Personal, y en particular los derechos de acceso, rectificaci\u00f3n, cancelaci\u00f3n y oposici\u00f3n, en su caso.<\/p>\n\n\n\n<p>Los derechos de cancelaci\u00f3n, oposici\u00f3n y revocaci\u00f3n del consentimiento para la cesi\u00f3n de datos podr\u00e1n ser ejercidos por el usuario, o por quien lo represente, mediante una solicitud enviada por correo postal, firmada y acompa\u00f1ada de fotocopia del DNI, a la direcci\u00f3n de la sede de Instalaciones T\u00e9cnicas Eficientes, S.L. indicada anteriormente.<\/p>\n\n\n\n<p>Instalaciones T\u00e9cnicas Eficientes, S.L. informa de que los datos personales recogidos ser\u00e1n cancelados cuando dejen de ser necesarios o pertinentes para la finalidad para la que fueron obtenidos, conforme a la normativa de protecci\u00f3n de datos personales.<\/p>\n\n\n\n<p><strong>CL\u00c1USULA PARA FORMULARIOS<\/strong><\/p>\n\n\n\n<p>En el caso de que Instalaciones T\u00e9cnicas Eficientes, S.L. disponga de formularios, la identificaci\u00f3n del usuario es completa, ya que es el propio usuario quien, de manera voluntaria, introduce sus datos en nuestros formularios.<\/p>\n\n\n\n<p>La informaci\u00f3n facilitada por el usuario ser\u00e1 utilizada por Instalaciones T\u00e9cnicas Eficientes, S.L. exclusivamente para las finalidades indicadas en cada caso.<\/p>\n\n\n\n<p>Instalaciones T\u00e9cnicas Eficientes, S.L. ser\u00e1 la entidad responsable del fichero generado con los datos personales facilitados por los usuarios del sitio web mediante los formularios. De conformidad con la Ley Org\u00e1nica 15\/1999, de 13 de diciembre, de Protecci\u00f3n de Datos de Car\u00e1cter Personal, Instalaciones T\u00e9cnicas Eficientes, S.L. se compromete a cumplir con su deber de secreto respecto a los datos personales y a tratarlos con confidencialidad. A tal efecto, adoptar\u00e1 las medidas necesarias para evitar su alteraci\u00f3n, p\u00e9rdida, tratamiento o acceso no autorizado.<\/p>\n\n\n\n<p>Los datos personales recogidos no ser\u00e1n cedidos a terceros sin el consentimiento expreso del usuario.<\/p>\n\n\n\n<p>El usuario inscrito en la base de datos podr\u00e1 ejercer en cualquier momento sus derechos de acceso, rectificaci\u00f3n, cancelaci\u00f3n y oposici\u00f3n, mediante solicitud enviada por correo electr\u00f3nico ordinario, firmada y acompa\u00f1ada de fotocopia del DNI, a la direcci\u00f3n de Instalaciones T\u00e9cnicas Eficientes, S.L. indicada anteriormente.<\/p>\n\n\n\n<p>Para cualquier aclaraci\u00f3n sobre la pol\u00edtica de privacidad de Instalaciones T\u00e9cnicas Eficientes, S.L. en relaci\u00f3n con los usuarios que visitan nuestro sitio web, no dude en ponerse en contacto con nosotros a trav\u00e9s del correo electr\u00f3nico <a>online@inteef.com<\/a>.<\/p>\n\n\n\n<p><\/p>","protected":false},"excerpt":{"rendered":"<p>Aviso legal DATOS DE LA EMPRESA En cumplimiento del art\u00edculo 10 de la Ley 34\/2002, de 11 de julio, de Servicios de la Sociedad de la Informaci\u00f3n y Comercio Electr\u00f3nico, a continuaci\u00f3n se exponen los datos identificativos de la empresa: Nombre: InteefRaz\u00f3n social: Instalaciones T\u00e9cnicas Eficientes, S.L.CIF: B66416256Domicilio: C\/ de la Vi\u00f1a, 10, 08503 Gurb [&hellip;]<\/p>","protected":false},"author":1,"featured_media":0,"parent":0,"menu_order":0,"comment_status":"closed","ping_status":"closed","template":"","meta":{"footnotes":""},"class_list":["post-956","page","type-page","status-publish","hentry"],"yoast_head":"<!-- This site is optimized with the Yoast SEO plugin v25.5 - https:\/\/yoast.com\/wordpress\/plugins\/seo\/ -->\n<title>Aviso legal - Cyclovac<\/title>\n<meta name=\"robots\" content=\"index, follow, max-snippet:-1, max-image-preview:large, max-video-preview:-1\" \/>\n<link rel=\"canonical\" href=\"https:\/\/cyclovac.cat\/es\/aviso-legal\/\" \/>\n<meta property=\"og:locale\" content=\"es_ES\" \/>\n<meta property=\"og:type\" content=\"article\" \/>\n<meta property=\"og:title\" content=\"Aviso legal - Cyclovac\" \/>\n<meta property=\"og:description\" content=\"Aviso legal DATOS DE LA EMPRESA En cumplimiento del art\u00edculo 10 de la Ley 34\/2002, de 11 de julio, de Servicios de la Sociedad de la Informaci\u00f3n y Comercio Electr\u00f3nico, a continuaci\u00f3n se exponen los datos identificativos de la empresa: Nombre: InteefRaz\u00f3n social: Instalaciones T\u00e9cnicas Eficientes, S.L.CIF: B66416256Domicilio: C\/ de la Vi\u00f1a, 10, 08503 Gurb [&hellip;]\" \/>\n<meta property=\"og:url\" content=\"https:\/\/cyclovac.cat\/es\/aviso-legal\/\" \/>\n<meta property=\"og:site_name\" content=\"Cyclovac\" \/>\n<meta property=\"article:modified_time\" content=\"2026-01-15T09:42:20+00:00\" \/>\n<meta name=\"twitter:card\" content=\"summary_large_image\" \/>\n<meta name=\"twitter:label1\" content=\"Tiempo de lectura\" \/>\n\t<meta name=\"twitter:data1\" content=\"10 minutos\" \/>\n<script type=\"application\/ld+json\" class=\"yoast-schema-graph\">{\"@context\":\"https:\/\/schema.org\",\"@graph\":[{\"@type\":\"WebPage\",\"@id\":\"https:\/\/cyclovac.cat\/es\/aviso-legal\/\",\"url\":\"https:\/\/cyclovac.cat\/es\/aviso-legal\/\",\"name\":\"Aviso legal - Cyclovac\",\"isPartOf\":{\"@id\":\"https:\/\/cyclovac.cat\/#website\"},\"datePublished\":\"2026-01-15T09:42:19+00:00\",\"dateModified\":\"2026-01-15T09:42:20+00:00\",\"breadcrumb\":{\"@id\":\"https:\/\/cyclovac.cat\/es\/aviso-legal\/#breadcrumb\"},\"inLanguage\":\"es\",\"potentialAction\":[{\"@type\":\"ReadAction\",\"target\":[\"https:\/\/cyclovac.cat\/es\/aviso-legal\/\"]}]},{\"@type\":\"BreadcrumbList\",\"@id\":\"https:\/\/cyclovac.cat\/es\/aviso-legal\/#breadcrumb\",\"itemListElement\":[{\"@type\":\"ListItem\",\"position\":1,\"name\":\"Inici\",\"item\":\"https:\/\/cyclovac.cat\/\"},{\"@type\":\"ListItem\",\"position\":2,\"name\":\"Aviso legal\"}]},{\"@type\":\"WebSite\",\"@id\":\"https:\/\/cyclovac.cat\/#website\",\"url\":\"https:\/\/cyclovac.cat\/\",\"name\":\"Cyclovac\",\"description\":\"Amb m\u00e9s de 60 anys d\u2019excel\u00b7l\u00e8ncia, Cyclovac dissenya i fabrica al Canad\u00e0 sistemes d\u2019aspiraci\u00f3 central potents, silenciosos i duradors, amb garanties exclusives de 10 a 25 anys. Gr\u00e0cies a una recerca i desenvolupament continus, oferim solucions a mida que milloren la qualitat de l\u2019aire interior i faciliten la neteja di\u00e0ria. La nostra xarxa global de professionals especialitzats garanteix una instal\u00b7laci\u00f3 i un servei t\u00e8cnic \u00f2ptims, adaptats a les necessitats de cada llar.\",\"publisher\":{\"@id\":\"https:\/\/cyclovac.cat\/#organization\"},\"potentialAction\":[{\"@type\":\"SearchAction\",\"target\":{\"@type\":\"EntryPoint\",\"urlTemplate\":\"https:\/\/cyclovac.cat\/?s={search_term_string}\"},\"query-input\":{\"@type\":\"PropertyValueSpecification\",\"valueRequired\":true,\"valueName\":\"search_term_string\"}}],\"inLanguage\":\"es\"},{\"@type\":\"Organization\",\"@id\":\"https:\/\/cyclovac.cat\/#organization\",\"name\":\"Cyclovac\",\"url\":\"https:\/\/cyclovac.cat\/\",\"logo\":{\"@type\":\"ImageObject\",\"inLanguage\":\"es\",\"@id\":\"https:\/\/cyclovac.cat\/#\/schema\/logo\/image\/\",\"url\":\"https:\/\/cyclovac.cat\/wp-content\/uploads\/2025\/06\/cyclovac-logo.png\",\"contentUrl\":\"https:\/\/cyclovac.cat\/wp-content\/uploads\/2025\/06\/cyclovac-logo.png\",\"width\":303,\"height\":57,\"caption\":\"Cyclovac\"},\"image\":{\"@id\":\"https:\/\/cyclovac.cat\/#\/schema\/logo\/image\/\"}}]}<\/script>\n<!-- \/ Yoast SEO plugin. -->","yoast_head_json":{"title":"Aviso legal - Cyclovac","robots":{"index":"index","follow":"follow","max-snippet":"max-snippet:-1","max-image-preview":"max-image-preview:large","max-video-preview":"max-video-preview:-1"},"canonical":"https:\/\/cyclovac.cat\/es\/aviso-legal\/","og_locale":"es_ES","og_type":"article","og_title":"Aviso legal - Cyclovac","og_description":"Aviso legal DATOS DE LA EMPRESA En cumplimiento del art\u00edculo 10 de la Ley 34\/2002, de 11 de julio, de Servicios de la Sociedad de la Informaci\u00f3n y Comercio Electr\u00f3nico, a continuaci\u00f3n se exponen los datos identificativos de la empresa: Nombre: InteefRaz\u00f3n social: Instalaciones T\u00e9cnicas Eficientes, S.L.CIF: B66416256Domicilio: C\/ de la Vi\u00f1a, 10, 08503 Gurb [&hellip;]","og_url":"https:\/\/cyclovac.cat\/es\/aviso-legal\/","og_site_name":"Cyclovac","article_modified_time":"2026-01-15T09:42:20+00:00","twitter_card":"summary_large_image","twitter_misc":{"Tiempo de lectura":"10 minutos"},"schema":{"@context":"https:\/\/schema.org","@graph":[{"@type":"WebPage","@id":"https:\/\/cyclovac.cat\/es\/aviso-legal\/","url":"https:\/\/cyclovac.cat\/es\/aviso-legal\/","name":"Aviso legal - Cyclovac","isPartOf":{"@id":"https:\/\/cyclovac.cat\/#website"},"datePublished":"2026-01-15T09:42:19+00:00","dateModified":"2026-01-15T09:42:20+00:00","breadcrumb":{"@id":"https:\/\/cyclovac.cat\/es\/aviso-legal\/#breadcrumb"},"inLanguage":"es","potentialAction":[{"@type":"ReadAction","target":["https:\/\/cyclovac.cat\/es\/aviso-legal\/"]}]},{"@type":"BreadcrumbList","@id":"https:\/\/cyclovac.cat\/es\/aviso-legal\/#breadcrumb","itemListElement":[{"@type":"ListItem","position":1,"name":"Inici","item":"https:\/\/cyclovac.cat\/"},{"@type":"ListItem","position":2,"name":"Aviso legal"}]},{"@type":"WebSite","@id":"https:\/\/cyclovac.cat\/#website","url":"https:\/\/cyclovac.cat\/","name":"Cyclovac","description":"Amb m\u00e9s de 60 anys d\u2019excel\u00b7l\u00e8ncia, Cyclovac dissenya i fabrica al Canad\u00e0 sistemes d\u2019aspiraci\u00f3 central potents, silenciosos i duradors, amb garanties exclusives de 10 a 25 anys. Gr\u00e0cies a una recerca i desenvolupament continus, oferim solucions a mida que milloren la qualitat de l\u2019aire interior i faciliten la neteja di\u00e0ria. La nostra xarxa global de professionals especialitzats garanteix una instal\u00b7laci\u00f3 i un servei t\u00e8cnic \u00f2ptims, adaptats a les necessitats de cada llar.","publisher":{"@id":"https:\/\/cyclovac.cat\/#organization"},"potentialAction":[{"@type":"SearchAction","target":{"@type":"EntryPoint","urlTemplate":"https:\/\/cyclovac.cat\/?s={search_term_string}"},"query-input":{"@type":"PropertyValueSpecification","valueRequired":true,"valueName":"search_term_string"}}],"inLanguage":"es"},{"@type":"Organization","@id":"https:\/\/cyclovac.cat\/#organization","name":"Cyclovac","url":"https:\/\/cyclovac.cat\/","logo":{"@type":"ImageObject","inLanguage":"es","@id":"https:\/\/cyclovac.cat\/#\/schema\/logo\/image\/","url":"https:\/\/cyclovac.cat\/wp-content\/uploads\/2025\/06\/cyclovac-logo.png","contentUrl":"https:\/\/cyclovac.cat\/wp-content\/uploads\/2025\/06\/cyclovac-logo.png","width":303,"height":57,"caption":"Cyclovac"},"image":{"@id":"https:\/\/cyclovac.cat\/#\/schema\/logo\/image\/"}}]}},"_links":{"self":[{"href":"https:\/\/cyclovac.cat\/es\/wp-json\/wp\/v2\/pages\/956","targetHints":{"allow":["GET"]}}],"collection":[{"href":"https:\/\/cyclovac.cat\/es\/wp-json\/wp\/v2\/pages"}],"about":[{"href":"https:\/\/cyclovac.cat\/es\/wp-json\/wp\/v2\/types\/page"}],"author":[{"embeddable":true,"href":"https:\/\/cyclovac.cat\/es\/wp-json\/wp\/v2\/users\/1"}],"replies":[{"embeddable":true,"href":"https:\/\/cyclovac.cat\/es\/wp-json\/wp\/v2\/comments?post=956"}],"version-history":[{"count":1,"href":"https:\/\/cyclovac.cat\/es\/wp-json\/wp\/v2\/pages\/956\/revisions"}],"predecessor-version":[{"id":957,"href":"https:\/\/cyclovac.cat\/es\/wp-json\/wp\/v2\/pages\/956\/revisions\/957"}],"wp:attachment":[{"href":"https:\/\/cyclovac.cat\/es\/wp-json\/wp\/v2\/media?parent=956"}],"curies":[{"name":"wp","href":"https:\/\/api.w.org\/{rel}","templated":true}]}}