{"id":985,"date":"2026-04-01T14:08:08","date_gmt":"2026-04-01T12:08:08","guid":{"rendered":"https:\/\/cyclovac.cat\/?page_id=985"},"modified":"2026-04-08T12:48:29","modified_gmt":"2026-04-08T10:48:29","slug":"noticies","status":"publish","type":"page","link":"https:\/\/cyclovac.cat\/es\/noticies\/","title":{"rendered":"Noticies"},"content":{"rendered":"<ul style=\"font-style:normal;font-weight:700;line-height:0.8;\" class=\"wp-block-latest-posts__list is-grid columns-3 wp-block-latest-posts has-large-font-size has-body-font-family\"><li><div class=\"wp-block-latest-posts__featured-image\"><a href=\"https:\/\/cyclovac.cat\/es\/accessoris-de-neteja-per-aspiracio-centralitzada-cyclovac\/\" aria-label=\"Accessoris de neteja per aspiraci\u00f3 centralitzada Cyclovac\"><img loading=\"lazy\" decoding=\"async\" width=\"680\" height=\"540\" src=\"https:\/\/cyclovac.cat\/wp-content\/uploads\/2026\/04\/Accessoris-de-neteja-Cyclovac-complements-essencials-per-a-una-neteja-mes-completa-i-eficient.jpg\" class=\"attachment-large size-large wp-post-image\" alt=\"Accessoris de neteja Cyclovac: complements essencials per a una neteja m\u00e9s completa i eficient\" style=\"\" srcset=\"https:\/\/cyclovac.cat\/wp-content\/uploads\/2026\/04\/Accessoris-de-neteja-Cyclovac-complements-essencials-per-a-una-neteja-mes-completa-i-eficient.jpg 680w, https:\/\/cyclovac.cat\/wp-content\/uploads\/2026\/04\/Accessoris-de-neteja-Cyclovac-complements-essencials-per-a-una-neteja-mes-completa-i-eficient-300x238.jpg 300w, https:\/\/cyclovac.cat\/wp-content\/uploads\/2026\/04\/Accessoris-de-neteja-Cyclovac-complements-essencials-per-a-una-neteja-mes-completa-i-eficient-15x12.jpg 15w, https:\/\/cyclovac.cat\/wp-content\/uploads\/2026\/04\/Accessoris-de-neteja-Cyclovac-complements-essencials-per-a-una-neteja-mes-completa-i-eficient-600x476.jpg 600w\" sizes=\"auto, (max-width: 680px) 100vw, 680px\" \/><\/a><\/div><a class=\"wp-block-latest-posts__post-title\" href=\"https:\/\/cyclovac.cat\/es\/accessoris-de-neteja-per-aspiracio-centralitzada-cyclovac\/\">Accessoris de neteja per aspiraci\u00f3 centralitzada Cyclovac<\/a><\/li>\n<li><div class=\"wp-block-latest-posts__featured-image\"><a href=\"https:\/\/cyclovac.cat\/es\/recanvis-cyclovac-per-a-un-sistema-sempre-eficient\/\" aria-label=\"Recanvis Cyclovac per a un sistema sempre eficient\"><img loading=\"lazy\" decoding=\"async\" width=\"680\" height=\"540\" src=\"https:\/\/cyclovac.cat\/wp-content\/uploads\/2026\/04\/Recanvis-Cyclovac-la-clau-per-mantenir-el-teu-sistema-daspiracio-centralitzada-com-el-primer-dia.jpg\" class=\"attachment-large size-large wp-post-image\" alt=\"Recanvis Cyclovac: la clau per mantenir el teu sistema d\u2019aspiraci\u00f3 centralitzada com el primer dia\" style=\"\" srcset=\"https:\/\/cyclovac.cat\/wp-content\/uploads\/2026\/04\/Recanvis-Cyclovac-la-clau-per-mantenir-el-teu-sistema-daspiracio-centralitzada-com-el-primer-dia.jpg 680w, https:\/\/cyclovac.cat\/wp-content\/uploads\/2026\/04\/Recanvis-Cyclovac-la-clau-per-mantenir-el-teu-sistema-daspiracio-centralitzada-com-el-primer-dia-300x238.jpg 300w, https:\/\/cyclovac.cat\/wp-content\/uploads\/2026\/04\/Recanvis-Cyclovac-la-clau-per-mantenir-el-teu-sistema-daspiracio-centralitzada-com-el-primer-dia-15x12.jpg 15w, https:\/\/cyclovac.cat\/wp-content\/uploads\/2026\/04\/Recanvis-Cyclovac-la-clau-per-mantenir-el-teu-sistema-daspiracio-centralitzada-com-el-primer-dia-600x476.jpg 600w\" sizes=\"auto, (max-width: 680px) 100vw, 680px\" \/><\/a><\/div><a class=\"wp-block-latest-posts__post-title\" href=\"https:\/\/cyclovac.cat\/es\/recanvis-cyclovac-per-a-un-sistema-sempre-eficient\/\">Recanvis Cyclovac per a un sistema sempre eficient<\/a><\/li>\n<li><div class=\"wp-block-latest-posts__featured-image\"><a href=\"https:\/\/cyclovac.cat\/es\/aspiradors-centrals-cyclovac-potencia-i-adaptacio-a-cada-necessitat\/\" aria-label=\"Aspiradors centrals Cyclovac, pot\u00e8ncia i adaptaci\u00f3 a cada necessitat\"><img loading=\"lazy\" decoding=\"async\" width=\"680\" height=\"540\" src=\"https:\/\/cyclovac.cat\/wp-content\/uploads\/2026\/04\/Els-aspiradors-centrals-Cyclovac-potencia-varietat-i-solucions-adaptades-a-cada-necessitat.jpg\" class=\"attachment-large size-large wp-post-image\" alt=\"Els aspiradors centrals Cyclovac: pot\u00e8ncia, varietat i solucions adaptades a cada necessitat\" style=\"\" srcset=\"https:\/\/cyclovac.cat\/wp-content\/uploads\/2026\/04\/Els-aspiradors-centrals-Cyclovac-potencia-varietat-i-solucions-adaptades-a-cada-necessitat.jpg 680w, https:\/\/cyclovac.cat\/wp-content\/uploads\/2026\/04\/Els-aspiradors-centrals-Cyclovac-potencia-varietat-i-solucions-adaptades-a-cada-necessitat-300x238.jpg 300w, https:\/\/cyclovac.cat\/wp-content\/uploads\/2026\/04\/Els-aspiradors-centrals-Cyclovac-potencia-varietat-i-solucions-adaptades-a-cada-necessitat-15x12.jpg 15w, https:\/\/cyclovac.cat\/wp-content\/uploads\/2026\/04\/Els-aspiradors-centrals-Cyclovac-potencia-varietat-i-solucions-adaptades-a-cada-necessitat-600x476.jpg 600w\" sizes=\"auto, (max-width: 680px) 100vw, 680px\" \/><\/a><\/div><a class=\"wp-block-latest-posts__post-title\" href=\"https:\/\/cyclovac.cat\/es\/aspiradors-centrals-cyclovac-potencia-i-adaptacio-a-cada-necessitat\/\">Aspiradors centrals Cyclovac, pot\u00e8ncia i adaptaci\u00f3 a cada necessitat<\/a><\/li>\n<li><div class=\"wp-block-latest-posts__featured-image\"><a href=\"https:\/\/cyclovac.cat\/es\/com-triar-el-sistema-daspiracio-centralitzat-ideal\/\" aria-label=\"Com triar el sistema d\u2019aspiraci\u00f3 centralitzat ideal\"><img loading=\"lazy\" decoding=\"async\" width=\"680\" height=\"540\" src=\"https:\/\/cyclovac.cat\/wp-content\/uploads\/2026\/04\/Com-escollir-el-millor-sistema-daspiracio-centralitzada-per-a-cada-habitatge-o-negoci.jpg\" class=\"attachment-large size-large wp-post-image\" alt=\"Com escollir el millor sistema d\u2019aspiraci\u00f3 centralitzada per a cada habitatge o negoci\" style=\"\" srcset=\"https:\/\/cyclovac.cat\/wp-content\/uploads\/2026\/04\/Com-escollir-el-millor-sistema-daspiracio-centralitzada-per-a-cada-habitatge-o-negoci.jpg 680w, https:\/\/cyclovac.cat\/wp-content\/uploads\/2026\/04\/Com-escollir-el-millor-sistema-daspiracio-centralitzada-per-a-cada-habitatge-o-negoci-300x238.jpg 300w, https:\/\/cyclovac.cat\/wp-content\/uploads\/2026\/04\/Com-escollir-el-millor-sistema-daspiracio-centralitzada-per-a-cada-habitatge-o-negoci-15x12.jpg 15w, https:\/\/cyclovac.cat\/wp-content\/uploads\/2026\/04\/Com-escollir-el-millor-sistema-daspiracio-centralitzada-per-a-cada-habitatge-o-negoci-600x476.jpg 600w\" sizes=\"auto, (max-width: 680px) 100vw, 680px\" \/><\/a><\/div><a class=\"wp-block-latest-posts__post-title\" href=\"https:\/\/cyclovac.cat\/es\/com-triar-el-sistema-daspiracio-centralitzat-ideal\/\">Com triar el sistema d\u2019aspiraci\u00f3 centralitzat ideal<\/a><\/li>\n<li><div class=\"wp-block-latest-posts__featured-image\"><a href=\"https:\/\/cyclovac.cat\/es\/la-manega-retraflex-transforma-la-neteja-a-la-llar\/\" aria-label=\"La m\u00e0nega Retraflex transforma la neteja a la llar\"><img loading=\"lazy\" decoding=\"async\" width=\"680\" height=\"540\" src=\"https:\/\/cyclovac.cat\/wp-content\/uploads\/2026\/04\/La-manega-Retraflex-transforma-la-neteja-a-la-llar.jpg\" class=\"attachment-large size-large wp-post-image\" alt=\"La m\u00e0nega Retraflex transforma la neteja a la llar\" style=\"\" srcset=\"https:\/\/cyclovac.cat\/wp-content\/uploads\/2026\/04\/La-manega-Retraflex-transforma-la-neteja-a-la-llar.jpg 680w, https:\/\/cyclovac.cat\/wp-content\/uploads\/2026\/04\/La-manega-Retraflex-transforma-la-neteja-a-la-llar-300x238.jpg 300w, https:\/\/cyclovac.cat\/wp-content\/uploads\/2026\/04\/La-manega-Retraflex-transforma-la-neteja-a-la-llar-15x12.jpg 15w, https:\/\/cyclovac.cat\/wp-content\/uploads\/2026\/04\/La-manega-Retraflex-transforma-la-neteja-a-la-llar-600x476.jpg 600w\" sizes=\"auto, (max-width: 680px) 100vw, 680px\" \/><\/a><\/div><a class=\"wp-block-latest-posts__post-title\" href=\"https:\/\/cyclovac.cat\/es\/la-manega-retraflex-transforma-la-neteja-a-la-llar\/\">La m\u00e0nega Retraflex transforma la neteja a la llar<\/a><\/li>\n<li><div class=\"wp-block-latest-posts__featured-image\"><a href=\"https:\/\/cyclovac.cat\/es\/datasync-control-intelligent-de-la-potencia-per-a-una-neteja-mes-eficient\/\" aria-label=\"DataSync, control intel\u00b7ligent de la pot\u00e8ncia per a una neteja m\u00e9s eficient\"><img loading=\"lazy\" decoding=\"async\" width=\"680\" height=\"540\" src=\"https:\/\/cyclovac.cat\/wp-content\/uploads\/2026\/04\/DataSync-control-intelligent-de-la-potencia-per-a-una-neteja-mes-eficient.jpg\" class=\"attachment-large size-large wp-post-image\" alt=\"DataSync, control intel\u00b7ligent de la pot\u00e8ncia per a una neteja m\u00e9s eficient\" style=\"\" srcset=\"https:\/\/cyclovac.cat\/wp-content\/uploads\/2026\/04\/DataSync-control-intelligent-de-la-potencia-per-a-una-neteja-mes-eficient.jpg 680w, https:\/\/cyclovac.cat\/wp-content\/uploads\/2026\/04\/DataSync-control-intelligent-de-la-potencia-per-a-una-neteja-mes-eficient-300x238.jpg 300w, https:\/\/cyclovac.cat\/wp-content\/uploads\/2026\/04\/DataSync-control-intelligent-de-la-potencia-per-a-una-neteja-mes-eficient-15x12.jpg 15w, https:\/\/cyclovac.cat\/wp-content\/uploads\/2026\/04\/DataSync-control-intelligent-de-la-potencia-per-a-una-neteja-mes-eficient-600x476.jpg 600w\" sizes=\"auto, (max-width: 680px) 100vw, 680px\" \/><\/a><\/div><a class=\"wp-block-latest-posts__post-title\" href=\"https:\/\/cyclovac.cat\/es\/datasync-control-intelligent-de-la-potencia-per-a-una-neteja-mes-eficient\/\">DataSync, control intel\u00b7ligent de la pot\u00e8ncia per a una neteja m\u00e9s eficient<\/a><\/li>\n<li><div class=\"wp-block-latest-posts__featured-image\"><a href=\"https:\/\/cyclovac.cat\/es\/la-manega-retraflex-es-consolida-com-a-solucio-innovadora-en-aspiracio-centralitzada\/\" aria-label=\"La m\u00e0nega Retraflex es consolida com a soluci\u00f3 innovadora en aspiraci\u00f3 centralitzada\"><img loading=\"lazy\" decoding=\"async\" width=\"680\" height=\"540\" src=\"https:\/\/cyclovac.cat\/wp-content\/uploads\/2026\/04\/La-manega-Retraflex-es-consolida-com-a-solucio-innovadora-en-aspiracio-centralitzada-1.jpg\" class=\"attachment-large size-large wp-post-image\" alt=\"La m\u00e0nega Retraflex es consolida com a soluci\u00f3 innovadora en aspiraci\u00f3 centralitzada\" style=\"\" srcset=\"https:\/\/cyclovac.cat\/wp-content\/uploads\/2026\/04\/La-manega-Retraflex-es-consolida-com-a-solucio-innovadora-en-aspiracio-centralitzada-1.jpg 680w, https:\/\/cyclovac.cat\/wp-content\/uploads\/2026\/04\/La-manega-Retraflex-es-consolida-com-a-solucio-innovadora-en-aspiracio-centralitzada-1-300x238.jpg 300w, https:\/\/cyclovac.cat\/wp-content\/uploads\/2026\/04\/La-manega-Retraflex-es-consolida-com-a-solucio-innovadora-en-aspiracio-centralitzada-1-15x12.jpg 15w, https:\/\/cyclovac.cat\/wp-content\/uploads\/2026\/04\/La-manega-Retraflex-es-consolida-com-a-solucio-innovadora-en-aspiracio-centralitzada-1-600x476.jpg 600w\" sizes=\"auto, (max-width: 680px) 100vw, 680px\" \/><\/a><\/div><a class=\"wp-block-latest-posts__post-title\" href=\"https:\/\/cyclovac.cat\/es\/la-manega-retraflex-es-consolida-com-a-solucio-innovadora-en-aspiracio-centralitzada\/\">La m\u00e0nega Retraflex es consolida com a soluci\u00f3 innovadora en aspiraci\u00f3 centralitzada<\/a><\/li>\n<li><div class=\"wp-block-latest-posts__featured-image\"><a href=\"https:\/\/cyclovac.cat\/es\/retraflex-la-nova-manera-dentendre-la-neteja-a-la-llar\/\" aria-label=\"Retraflex, la nova manera d\u2019entendre la neteja a la llar\"><img loading=\"lazy\" decoding=\"async\" width=\"680\" height=\"540\" src=\"https:\/\/cyclovac.cat\/wp-content\/uploads\/2026\/04\/Retraflex-la-nova-manera-dentendre-la-neteja-a-la-llar.jpg\" class=\"attachment-large size-large wp-post-image\" alt=\"Retraflex, la nova manera d\u2019entendre la neteja a la llar\" style=\"\" srcset=\"https:\/\/cyclovac.cat\/wp-content\/uploads\/2026\/04\/Retraflex-la-nova-manera-dentendre-la-neteja-a-la-llar.jpg 680w, https:\/\/cyclovac.cat\/wp-content\/uploads\/2026\/04\/Retraflex-la-nova-manera-dentendre-la-neteja-a-la-llar-300x238.jpg 300w, https:\/\/cyclovac.cat\/wp-content\/uploads\/2026\/04\/Retraflex-la-nova-manera-dentendre-la-neteja-a-la-llar-15x12.jpg 15w, https:\/\/cyclovac.cat\/wp-content\/uploads\/2026\/04\/Retraflex-la-nova-manera-dentendre-la-neteja-a-la-llar-600x476.jpg 600w\" sizes=\"auto, (max-width: 680px) 100vw, 680px\" \/><\/a><\/div><a class=\"wp-block-latest-posts__post-title\" href=\"https:\/\/cyclovac.cat\/es\/retraflex-la-nova-manera-dentendre-la-neteja-a-la-llar\/\">Retraflex, la nova manera d\u2019entendre la neteja a la llar<\/a><\/li>\n<li><div class=\"wp-block-latest-posts__featured-image\"><a href=\"https:\/\/cyclovac.cat\/es\/datasync-optimitza-laspiracio-centralitzada\/\" aria-label=\"DataSync optimitza l\u2019aspiraci\u00f3 centralitzada\"><img loading=\"lazy\" decoding=\"async\" width=\"680\" height=\"540\" src=\"https:\/\/cyclovac.cat\/wp-content\/uploads\/2026\/04\/DataSync-optimitza-laspiracio-centralitzada.jpg\" class=\"attachment-large size-large wp-post-image\" alt=\"DataSync optimitza l\u2019aspiraci\u00f3 centralitzada\" style=\"\" srcset=\"https:\/\/cyclovac.cat\/wp-content\/uploads\/2026\/04\/DataSync-optimitza-laspiracio-centralitzada.jpg 680w, https:\/\/cyclovac.cat\/wp-content\/uploads\/2026\/04\/DataSync-optimitza-laspiracio-centralitzada-300x238.jpg 300w, https:\/\/cyclovac.cat\/wp-content\/uploads\/2026\/04\/DataSync-optimitza-laspiracio-centralitzada-15x12.jpg 15w, https:\/\/cyclovac.cat\/wp-content\/uploads\/2026\/04\/DataSync-optimitza-laspiracio-centralitzada-600x476.jpg 600w\" sizes=\"auto, (max-width: 680px) 100vw, 680px\" \/><\/a><\/div><a class=\"wp-block-latest-posts__post-title\" href=\"https:\/\/cyclovac.cat\/es\/datasync-optimitza-laspiracio-centralitzada\/\">DataSync optimitza l\u2019aspiraci\u00f3 centralitzada<\/a><\/li>\n<\/ul>\n\n\n<p><\/p>","protected":false},"excerpt":{"rendered":"","protected":false},"author":1,"featured_media":0,"parent":0,"menu_order":0,"comment_status":"closed","ping_status":"closed","template":"","meta":{"footnotes":""},"class_list":["post-985","page","type-page","status-publish","hentry"],"yoast_head":"<!-- This site is optimized with the Yoast SEO plugin v25.5 - https:\/\/yoast.com\/wordpress\/plugins\/seo\/ -->\n<title>Noticies - Cyclovac<\/title>\n<meta name=\"robots\" content=\"index, follow, max-snippet:-1, max-image-preview:large, max-video-preview:-1\" \/>\n<link rel=\"canonical\" href=\"https:\/\/cyclovac.cat\/es\/noticies\/\" \/>\n<meta property=\"og:locale\" content=\"es_ES\" \/>\n<meta property=\"og:type\" content=\"article\" \/>\n<meta property=\"og:title\" content=\"Noticies - Cyclovac\" \/>\n<meta property=\"og:url\" content=\"https:\/\/cyclovac.cat\/es\/noticies\/\" \/>\n<meta property=\"og:site_name\" content=\"Cyclovac\" \/>\n<meta property=\"article:modified_time\" content=\"2026-04-08T10:48:29+00:00\" \/>\n<meta name=\"twitter:card\" content=\"summary_large_image\" \/>\n<script type=\"application\/ld+json\" class=\"yoast-schema-graph\">{\"@context\":\"https:\/\/schema.org\",\"@graph\":[{\"@type\":\"WebPage\",\"@id\":\"https:\/\/cyclovac.cat\/noticies\/\",\"url\":\"https:\/\/cyclovac.cat\/noticies\/\",\"name\":\"Noticies - Cyclovac\",\"isPartOf\":{\"@id\":\"https:\/\/cyclovac.cat\/#website\"},\"datePublished\":\"2026-04-01T12:08:08+00:00\",\"dateModified\":\"2026-04-08T10:48:29+00:00\",\"breadcrumb\":{\"@id\":\"https:\/\/cyclovac.cat\/noticies\/#breadcrumb\"},\"inLanguage\":\"es\",\"potentialAction\":[{\"@type\":\"ReadAction\",\"target\":[\"https:\/\/cyclovac.cat\/noticies\/\"]}]},{\"@type\":\"BreadcrumbList\",\"@id\":\"https:\/\/cyclovac.cat\/noticies\/#breadcrumb\",\"itemListElement\":[{\"@type\":\"ListItem\",\"position\":1,\"name\":\"Inici\",\"item\":\"https:\/\/cyclovac.cat\/\"},{\"@type\":\"ListItem\",\"position\":2,\"name\":\"Noticies\"}]},{\"@type\":\"WebSite\",\"@id\":\"https:\/\/cyclovac.cat\/#website\",\"url\":\"https:\/\/cyclovac.cat\/\",\"name\":\"Cyclovac\",\"description\":\"Amb m\u00e9s de 60 anys d\u2019excel\u00b7l\u00e8ncia, Cyclovac dissenya i fabrica al Canad\u00e0 sistemes d\u2019aspiraci\u00f3 central potents, silenciosos i duradors, amb garanties exclusives de 10 a 25 anys. Gr\u00e0cies a una recerca i desenvolupament continus, oferim solucions a mida que milloren la qualitat de l\u2019aire interior i faciliten la neteja di\u00e0ria. La nostra xarxa global de professionals especialitzats garanteix una instal\u00b7laci\u00f3 i un servei t\u00e8cnic \u00f2ptims, adaptats a les necessitats de cada llar.\",\"publisher\":{\"@id\":\"https:\/\/cyclovac.cat\/#organization\"},\"potentialAction\":[{\"@type\":\"SearchAction\",\"target\":{\"@type\":\"EntryPoint\",\"urlTemplate\":\"https:\/\/cyclovac.cat\/?s={search_term_string}\"},\"query-input\":{\"@type\":\"PropertyValueSpecification\",\"valueRequired\":true,\"valueName\":\"search_term_string\"}}],\"inLanguage\":\"es\"},{\"@type\":\"Organization\",\"@id\":\"https:\/\/cyclovac.cat\/#organization\",\"name\":\"Cyclovac\",\"url\":\"https:\/\/cyclovac.cat\/\",\"logo\":{\"@type\":\"ImageObject\",\"inLanguage\":\"es\",\"@id\":\"https:\/\/cyclovac.cat\/#\/schema\/logo\/image\/\",\"url\":\"https:\/\/cyclovac.cat\/wp-content\/uploads\/2025\/06\/cyclovac-logo.png\",\"contentUrl\":\"https:\/\/cyclovac.cat\/wp-content\/uploads\/2025\/06\/cyclovac-logo.png\",\"width\":303,\"height\":57,\"caption\":\"Cyclovac\"},\"image\":{\"@id\":\"https:\/\/cyclovac.cat\/#\/schema\/logo\/image\/\"}}]}<\/script>\n<!-- \/ Yoast SEO plugin. -->","yoast_head_json":{"title":"Noticies - Cyclovac","robots":{"index":"index","follow":"follow","max-snippet":"max-snippet:-1","max-image-preview":"max-image-preview:large","max-video-preview":"max-video-preview:-1"},"canonical":"https:\/\/cyclovac.cat\/es\/noticies\/","og_locale":"es_ES","og_type":"article","og_title":"Noticies - Cyclovac","og_url":"https:\/\/cyclovac.cat\/es\/noticies\/","og_site_name":"Cyclovac","article_modified_time":"2026-04-08T10:48:29+00:00","twitter_card":"summary_large_image","schema":{"@context":"https:\/\/schema.org","@graph":[{"@type":"WebPage","@id":"https:\/\/cyclovac.cat\/noticies\/","url":"https:\/\/cyclovac.cat\/noticies\/","name":"Noticies - Cyclovac","isPartOf":{"@id":"https:\/\/cyclovac.cat\/#website"},"datePublished":"2026-04-01T12:08:08+00:00","dateModified":"2026-04-08T10:48:29+00:00","breadcrumb":{"@id":"https:\/\/cyclovac.cat\/noticies\/#breadcrumb"},"inLanguage":"es","potentialAction":[{"@type":"ReadAction","target":["https:\/\/cyclovac.cat\/noticies\/"]}]},{"@type":"BreadcrumbList","@id":"https:\/\/cyclovac.cat\/noticies\/#breadcrumb","itemListElement":[{"@type":"ListItem","position":1,"name":"Inici","item":"https:\/\/cyclovac.cat\/"},{"@type":"ListItem","position":2,"name":"Noticies"}]},{"@type":"WebSite","@id":"https:\/\/cyclovac.cat\/#website","url":"https:\/\/cyclovac.cat\/","name":"Cyclovac","description":"Amb m\u00e9s de 60 anys d\u2019excel\u00b7l\u00e8ncia, Cyclovac dissenya i fabrica al Canad\u00e0 sistemes d\u2019aspiraci\u00f3 central potents, silenciosos i duradors, amb garanties exclusives de 10 a 25 anys. Gr\u00e0cies a una recerca i desenvolupament continus, oferim solucions a mida que milloren la qualitat de l\u2019aire interior i faciliten la neteja di\u00e0ria. La nostra xarxa global de professionals especialitzats garanteix una instal\u00b7laci\u00f3 i un servei t\u00e8cnic \u00f2ptims, adaptats a les necessitats de cada llar.","publisher":{"@id":"https:\/\/cyclovac.cat\/#organization"},"potentialAction":[{"@type":"SearchAction","target":{"@type":"EntryPoint","urlTemplate":"https:\/\/cyclovac.cat\/?s={search_term_string}"},"query-input":{"@type":"PropertyValueSpecification","valueRequired":true,"valueName":"search_term_string"}}],"inLanguage":"es"},{"@type":"Organization","@id":"https:\/\/cyclovac.cat\/#organization","name":"Cyclovac","url":"https:\/\/cyclovac.cat\/","logo":{"@type":"ImageObject","inLanguage":"es","@id":"https:\/\/cyclovac.cat\/#\/schema\/logo\/image\/","url":"https:\/\/cyclovac.cat\/wp-content\/uploads\/2025\/06\/cyclovac-logo.png","contentUrl":"https:\/\/cyclovac.cat\/wp-content\/uploads\/2025\/06\/cyclovac-logo.png","width":303,"height":57,"caption":"Cyclovac"},"image":{"@id":"https:\/\/cyclovac.cat\/#\/schema\/logo\/image\/"}}]}},"_links":{"self":[{"href":"https:\/\/cyclovac.cat\/es\/wp-json\/wp\/v2\/pages\/985","targetHints":{"allow":["GET"]}}],"collection":[{"href":"https:\/\/cyclovac.cat\/es\/wp-json\/wp\/v2\/pages"}],"about":[{"href":"https:\/\/cyclovac.cat\/es\/wp-json\/wp\/v2\/types\/page"}],"author":[{"embeddable":true,"href":"https:\/\/cyclovac.cat\/es\/wp-json\/wp\/v2\/users\/1"}],"replies":[{"embeddable":true,"href":"https:\/\/cyclovac.cat\/es\/wp-json\/wp\/v2\/comments?post=985"}],"version-history":[{"count":19,"href":"https:\/\/cyclovac.cat\/es\/wp-json\/wp\/v2\/pages\/985\/revisions"}],"predecessor-version":[{"id":1103,"href":"https:\/\/cyclovac.cat\/es\/wp-json\/wp\/v2\/pages\/985\/revisions\/1103"}],"wp:attachment":[{"href":"https:\/\/cyclovac.cat\/es\/wp-json\/wp\/v2\/media?parent=985"}],"curies":[{"name":"wp","href":"https:\/\/api.w.org\/{rel}","templated":true}]}}