{"id":267,"date":"2025-06-20T10:41:16","date_gmt":"2025-06-20T08:41:16","guid":{"rendered":"https:\/\/cyclovac.cat\/?post_type=product&#038;p=267"},"modified":"2025-11-27T14:11:55","modified_gmt":"2025-11-27T12:11:55","slug":"accessori-daspiracio-centralitzada-wally-flex","status":"publish","type":"product","link":"https:\/\/cyclovac.cat\/es\/producto\/accessori-daspiracio-centralitzada-wally-flex\/","title":{"rendered":"Accesorio de aspiraci\u00f3n centralizada Wally Flex"},"content":{"rendered":"<h2 style=\"font-size: 24px;\">Es una manguera extensible hasta 4 metros, recomendada para un uso inmediato y r\u00e1pido, que no requiera preparativos ni accesorios particulares<\/h2>\n<p>Accesorio de pared para sistemas de aspiraci\u00f3n centralizada, con manguera extensible.<br \/>\nLa ubicaci\u00f3n ideal se encuentra en zonas h\u00famedas (ba\u00f1os, cocina, lavaderos, etc.)<br \/>\nPara funcionar basta con retirar la manguera del soporte, accionar el interruptor y ya est\u00e1 disponible para aspirar. Depositando la manguera en el soporte, el interruptor apagar\u00e1 el sistema.<\/p>","protected":false},"excerpt":{"rendered":"<p>\u00c9s una m\u00e0nega extensible fins a 4 metres, recomanada per a un \u00fas immediat i r\u00e0pid, que no requereixi preparatius ni accessoris particulars Accessori de paret per a sistemes d\u2019aspiraci\u00f3 centralitzada, amb m\u00e0nega extensible. La ubicaci\u00f3 ideal \u00e9s a zones humides (banys, cuina, safareigs, etc.) Per funcionar nom\u00e9s cal retirar la m\u00e0nega del suport, accionar [&hellip;]<\/p>","protected":false},"featured_media":257,"template":"","meta":[],"product_brand":[],"product_cat":[26],"product_tag":[],"class_list":{"0":"post-267","1":"product","2":"type-product","3":"status-publish","4":"has-post-thumbnail","6":"product_cat-accesoris-de-neteja","8":"first","9":"instock","10":"shipping-taxable","11":"purchasable","12":"product-type-variable"},"yoast_head":"<!-- This site is optimized with the Yoast SEO plugin v25.5 - https:\/\/yoast.com\/wordpress\/plugins\/seo\/ -->\n<title>Accessori d\u2019aspiraci\u00f3 centralitzada Wally Flex - Cyclovac<\/title>\n<meta name=\"description\" content=\"Accessori d\u2019aspiraci\u00f3 centralitzada Wally Flex \u00e9s una m\u00e0nega extensible fins a 4 metres, recomanada per a un \u00fas immediat i r\u00e0pid, que no requereixi preparatius ni accessoris particulars.\" \/>\n<meta name=\"robots\" content=\"index, follow, max-snippet:-1, max-image-preview:large, max-video-preview:-1\" \/>\n<link rel=\"canonical\" href=\"https:\/\/cyclovac.cat\/es\/producto\/accessori-daspiracio-centralitzada-wally-flex\/\" \/>\n<meta property=\"og:locale\" content=\"es_ES\" \/>\n<meta property=\"og:type\" content=\"article\" \/>\n<meta property=\"og:title\" content=\"Accessori d\u2019aspiraci\u00f3 centralitzada Wally Flex - Cyclovac\" \/>\n<meta property=\"og:description\" content=\"Accessori d\u2019aspiraci\u00f3 centralitzada Wally Flex \u00e9s una m\u00e0nega extensible fins a 4 metres, recomanada per a un \u00fas immediat i r\u00e0pid, que no requereixi preparatius ni accessoris particulars.\" \/>\n<meta property=\"og:url\" content=\"https:\/\/cyclovac.cat\/es\/producto\/accessori-daspiracio-centralitzada-wally-flex\/\" \/>\n<meta property=\"og:site_name\" content=\"Cyclovac\" \/>\n<meta property=\"article:modified_time\" content=\"2025-11-27T12:11:55+00:00\" \/>\n<meta property=\"og:image\" content=\"https:\/\/cyclovac.cat\/wp-content\/uploads\/2025\/06\/TFWALLY-300x300-1.jpg\" \/>\n\t<meta property=\"og:image:width\" content=\"300\" \/>\n\t<meta property=\"og:image:height\" content=\"300\" \/>\n\t<meta property=\"og:image:type\" content=\"image\/jpeg\" \/>\n<meta name=\"twitter:card\" content=\"summary_large_image\" \/>\n<meta name=\"twitter:label1\" content=\"Tiempo de lectura\" \/>\n\t<meta name=\"twitter:data1\" content=\"1 minuto\" \/>\n<script type=\"application\/ld+json\" class=\"yoast-schema-graph\">{\"@context\":\"https:\/\/schema.org\",\"@graph\":[{\"@type\":\"WebPage\",\"@id\":\"https:\/\/cyclovac.cat\/producte\/accessori-daspiracio-centralitzada-wally-flex\/\",\"url\":\"https:\/\/cyclovac.cat\/producte\/accessori-daspiracio-centralitzada-wally-flex\/\",\"name\":\"Accessori d\u2019aspiraci\u00f3 centralitzada Wally Flex - Cyclovac\",\"isPartOf\":{\"@id\":\"https:\/\/cyclovac.cat\/#website\"},\"primaryImageOfPage\":{\"@id\":\"https:\/\/cyclovac.cat\/producte\/accessori-daspiracio-centralitzada-wally-flex\/#primaryimage\"},\"image\":{\"@id\":\"https:\/\/cyclovac.cat\/producte\/accessori-daspiracio-centralitzada-wally-flex\/#primaryimage\"},\"thumbnailUrl\":\"https:\/\/cyclovac.cat\/wp-content\/uploads\/2025\/06\/TFWALLY-300x300-1.jpg\",\"datePublished\":\"2025-06-20T08:41:16+00:00\",\"dateModified\":\"2025-11-27T12:11:55+00:00\",\"description\":\"Accessori d\u2019aspiraci\u00f3 centralitzada Wally Flex \u00e9s una m\u00e0nega extensible fins a 4 metres, recomanada per a un \u00fas immediat i r\u00e0pid, que no requereixi preparatius ni accessoris particulars.\",\"breadcrumb\":{\"@id\":\"https:\/\/cyclovac.cat\/producte\/accessori-daspiracio-centralitzada-wally-flex\/#breadcrumb\"},\"inLanguage\":\"es\",\"potentialAction\":[{\"@type\":\"ReadAction\",\"target\":[\"https:\/\/cyclovac.cat\/producte\/accessori-daspiracio-centralitzada-wally-flex\/\"]}]},{\"@type\":\"ImageObject\",\"inLanguage\":\"es\",\"@id\":\"https:\/\/cyclovac.cat\/producte\/accessori-daspiracio-centralitzada-wally-flex\/#primaryimage\",\"url\":\"https:\/\/cyclovac.cat\/wp-content\/uploads\/2025\/06\/TFWALLY-300x300-1.jpg\",\"contentUrl\":\"https:\/\/cyclovac.cat\/wp-content\/uploads\/2025\/06\/TFWALLY-300x300-1.jpg\",\"width\":300,\"height\":300},{\"@type\":\"BreadcrumbList\",\"@id\":\"https:\/\/cyclovac.cat\/producte\/accessori-daspiracio-centralitzada-wally-flex\/#breadcrumb\",\"itemListElement\":[{\"@type\":\"ListItem\",\"position\":1,\"name\":\"Inici\",\"item\":\"https:\/\/cyclovac.cat\/\"},{\"@type\":\"ListItem\",\"position\":2,\"name\":\"Cyclovac, Aspiraci\u00f3 centralitzadas\",\"item\":\"https:\/\/cyclovac.cat\/\"},{\"@type\":\"ListItem\",\"position\":3,\"name\":\"Accessori d\u2019aspiraci\u00f3 centralitzada Wally Flex\"}]},{\"@type\":\"WebSite\",\"@id\":\"https:\/\/cyclovac.cat\/#website\",\"url\":\"https:\/\/cyclovac.cat\/\",\"name\":\"Cyclovac\",\"description\":\"Amb m\u00e9s de 60 anys d\u2019excel\u00b7l\u00e8ncia, Cyclovac dissenya i fabrica al Canad\u00e0 sistemes d\u2019aspiraci\u00f3 central potents, silenciosos i duradors, amb garanties exclusives de 10 a 25 anys. Gr\u00e0cies a una recerca i desenvolupament continus, oferim solucions a mida que milloren la qualitat de l\u2019aire interior i faciliten la neteja di\u00e0ria. La nostra xarxa global de professionals especialitzats garanteix una instal\u00b7laci\u00f3 i un servei t\u00e8cnic \u00f2ptims, adaptats a les necessitats de cada llar.\",\"publisher\":{\"@id\":\"https:\/\/cyclovac.cat\/#organization\"},\"potentialAction\":[{\"@type\":\"SearchAction\",\"target\":{\"@type\":\"EntryPoint\",\"urlTemplate\":\"https:\/\/cyclovac.cat\/?s={search_term_string}\"},\"query-input\":{\"@type\":\"PropertyValueSpecification\",\"valueRequired\":true,\"valueName\":\"search_term_string\"}}],\"inLanguage\":\"es\"},{\"@type\":\"Organization\",\"@id\":\"https:\/\/cyclovac.cat\/#organization\",\"name\":\"Cyclovac\",\"url\":\"https:\/\/cyclovac.cat\/\",\"logo\":{\"@type\":\"ImageObject\",\"inLanguage\":\"es\",\"@id\":\"https:\/\/cyclovac.cat\/#\/schema\/logo\/image\/\",\"url\":\"https:\/\/cyclovac.cat\/wp-content\/uploads\/2025\/06\/cyclovac-logo.png\",\"contentUrl\":\"https:\/\/cyclovac.cat\/wp-content\/uploads\/2025\/06\/cyclovac-logo.png\",\"width\":303,\"height\":57,\"caption\":\"Cyclovac\"},\"image\":{\"@id\":\"https:\/\/cyclovac.cat\/#\/schema\/logo\/image\/\"}}]}<\/script>\n<!-- \/ Yoast SEO plugin. -->","yoast_head_json":{"title":"Accessori d\u2019aspiraci\u00f3 centralitzada Wally Flex - Cyclovac","description":"Accessori d\u2019aspiraci\u00f3 centralitzada Wally Flex \u00e9s una m\u00e0nega extensible fins a 4 metres, recomanada per a un \u00fas immediat i r\u00e0pid, que no requereixi preparatius ni accessoris particulars.","robots":{"index":"index","follow":"follow","max-snippet":"max-snippet:-1","max-image-preview":"max-image-preview:large","max-video-preview":"max-video-preview:-1"},"canonical":"https:\/\/cyclovac.cat\/es\/producto\/accessori-daspiracio-centralitzada-wally-flex\/","og_locale":"es_ES","og_type":"article","og_title":"Accessori d\u2019aspiraci\u00f3 centralitzada Wally Flex - Cyclovac","og_description":"Accessori d\u2019aspiraci\u00f3 centralitzada Wally Flex \u00e9s una m\u00e0nega extensible fins a 4 metres, recomanada per a un \u00fas immediat i r\u00e0pid, que no requereixi preparatius ni accessoris particulars.","og_url":"https:\/\/cyclovac.cat\/es\/producto\/accessori-daspiracio-centralitzada-wally-flex\/","og_site_name":"Cyclovac","article_modified_time":"2025-11-27T12:11:55+00:00","og_image":[{"width":300,"height":300,"url":"https:\/\/cyclovac.cat\/wp-content\/uploads\/2025\/06\/TFWALLY-300x300-1.jpg","type":"image\/jpeg"}],"twitter_card":"summary_large_image","twitter_misc":{"Tiempo de lectura":"1 minuto"},"schema":{"@context":"https:\/\/schema.org","@graph":[{"@type":"WebPage","@id":"https:\/\/cyclovac.cat\/producte\/accessori-daspiracio-centralitzada-wally-flex\/","url":"https:\/\/cyclovac.cat\/producte\/accessori-daspiracio-centralitzada-wally-flex\/","name":"Accessori d\u2019aspiraci\u00f3 centralitzada Wally Flex - Cyclovac","isPartOf":{"@id":"https:\/\/cyclovac.cat\/#website"},"primaryImageOfPage":{"@id":"https:\/\/cyclovac.cat\/producte\/accessori-daspiracio-centralitzada-wally-flex\/#primaryimage"},"image":{"@id":"https:\/\/cyclovac.cat\/producte\/accessori-daspiracio-centralitzada-wally-flex\/#primaryimage"},"thumbnailUrl":"https:\/\/cyclovac.cat\/wp-content\/uploads\/2025\/06\/TFWALLY-300x300-1.jpg","datePublished":"2025-06-20T08:41:16+00:00","dateModified":"2025-11-27T12:11:55+00:00","description":"Accessori d\u2019aspiraci\u00f3 centralitzada Wally Flex \u00e9s una m\u00e0nega extensible fins a 4 metres, recomanada per a un \u00fas immediat i r\u00e0pid, que no requereixi preparatius ni accessoris particulars.","breadcrumb":{"@id":"https:\/\/cyclovac.cat\/producte\/accessori-daspiracio-centralitzada-wally-flex\/#breadcrumb"},"inLanguage":"es","potentialAction":[{"@type":"ReadAction","target":["https:\/\/cyclovac.cat\/producte\/accessori-daspiracio-centralitzada-wally-flex\/"]}]},{"@type":"ImageObject","inLanguage":"es","@id":"https:\/\/cyclovac.cat\/producte\/accessori-daspiracio-centralitzada-wally-flex\/#primaryimage","url":"https:\/\/cyclovac.cat\/wp-content\/uploads\/2025\/06\/TFWALLY-300x300-1.jpg","contentUrl":"https:\/\/cyclovac.cat\/wp-content\/uploads\/2025\/06\/TFWALLY-300x300-1.jpg","width":300,"height":300},{"@type":"BreadcrumbList","@id":"https:\/\/cyclovac.cat\/producte\/accessori-daspiracio-centralitzada-wally-flex\/#breadcrumb","itemListElement":[{"@type":"ListItem","position":1,"name":"Inici","item":"https:\/\/cyclovac.cat\/"},{"@type":"ListItem","position":2,"name":"Cyclovac, Aspiraci\u00f3 centralitzadas","item":"https:\/\/cyclovac.cat\/"},{"@type":"ListItem","position":3,"name":"Accessori d\u2019aspiraci\u00f3 centralitzada Wally Flex"}]},{"@type":"WebSite","@id":"https:\/\/cyclovac.cat\/#website","url":"https:\/\/cyclovac.cat\/","name":"Cyclovac","description":"Amb m\u00e9s de 60 anys d\u2019excel\u00b7l\u00e8ncia, Cyclovac dissenya i fabrica al Canad\u00e0 sistemes d\u2019aspiraci\u00f3 central potents, silenciosos i duradors, amb garanties exclusives de 10 a 25 anys. Gr\u00e0cies a una recerca i desenvolupament continus, oferim solucions a mida que milloren la qualitat de l\u2019aire interior i faciliten la neteja di\u00e0ria. La nostra xarxa global de professionals especialitzats garanteix una instal\u00b7laci\u00f3 i un servei t\u00e8cnic \u00f2ptims, adaptats a les necessitats de cada llar.","publisher":{"@id":"https:\/\/cyclovac.cat\/#organization"},"potentialAction":[{"@type":"SearchAction","target":{"@type":"EntryPoint","urlTemplate":"https:\/\/cyclovac.cat\/?s={search_term_string}"},"query-input":{"@type":"PropertyValueSpecification","valueRequired":true,"valueName":"search_term_string"}}],"inLanguage":"es"},{"@type":"Organization","@id":"https:\/\/cyclovac.cat\/#organization","name":"Cyclovac","url":"https:\/\/cyclovac.cat\/","logo":{"@type":"ImageObject","inLanguage":"es","@id":"https:\/\/cyclovac.cat\/#\/schema\/logo\/image\/","url":"https:\/\/cyclovac.cat\/wp-content\/uploads\/2025\/06\/cyclovac-logo.png","contentUrl":"https:\/\/cyclovac.cat\/wp-content\/uploads\/2025\/06\/cyclovac-logo.png","width":303,"height":57,"caption":"Cyclovac"},"image":{"@id":"https:\/\/cyclovac.cat\/#\/schema\/logo\/image\/"}}]}},"_links":{"self":[{"href":"https:\/\/cyclovac.cat\/es\/wp-json\/wp\/v2\/product\/267","targetHints":{"allow":["GET"]}}],"collection":[{"href":"https:\/\/cyclovac.cat\/es\/wp-json\/wp\/v2\/product"}],"about":[{"href":"https:\/\/cyclovac.cat\/es\/wp-json\/wp\/v2\/types\/product"}],"wp:featuredmedia":[{"embeddable":true,"href":"https:\/\/cyclovac.cat\/es\/wp-json\/wp\/v2\/media\/257"}],"wp:attachment":[{"href":"https:\/\/cyclovac.cat\/es\/wp-json\/wp\/v2\/media?parent=267"}],"wp:term":[{"taxonomy":"product_brand","embeddable":true,"href":"https:\/\/cyclovac.cat\/es\/wp-json\/wp\/v2\/product_brand?post=267"},{"taxonomy":"product_cat","embeddable":true,"href":"https:\/\/cyclovac.cat\/es\/wp-json\/wp\/v2\/product_cat?post=267"},{"taxonomy":"product_tag","embeddable":true,"href":"https:\/\/cyclovac.cat\/es\/wp-json\/wp\/v2\/product_tag?post=267"}],"curies":[{"name":"wp","href":"https:\/\/api.w.org\/{rel}","templated":true}]}}