{"id":315,"date":"2025-06-20T11:25:15","date_gmt":"2025-06-20T09:25:15","guid":{"rendered":"https:\/\/cyclovac.cat\/?post_type=product&#038;p=315"},"modified":"2025-06-20T11:25:15","modified_gmt":"2025-06-20T09:25:15","slug":"kit-daccessoris-amb-manega-on-off","status":"publish","type":"product","link":"https:\/\/cyclovac.cat\/es\/producto\/kit-daccessoris-amb-manega-on-off\/","title":{"rendered":"Kit de accesorios con Manguera ON\/OFF"},"content":{"rendered":"<p>Inclou una m\u00e0nega On\/Off prove\u00efda d\u2019un interruptor d\u2019apagat i enc\u00e8s de la unitat central, i un regulador de pot\u00e8ncia manual tot incorporat a l\u2019empunyadura. S\u00f3n molt simples de fer servir, nom\u00e9s cal connectar-les a la presa d\u2019aspiraci\u00f3 perqu\u00e8 comencin a aspirar.<\/p>\n<p>El kit d\u2019accessoris de neteja Standard Deco Vac inclou:<br \/>\n\u2013 1 M\u00e0nega Standard amb empunyadura on\/off<br \/>\n\u2013 1 Conjunt de 3 raspalls b\u00e0sics, m\u00e9s un raspall de terra llis de 25 cm<br \/>\n\u2013 1 Tub telesc\u00f2pic<br \/>\n\u2013 1 Penjador de m\u00e0nega<br \/>\n\u2013 1 Bossa per a accessoris<\/p>\n<p>* \u00c9s compatible amb totes les centrals d\u2019aspiraci\u00f3.<\/p>","protected":false},"excerpt":{"rendered":"<p>Inclou una m\u00e0nega On\/Off prove\u00efda d\u2019un interruptor d\u2019apagat i enc\u00e8s de la unitat central, i un regulador de pot\u00e8ncia manual tot incorporat a l\u2019empunyadura. S\u00f3n molt simples de fer servir, nom\u00e9s cal connectar-les a la presa d\u2019aspiraci\u00f3 perqu\u00e8 comencin a aspirar. El kit d\u2019accessoris de neteja Standard Deco Vac inclou: \u2013 1 M\u00e0nega Standard amb [&hellip;]<\/p>","protected":false},"featured_media":316,"template":"","meta":[],"product_brand":[],"product_cat":[26],"product_tag":[],"class_list":{"0":"post-315","1":"product","2":"type-product","3":"status-publish","4":"has-post-thumbnail","6":"product_cat-accesoris-de-neteja","8":"first","9":"instock","10":"shipping-taxable","11":"purchasable","12":"product-type-variable"},"yoast_head":"<!-- This site is optimized with the Yoast SEO plugin v25.5 - https:\/\/yoast.com\/wordpress\/plugins\/seo\/ -->\n<title>Kit d\u2019Accessoris amb M\u00e0nega ON\/OFF - Cyclovac<\/title>\n<meta name=\"robots\" content=\"index, follow, max-snippet:-1, max-image-preview:large, max-video-preview:-1\" \/>\n<link rel=\"canonical\" href=\"https:\/\/cyclovac.cat\/es\/producto\/kit-daccessoris-amb-manega-on-off\/\" \/>\n<meta property=\"og:locale\" content=\"es_ES\" \/>\n<meta property=\"og:type\" content=\"article\" \/>\n<meta property=\"og:title\" content=\"Kit d\u2019Accessoris amb M\u00e0nega ON\/OFF - Cyclovac\" \/>\n<meta property=\"og:description\" content=\"Inclou una m\u00e0nega On\/Off prove\u00efda d\u2019un interruptor d\u2019apagat i enc\u00e8s de la unitat central, i un regulador de pot\u00e8ncia manual tot incorporat a l\u2019empunyadura. S\u00f3n molt simples de fer servir, nom\u00e9s cal connectar-les a la presa d\u2019aspiraci\u00f3 perqu\u00e8 comencin a aspirar. El kit d\u2019accessoris de neteja Standard Deco Vac inclou: \u2013 1 M\u00e0nega Standard amb [&hellip;]\" \/>\n<meta property=\"og:url\" content=\"https:\/\/cyclovac.cat\/es\/producto\/kit-daccessoris-amb-manega-on-off\/\" \/>\n<meta property=\"og:site_name\" content=\"Cyclovac\" \/>\n<meta property=\"og:image\" content=\"https:\/\/cyclovac.cat\/wp-content\/uploads\/2025\/06\/ITLOF-LX.jpg\" \/>\n\t<meta property=\"og:image:width\" content=\"1080\" \/>\n\t<meta property=\"og:image:height\" content=\"800\" \/>\n\t<meta property=\"og:image:type\" content=\"image\/jpeg\" \/>\n<meta name=\"twitter:card\" content=\"summary_large_image\" \/>\n<meta name=\"twitter:label1\" content=\"Tiempo de lectura\" \/>\n\t<meta name=\"twitter:data1\" content=\"1 minuto\" \/>\n<script type=\"application\/ld+json\" class=\"yoast-schema-graph\">{\"@context\":\"https:\/\/schema.org\",\"@graph\":[{\"@type\":\"WebPage\",\"@id\":\"https:\/\/cyclovac.cat\/producte\/kit-daccessoris-amb-manega-on-off\/\",\"url\":\"https:\/\/cyclovac.cat\/producte\/kit-daccessoris-amb-manega-on-off\/\",\"name\":\"Kit d\u2019Accessoris amb M\u00e0nega ON\/OFF - Cyclovac\",\"isPartOf\":{\"@id\":\"https:\/\/cyclovac.cat\/#website\"},\"primaryImageOfPage\":{\"@id\":\"https:\/\/cyclovac.cat\/producte\/kit-daccessoris-amb-manega-on-off\/#primaryimage\"},\"image\":{\"@id\":\"https:\/\/cyclovac.cat\/producte\/kit-daccessoris-amb-manega-on-off\/#primaryimage\"},\"thumbnailUrl\":\"https:\/\/cyclovac.cat\/wp-content\/uploads\/2025\/06\/ITLOF-LX.jpg\",\"datePublished\":\"2025-06-20T09:25:15+00:00\",\"breadcrumb\":{\"@id\":\"https:\/\/cyclovac.cat\/producte\/kit-daccessoris-amb-manega-on-off\/#breadcrumb\"},\"inLanguage\":\"es\",\"potentialAction\":[{\"@type\":\"ReadAction\",\"target\":[\"https:\/\/cyclovac.cat\/producte\/kit-daccessoris-amb-manega-on-off\/\"]}]},{\"@type\":\"ImageObject\",\"inLanguage\":\"es\",\"@id\":\"https:\/\/cyclovac.cat\/producte\/kit-daccessoris-amb-manega-on-off\/#primaryimage\",\"url\":\"https:\/\/cyclovac.cat\/wp-content\/uploads\/2025\/06\/ITLOF-LX.jpg\",\"contentUrl\":\"https:\/\/cyclovac.cat\/wp-content\/uploads\/2025\/06\/ITLOF-LX.jpg\",\"width\":1080,\"height\":800},{\"@type\":\"BreadcrumbList\",\"@id\":\"https:\/\/cyclovac.cat\/producte\/kit-daccessoris-amb-manega-on-off\/#breadcrumb\",\"itemListElement\":[{\"@type\":\"ListItem\",\"position\":1,\"name\":\"Inici\",\"item\":\"https:\/\/cyclovac.cat\/\"},{\"@type\":\"ListItem\",\"position\":2,\"name\":\"Cyclovac, Aspiraci\u00f3 centralitzadas\",\"item\":\"https:\/\/cyclovac.cat\/\"},{\"@type\":\"ListItem\",\"position\":3,\"name\":\"Kit d\u2019Accessoris amb M\u00e0nega ON\/OFF\"}]},{\"@type\":\"WebSite\",\"@id\":\"https:\/\/cyclovac.cat\/#website\",\"url\":\"https:\/\/cyclovac.cat\/\",\"name\":\"Cyclovac\",\"description\":\"Amb m\u00e9s de 60 anys d\u2019excel\u00b7l\u00e8ncia, Cyclovac dissenya i fabrica al Canad\u00e0 sistemes d\u2019aspiraci\u00f3 central potents, silenciosos i duradors, amb garanties exclusives de 10 a 25 anys. Gr\u00e0cies a una recerca i desenvolupament continus, oferim solucions a mida que milloren la qualitat de l\u2019aire interior i faciliten la neteja di\u00e0ria. La nostra xarxa global de professionals especialitzats garanteix una instal\u00b7laci\u00f3 i un servei t\u00e8cnic \u00f2ptims, adaptats a les necessitats de cada llar.\",\"publisher\":{\"@id\":\"https:\/\/cyclovac.cat\/#organization\"},\"potentialAction\":[{\"@type\":\"SearchAction\",\"target\":{\"@type\":\"EntryPoint\",\"urlTemplate\":\"https:\/\/cyclovac.cat\/?s={search_term_string}\"},\"query-input\":{\"@type\":\"PropertyValueSpecification\",\"valueRequired\":true,\"valueName\":\"search_term_string\"}}],\"inLanguage\":\"es\"},{\"@type\":\"Organization\",\"@id\":\"https:\/\/cyclovac.cat\/#organization\",\"name\":\"Cyclovac\",\"url\":\"https:\/\/cyclovac.cat\/\",\"logo\":{\"@type\":\"ImageObject\",\"inLanguage\":\"es\",\"@id\":\"https:\/\/cyclovac.cat\/#\/schema\/logo\/image\/\",\"url\":\"https:\/\/cyclovac.cat\/wp-content\/uploads\/2025\/06\/cyclovac-logo.png\",\"contentUrl\":\"https:\/\/cyclovac.cat\/wp-content\/uploads\/2025\/06\/cyclovac-logo.png\",\"width\":303,\"height\":57,\"caption\":\"Cyclovac\"},\"image\":{\"@id\":\"https:\/\/cyclovac.cat\/#\/schema\/logo\/image\/\"}}]}<\/script>\n<!-- \/ Yoast SEO plugin. -->","yoast_head_json":{"title":"Kit d\u2019Accessoris amb M\u00e0nega ON\/OFF - Cyclovac","robots":{"index":"index","follow":"follow","max-snippet":"max-snippet:-1","max-image-preview":"max-image-preview:large","max-video-preview":"max-video-preview:-1"},"canonical":"https:\/\/cyclovac.cat\/es\/producto\/kit-daccessoris-amb-manega-on-off\/","og_locale":"es_ES","og_type":"article","og_title":"Kit d\u2019Accessoris amb M\u00e0nega ON\/OFF - Cyclovac","og_description":"Inclou una m\u00e0nega On\/Off prove\u00efda d\u2019un interruptor d\u2019apagat i enc\u00e8s de la unitat central, i un regulador de pot\u00e8ncia manual tot incorporat a l\u2019empunyadura. S\u00f3n molt simples de fer servir, nom\u00e9s cal connectar-les a la presa d\u2019aspiraci\u00f3 perqu\u00e8 comencin a aspirar. El kit d\u2019accessoris de neteja Standard Deco Vac inclou: \u2013 1 M\u00e0nega Standard amb [&hellip;]","og_url":"https:\/\/cyclovac.cat\/es\/producto\/kit-daccessoris-amb-manega-on-off\/","og_site_name":"Cyclovac","og_image":[{"width":1080,"height":800,"url":"https:\/\/cyclovac.cat\/wp-content\/uploads\/2025\/06\/ITLOF-LX.jpg","type":"image\/jpeg"}],"twitter_card":"summary_large_image","twitter_misc":{"Tiempo de lectura":"1 minuto"},"schema":{"@context":"https:\/\/schema.org","@graph":[{"@type":"WebPage","@id":"https:\/\/cyclovac.cat\/producte\/kit-daccessoris-amb-manega-on-off\/","url":"https:\/\/cyclovac.cat\/producte\/kit-daccessoris-amb-manega-on-off\/","name":"Kit d\u2019Accessoris amb M\u00e0nega ON\/OFF - Cyclovac","isPartOf":{"@id":"https:\/\/cyclovac.cat\/#website"},"primaryImageOfPage":{"@id":"https:\/\/cyclovac.cat\/producte\/kit-daccessoris-amb-manega-on-off\/#primaryimage"},"image":{"@id":"https:\/\/cyclovac.cat\/producte\/kit-daccessoris-amb-manega-on-off\/#primaryimage"},"thumbnailUrl":"https:\/\/cyclovac.cat\/wp-content\/uploads\/2025\/06\/ITLOF-LX.jpg","datePublished":"2025-06-20T09:25:15+00:00","breadcrumb":{"@id":"https:\/\/cyclovac.cat\/producte\/kit-daccessoris-amb-manega-on-off\/#breadcrumb"},"inLanguage":"es","potentialAction":[{"@type":"ReadAction","target":["https:\/\/cyclovac.cat\/producte\/kit-daccessoris-amb-manega-on-off\/"]}]},{"@type":"ImageObject","inLanguage":"es","@id":"https:\/\/cyclovac.cat\/producte\/kit-daccessoris-amb-manega-on-off\/#primaryimage","url":"https:\/\/cyclovac.cat\/wp-content\/uploads\/2025\/06\/ITLOF-LX.jpg","contentUrl":"https:\/\/cyclovac.cat\/wp-content\/uploads\/2025\/06\/ITLOF-LX.jpg","width":1080,"height":800},{"@type":"BreadcrumbList","@id":"https:\/\/cyclovac.cat\/producte\/kit-daccessoris-amb-manega-on-off\/#breadcrumb","itemListElement":[{"@type":"ListItem","position":1,"name":"Inici","item":"https:\/\/cyclovac.cat\/"},{"@type":"ListItem","position":2,"name":"Cyclovac, Aspiraci\u00f3 centralitzadas","item":"https:\/\/cyclovac.cat\/"},{"@type":"ListItem","position":3,"name":"Kit d\u2019Accessoris amb M\u00e0nega ON\/OFF"}]},{"@type":"WebSite","@id":"https:\/\/cyclovac.cat\/#website","url":"https:\/\/cyclovac.cat\/","name":"Cyclovac","description":"Amb m\u00e9s de 60 anys d\u2019excel\u00b7l\u00e8ncia, Cyclovac dissenya i fabrica al Canad\u00e0 sistemes d\u2019aspiraci\u00f3 central potents, silenciosos i duradors, amb garanties exclusives de 10 a 25 anys. Gr\u00e0cies a una recerca i desenvolupament continus, oferim solucions a mida que milloren la qualitat de l\u2019aire interior i faciliten la neteja di\u00e0ria. La nostra xarxa global de professionals especialitzats garanteix una instal\u00b7laci\u00f3 i un servei t\u00e8cnic \u00f2ptims, adaptats a les necessitats de cada llar.","publisher":{"@id":"https:\/\/cyclovac.cat\/#organization"},"potentialAction":[{"@type":"SearchAction","target":{"@type":"EntryPoint","urlTemplate":"https:\/\/cyclovac.cat\/?s={search_term_string}"},"query-input":{"@type":"PropertyValueSpecification","valueRequired":true,"valueName":"search_term_string"}}],"inLanguage":"es"},{"@type":"Organization","@id":"https:\/\/cyclovac.cat\/#organization","name":"Cyclovac","url":"https:\/\/cyclovac.cat\/","logo":{"@type":"ImageObject","inLanguage":"es","@id":"https:\/\/cyclovac.cat\/#\/schema\/logo\/image\/","url":"https:\/\/cyclovac.cat\/wp-content\/uploads\/2025\/06\/cyclovac-logo.png","contentUrl":"https:\/\/cyclovac.cat\/wp-content\/uploads\/2025\/06\/cyclovac-logo.png","width":303,"height":57,"caption":"Cyclovac"},"image":{"@id":"https:\/\/cyclovac.cat\/#\/schema\/logo\/image\/"}}]}},"_links":{"self":[{"href":"https:\/\/cyclovac.cat\/es\/wp-json\/wp\/v2\/product\/315","targetHints":{"allow":["GET"]}}],"collection":[{"href":"https:\/\/cyclovac.cat\/es\/wp-json\/wp\/v2\/product"}],"about":[{"href":"https:\/\/cyclovac.cat\/es\/wp-json\/wp\/v2\/types\/product"}],"wp:featuredmedia":[{"embeddable":true,"href":"https:\/\/cyclovac.cat\/es\/wp-json\/wp\/v2\/media\/316"}],"wp:attachment":[{"href":"https:\/\/cyclovac.cat\/es\/wp-json\/wp\/v2\/media?parent=315"}],"wp:term":[{"taxonomy":"product_brand","embeddable":true,"href":"https:\/\/cyclovac.cat\/es\/wp-json\/wp\/v2\/product_brand?post=315"},{"taxonomy":"product_cat","embeddable":true,"href":"https:\/\/cyclovac.cat\/es\/wp-json\/wp\/v2\/product_cat?post=315"},{"taxonomy":"product_tag","embeddable":true,"href":"https:\/\/cyclovac.cat\/es\/wp-json\/wp\/v2\/product_tag?post=315"}],"curies":[{"name":"wp","href":"https:\/\/api.w.org\/{rel}","templated":true}]}}