{"id":349,"date":"2025-06-20T11:50:57","date_gmt":"2025-06-20T09:50:57","guid":{"rendered":"https:\/\/cyclovac.cat\/?post_type=product&#038;p=349"},"modified":"2025-09-08T18:17:32","modified_gmt":"2025-09-08T16:17:32","slug":"manega-basica-standard-hogara","status":"publish","type":"product","link":"https:\/\/cyclovac.cat\/es\/producto\/manega-basica-standard-hogara\/","title":{"rendered":"Manguera B\u00e1sica Standard HOGARA..A"},"content":{"rendered":"<div class=\"et_pb_module et_pb_wc_description et_pb_wc_description_0_tb_body et_pb_bg_layout_light et_pb_text_align_justified\">\n<div class=\"et_pb_module_inner\">\n<div class=\"ds-tienda-producto-breve\"><span class=\"ds-contenido\">M\u00e0nega b\u00e0sica est\u00e0ndard per aspiraci\u00f3 centralitzada Cyclo Vac, molt simple d\u2019utilitzar, nom\u00e9s cal connectar-la a la presa d\u2019aspiraci\u00f3 perqu\u00e8 comenci a aspirar.<\/span><\/div>\n<\/div>\n<\/div>\n<div class=\"et_pb_module et_pb_wc_meta et_pb_wc_meta_0_tb_body et_pb_bg_layout_ et_pb_wc_meta_layout_inline\">\n<div class=\"et_pb_module_inner\">\n<p>Aquesta m\u00e0nega ve amb empunyadura pl\u00e0stica i puntera de fricci\u00f3 per a tub de 32mm<\/p>\n<p>*S\u00f3n compatibles amb totes les unitats centrals i tots els accessoris Cyclo Vac.<\/p>\n<\/div>\n<\/div>","protected":false},"excerpt":{"rendered":"<p>M\u00e0nega b\u00e0sica est\u00e0ndard per aspiraci\u00f3 centralitzada Cyclo Vac, molt simple d\u2019utilitzar, nom\u00e9s cal connectar-la a la presa d\u2019aspiraci\u00f3 perqu\u00e8 comenci a aspirar. Aquesta m\u00e0nega ve amb empunyadura pl\u00e0stica i puntera de fricci\u00f3 per a tub de 32mm *S\u00f3n compatibles amb totes les unitats centrals i tots els accessoris Cyclo Vac.<\/p>","protected":false},"featured_media":350,"template":"","meta":[],"product_brand":[],"product_cat":[26],"product_tag":[],"class_list":{"0":"post-349","1":"product","2":"type-product","3":"status-publish","4":"has-post-thumbnail","6":"product_cat-accesoris-de-neteja","8":"first","9":"instock","10":"shipping-taxable","11":"purchasable","12":"product-type-variable"},"yoast_head":"<!-- This site is optimized with the Yoast SEO plugin v25.5 - https:\/\/yoast.com\/wordpress\/plugins\/seo\/ -->\n<title>M\u00e0nega B\u00e0sica Standard HOGARA..A - Cyclovac<\/title>\n<meta name=\"robots\" content=\"index, follow, max-snippet:-1, max-image-preview:large, max-video-preview:-1\" \/>\n<link rel=\"canonical\" href=\"https:\/\/cyclovac.cat\/es\/producto\/manega-basica-standard-hogara\/\" \/>\n<meta property=\"og:locale\" content=\"es_ES\" \/>\n<meta property=\"og:type\" content=\"article\" \/>\n<meta property=\"og:title\" content=\"M\u00e0nega B\u00e0sica Standard HOGARA..A - Cyclovac\" \/>\n<meta property=\"og:description\" content=\"M\u00e0nega b\u00e0sica est\u00e0ndard per aspiraci\u00f3 centralitzada Cyclo Vac, molt simple d\u2019utilitzar, nom\u00e9s cal connectar-la a la presa d\u2019aspiraci\u00f3 perqu\u00e8 comenci a aspirar. Aquesta m\u00e0nega ve amb empunyadura pl\u00e0stica i puntera de fricci\u00f3 per a tub de 32mm *S\u00f3n compatibles amb totes les unitats centrals i tots els accessoris Cyclo Vac.\" \/>\n<meta property=\"og:url\" content=\"https:\/\/cyclovac.cat\/es\/producto\/manega-basica-standard-hogara\/\" \/>\n<meta property=\"og:site_name\" content=\"Cyclovac\" \/>\n<meta property=\"article:modified_time\" content=\"2025-09-08T16:17:32+00:00\" \/>\n<meta property=\"og:image\" content=\"https:\/\/cyclovac.cat\/wp-content\/uploads\/2025\/06\/tbo2-beff.png\" \/>\n\t<meta property=\"og:image:width\" content=\"1080\" \/>\n\t<meta property=\"og:image:height\" content=\"800\" \/>\n\t<meta property=\"og:image:type\" content=\"image\/png\" \/>\n<meta name=\"twitter:card\" content=\"summary_large_image\" \/>\n<meta name=\"twitter:label1\" content=\"Tiempo de lectura\" \/>\n\t<meta name=\"twitter:data1\" content=\"1 minuto\" \/>\n<script type=\"application\/ld+json\" class=\"yoast-schema-graph\">{\"@context\":\"https:\/\/schema.org\",\"@graph\":[{\"@type\":\"WebPage\",\"@id\":\"https:\/\/cyclovac.cat\/producte\/manega-basica-standard-hogara\/\",\"url\":\"https:\/\/cyclovac.cat\/producte\/manega-basica-standard-hogara\/\",\"name\":\"M\u00e0nega B\u00e0sica Standard HOGARA..A - Cyclovac\",\"isPartOf\":{\"@id\":\"https:\/\/cyclovac.cat\/#website\"},\"primaryImageOfPage\":{\"@id\":\"https:\/\/cyclovac.cat\/producte\/manega-basica-standard-hogara\/#primaryimage\"},\"image\":{\"@id\":\"https:\/\/cyclovac.cat\/producte\/manega-basica-standard-hogara\/#primaryimage\"},\"thumbnailUrl\":\"https:\/\/cyclovac.cat\/wp-content\/uploads\/2025\/06\/tbo2-beff.png\",\"datePublished\":\"2025-06-20T09:50:57+00:00\",\"dateModified\":\"2025-09-08T16:17:32+00:00\",\"breadcrumb\":{\"@id\":\"https:\/\/cyclovac.cat\/producte\/manega-basica-standard-hogara\/#breadcrumb\"},\"inLanguage\":\"es\",\"potentialAction\":[{\"@type\":\"ReadAction\",\"target\":[\"https:\/\/cyclovac.cat\/producte\/manega-basica-standard-hogara\/\"]}]},{\"@type\":\"ImageObject\",\"inLanguage\":\"es\",\"@id\":\"https:\/\/cyclovac.cat\/producte\/manega-basica-standard-hogara\/#primaryimage\",\"url\":\"https:\/\/cyclovac.cat\/wp-content\/uploads\/2025\/06\/tbo2-beff.png\",\"contentUrl\":\"https:\/\/cyclovac.cat\/wp-content\/uploads\/2025\/06\/tbo2-beff.png\",\"width\":1080,\"height\":800},{\"@type\":\"BreadcrumbList\",\"@id\":\"https:\/\/cyclovac.cat\/producte\/manega-basica-standard-hogara\/#breadcrumb\",\"itemListElement\":[{\"@type\":\"ListItem\",\"position\":1,\"name\":\"Inici\",\"item\":\"https:\/\/cyclovac.cat\/\"},{\"@type\":\"ListItem\",\"position\":2,\"name\":\"Cyclovac, Aspiraci\u00f3 centralitzadas\",\"item\":\"https:\/\/cyclovac.cat\/\"},{\"@type\":\"ListItem\",\"position\":3,\"name\":\"M\u00e0nega B\u00e0sica Standard HOGARA..A\"}]},{\"@type\":\"WebSite\",\"@id\":\"https:\/\/cyclovac.cat\/#website\",\"url\":\"https:\/\/cyclovac.cat\/\",\"name\":\"Cyclovac\",\"description\":\"Amb m\u00e9s de 60 anys d\u2019excel\u00b7l\u00e8ncia, Cyclovac dissenya i fabrica al Canad\u00e0 sistemes d\u2019aspiraci\u00f3 central potents, silenciosos i duradors, amb garanties exclusives de 10 a 25 anys. Gr\u00e0cies a una recerca i desenvolupament continus, oferim solucions a mida que milloren la qualitat de l\u2019aire interior i faciliten la neteja di\u00e0ria. La nostra xarxa global de professionals especialitzats garanteix una instal\u00b7laci\u00f3 i un servei t\u00e8cnic \u00f2ptims, adaptats a les necessitats de cada llar.\",\"publisher\":{\"@id\":\"https:\/\/cyclovac.cat\/#organization\"},\"potentialAction\":[{\"@type\":\"SearchAction\",\"target\":{\"@type\":\"EntryPoint\",\"urlTemplate\":\"https:\/\/cyclovac.cat\/?s={search_term_string}\"},\"query-input\":{\"@type\":\"PropertyValueSpecification\",\"valueRequired\":true,\"valueName\":\"search_term_string\"}}],\"inLanguage\":\"es\"},{\"@type\":\"Organization\",\"@id\":\"https:\/\/cyclovac.cat\/#organization\",\"name\":\"Cyclovac\",\"url\":\"https:\/\/cyclovac.cat\/\",\"logo\":{\"@type\":\"ImageObject\",\"inLanguage\":\"es\",\"@id\":\"https:\/\/cyclovac.cat\/#\/schema\/logo\/image\/\",\"url\":\"https:\/\/cyclovac.cat\/wp-content\/uploads\/2025\/06\/cyclovac-logo.png\",\"contentUrl\":\"https:\/\/cyclovac.cat\/wp-content\/uploads\/2025\/06\/cyclovac-logo.png\",\"width\":303,\"height\":57,\"caption\":\"Cyclovac\"},\"image\":{\"@id\":\"https:\/\/cyclovac.cat\/#\/schema\/logo\/image\/\"}}]}<\/script>\n<!-- \/ Yoast SEO plugin. -->","yoast_head_json":{"title":"M\u00e0nega B\u00e0sica Standard HOGARA..A - Cyclovac","robots":{"index":"index","follow":"follow","max-snippet":"max-snippet:-1","max-image-preview":"max-image-preview:large","max-video-preview":"max-video-preview:-1"},"canonical":"https:\/\/cyclovac.cat\/es\/producto\/manega-basica-standard-hogara\/","og_locale":"es_ES","og_type":"article","og_title":"M\u00e0nega B\u00e0sica Standard HOGARA..A - Cyclovac","og_description":"M\u00e0nega b\u00e0sica est\u00e0ndard per aspiraci\u00f3 centralitzada Cyclo Vac, molt simple d\u2019utilitzar, nom\u00e9s cal connectar-la a la presa d\u2019aspiraci\u00f3 perqu\u00e8 comenci a aspirar. Aquesta m\u00e0nega ve amb empunyadura pl\u00e0stica i puntera de fricci\u00f3 per a tub de 32mm *S\u00f3n compatibles amb totes les unitats centrals i tots els accessoris Cyclo Vac.","og_url":"https:\/\/cyclovac.cat\/es\/producto\/manega-basica-standard-hogara\/","og_site_name":"Cyclovac","article_modified_time":"2025-09-08T16:17:32+00:00","og_image":[{"width":1080,"height":800,"url":"https:\/\/cyclovac.cat\/wp-content\/uploads\/2025\/06\/tbo2-beff.png","type":"image\/png"}],"twitter_card":"summary_large_image","twitter_misc":{"Tiempo de lectura":"1 minuto"},"schema":{"@context":"https:\/\/schema.org","@graph":[{"@type":"WebPage","@id":"https:\/\/cyclovac.cat\/producte\/manega-basica-standard-hogara\/","url":"https:\/\/cyclovac.cat\/producte\/manega-basica-standard-hogara\/","name":"M\u00e0nega B\u00e0sica Standard HOGARA..A - Cyclovac","isPartOf":{"@id":"https:\/\/cyclovac.cat\/#website"},"primaryImageOfPage":{"@id":"https:\/\/cyclovac.cat\/producte\/manega-basica-standard-hogara\/#primaryimage"},"image":{"@id":"https:\/\/cyclovac.cat\/producte\/manega-basica-standard-hogara\/#primaryimage"},"thumbnailUrl":"https:\/\/cyclovac.cat\/wp-content\/uploads\/2025\/06\/tbo2-beff.png","datePublished":"2025-06-20T09:50:57+00:00","dateModified":"2025-09-08T16:17:32+00:00","breadcrumb":{"@id":"https:\/\/cyclovac.cat\/producte\/manega-basica-standard-hogara\/#breadcrumb"},"inLanguage":"es","potentialAction":[{"@type":"ReadAction","target":["https:\/\/cyclovac.cat\/producte\/manega-basica-standard-hogara\/"]}]},{"@type":"ImageObject","inLanguage":"es","@id":"https:\/\/cyclovac.cat\/producte\/manega-basica-standard-hogara\/#primaryimage","url":"https:\/\/cyclovac.cat\/wp-content\/uploads\/2025\/06\/tbo2-beff.png","contentUrl":"https:\/\/cyclovac.cat\/wp-content\/uploads\/2025\/06\/tbo2-beff.png","width":1080,"height":800},{"@type":"BreadcrumbList","@id":"https:\/\/cyclovac.cat\/producte\/manega-basica-standard-hogara\/#breadcrumb","itemListElement":[{"@type":"ListItem","position":1,"name":"Inici","item":"https:\/\/cyclovac.cat\/"},{"@type":"ListItem","position":2,"name":"Cyclovac, Aspiraci\u00f3 centralitzadas","item":"https:\/\/cyclovac.cat\/"},{"@type":"ListItem","position":3,"name":"M\u00e0nega B\u00e0sica Standard HOGARA..A"}]},{"@type":"WebSite","@id":"https:\/\/cyclovac.cat\/#website","url":"https:\/\/cyclovac.cat\/","name":"Cyclovac","description":"Amb m\u00e9s de 60 anys d\u2019excel\u00b7l\u00e8ncia, Cyclovac dissenya i fabrica al Canad\u00e0 sistemes d\u2019aspiraci\u00f3 central potents, silenciosos i duradors, amb garanties exclusives de 10 a 25 anys. Gr\u00e0cies a una recerca i desenvolupament continus, oferim solucions a mida que milloren la qualitat de l\u2019aire interior i faciliten la neteja di\u00e0ria. La nostra xarxa global de professionals especialitzats garanteix una instal\u00b7laci\u00f3 i un servei t\u00e8cnic \u00f2ptims, adaptats a les necessitats de cada llar.","publisher":{"@id":"https:\/\/cyclovac.cat\/#organization"},"potentialAction":[{"@type":"SearchAction","target":{"@type":"EntryPoint","urlTemplate":"https:\/\/cyclovac.cat\/?s={search_term_string}"},"query-input":{"@type":"PropertyValueSpecification","valueRequired":true,"valueName":"search_term_string"}}],"inLanguage":"es"},{"@type":"Organization","@id":"https:\/\/cyclovac.cat\/#organization","name":"Cyclovac","url":"https:\/\/cyclovac.cat\/","logo":{"@type":"ImageObject","inLanguage":"es","@id":"https:\/\/cyclovac.cat\/#\/schema\/logo\/image\/","url":"https:\/\/cyclovac.cat\/wp-content\/uploads\/2025\/06\/cyclovac-logo.png","contentUrl":"https:\/\/cyclovac.cat\/wp-content\/uploads\/2025\/06\/cyclovac-logo.png","width":303,"height":57,"caption":"Cyclovac"},"image":{"@id":"https:\/\/cyclovac.cat\/#\/schema\/logo\/image\/"}}]}},"_links":{"self":[{"href":"https:\/\/cyclovac.cat\/es\/wp-json\/wp\/v2\/product\/349","targetHints":{"allow":["GET"]}}],"collection":[{"href":"https:\/\/cyclovac.cat\/es\/wp-json\/wp\/v2\/product"}],"about":[{"href":"https:\/\/cyclovac.cat\/es\/wp-json\/wp\/v2\/types\/product"}],"wp:featuredmedia":[{"embeddable":true,"href":"https:\/\/cyclovac.cat\/es\/wp-json\/wp\/v2\/media\/350"}],"wp:attachment":[{"href":"https:\/\/cyclovac.cat\/es\/wp-json\/wp\/v2\/media?parent=349"}],"wp:term":[{"taxonomy":"product_brand","embeddable":true,"href":"https:\/\/cyclovac.cat\/es\/wp-json\/wp\/v2\/product_brand?post=349"},{"taxonomy":"product_cat","embeddable":true,"href":"https:\/\/cyclovac.cat\/es\/wp-json\/wp\/v2\/product_cat?post=349"},{"taxonomy":"product_tag","embeddable":true,"href":"https:\/\/cyclovac.cat\/es\/wp-json\/wp\/v2\/product_tag?post=349"}],"curies":[{"name":"wp","href":"https:\/\/api.w.org\/{rel}","templated":true}]}}