{"id":371,"date":"2025-06-20T12:13:23","date_gmt":"2025-06-20T10:13:23","guid":{"rendered":"https:\/\/cyclovac.cat\/?post_type=product&#038;p=371"},"modified":"2025-11-27T11:52:40","modified_gmt":"2025-11-27T09:52:40","slug":"aspirador-central-cyclovac-hx615","status":"publish","type":"product","link":"https:\/\/cyclovac.cat\/es\/producto\/aspirador-central-cyclovac-hx615\/","title":{"rendered":"Aspirador Central Cyclovac HX615"},"content":{"rendered":"<h2 style=\"font-size: 24px;\">Aspiraci\u00f3 potent i silenciosa amb el Cyclovac HX615, la soluci\u00f3 ideal per a llars de fins a 300 m\u00b2<\/h2>\n<p><strong>L\u2019aspirador central Cyclo Vac HX615<\/strong> \u00e9s el model m\u00e9s petit amb l\u2019exclusiva tecnologia DataSync que us permet ajustar la pot\u00e8ncia de succi\u00f3 canviant la velocitat del motor i monitoritzant completament l\u2019estat dels filtres.<\/p>\n<p>El motor Ametek utilitzat permet obtenir fins a 700 AirWatts de pot\u00e8ncia de succi\u00f3, amb un volum de dispositiu de menys de 60dB! Fins i tot els usuaris m\u00e9s exigents estaran satisfets amb lelecci\u00f3 de la Cyclovac HX615.<\/p>","protected":false},"excerpt":{"rendered":"<p>Aspiraci\u00f3 potent i silenciosa amb el Cyclovac HX615, la soluci\u00f3 ideal per a llars de fins a 300 m\u00b2 L\u2019aspirador central Cyclo Vac HX615 \u00e9s el model m\u00e9s petit amb l\u2019exclusiva tecnologia DataSync que us permet ajustar la pot\u00e8ncia de succi\u00f3 canviant la velocitat del motor i monitoritzant completament l\u2019estat dels filtres. El motor Ametek [&hellip;]<\/p>","protected":false},"featured_media":372,"template":"","meta":[],"product_brand":[],"product_cat":[27],"product_tag":[],"class_list":{"0":"post-371","1":"product","2":"type-product","3":"status-publish","4":"has-post-thumbnail","6":"product_cat-aspiradors-centrals","8":"first","9":"instock","10":"shipping-taxable","11":"purchasable","12":"product-type-simple"},"yoast_head":"<!-- This site is optimized with the Yoast SEO plugin v25.5 - https:\/\/yoast.com\/wordpress\/plugins\/seo\/ -->\n<title>Aspirador Central Cyclovac HX615 - Cyclovac<\/title>\n<meta name=\"description\" content=\"L\u2019aspirador central Cyclo Vac HX615 \u00e9s el model m\u00e9s petit amb l\u2019exclusiva tecnologia DataSync que us permet ajustar la pot\u00e8ncia de succi\u00f3 canviant la velocitat del motor i monitoritzant completament l\u2019estat dels filtres.\" \/>\n<meta name=\"robots\" content=\"index, follow, max-snippet:-1, max-image-preview:large, max-video-preview:-1\" \/>\n<link rel=\"canonical\" href=\"https:\/\/cyclovac.cat\/es\/producto\/aspirador-central-cyclovac-hx615\/\" \/>\n<meta property=\"og:locale\" content=\"es_ES\" \/>\n<meta property=\"og:type\" content=\"article\" \/>\n<meta property=\"og:title\" content=\"Aspirador Central Cyclovac HX615 - Cyclovac\" \/>\n<meta property=\"og:description\" content=\"L\u2019aspirador central Cyclo Vac HX615 \u00e9s el model m\u00e9s petit amb l\u2019exclusiva tecnologia DataSync que us permet ajustar la pot\u00e8ncia de succi\u00f3 canviant la velocitat del motor i monitoritzant completament l\u2019estat dels filtres.\" \/>\n<meta property=\"og:url\" content=\"https:\/\/cyclovac.cat\/es\/producto\/aspirador-central-cyclovac-hx615\/\" \/>\n<meta property=\"og:site_name\" content=\"Cyclovac\" \/>\n<meta property=\"article:modified_time\" content=\"2025-11-27T09:52:40+00:00\" \/>\n<meta property=\"og:image\" content=\"https:\/\/cyclovac.cat\/wp-content\/uploads\/2025\/06\/ACYHX615E.jpg\" \/>\n\t<meta property=\"og:image:width\" content=\"1080\" \/>\n\t<meta property=\"og:image:height\" content=\"800\" \/>\n\t<meta property=\"og:image:type\" content=\"image\/jpeg\" \/>\n<meta name=\"twitter:card\" content=\"summary_large_image\" \/>\n<meta name=\"twitter:label1\" content=\"Tiempo de lectura\" \/>\n\t<meta name=\"twitter:data1\" content=\"1 minuto\" \/>\n<script type=\"application\/ld+json\" class=\"yoast-schema-graph\">{\"@context\":\"https:\/\/schema.org\",\"@graph\":[{\"@type\":\"WebPage\",\"@id\":\"https:\/\/cyclovac.cat\/producte\/aspirador-central-cyclovac-hx615\/\",\"url\":\"https:\/\/cyclovac.cat\/producte\/aspirador-central-cyclovac-hx615\/\",\"name\":\"Aspirador Central Cyclovac HX615 - Cyclovac\",\"isPartOf\":{\"@id\":\"https:\/\/cyclovac.cat\/#website\"},\"primaryImageOfPage\":{\"@id\":\"https:\/\/cyclovac.cat\/producte\/aspirador-central-cyclovac-hx615\/#primaryimage\"},\"image\":{\"@id\":\"https:\/\/cyclovac.cat\/producte\/aspirador-central-cyclovac-hx615\/#primaryimage\"},\"thumbnailUrl\":\"https:\/\/cyclovac.cat\/wp-content\/uploads\/2025\/06\/ACYHX615E.jpg\",\"datePublished\":\"2025-06-20T10:13:23+00:00\",\"dateModified\":\"2025-11-27T09:52:40+00:00\",\"description\":\"L\u2019aspirador central Cyclo Vac HX615 \u00e9s el model m\u00e9s petit amb l\u2019exclusiva tecnologia DataSync que us permet ajustar la pot\u00e8ncia de succi\u00f3 canviant la velocitat del motor i monitoritzant completament l\u2019estat dels filtres.\",\"breadcrumb\":{\"@id\":\"https:\/\/cyclovac.cat\/producte\/aspirador-central-cyclovac-hx615\/#breadcrumb\"},\"inLanguage\":\"es\",\"potentialAction\":[{\"@type\":\"ReadAction\",\"target\":[\"https:\/\/cyclovac.cat\/producte\/aspirador-central-cyclovac-hx615\/\"]}]},{\"@type\":\"ImageObject\",\"inLanguage\":\"es\",\"@id\":\"https:\/\/cyclovac.cat\/producte\/aspirador-central-cyclovac-hx615\/#primaryimage\",\"url\":\"https:\/\/cyclovac.cat\/wp-content\/uploads\/2025\/06\/ACYHX615E.jpg\",\"contentUrl\":\"https:\/\/cyclovac.cat\/wp-content\/uploads\/2025\/06\/ACYHX615E.jpg\",\"width\":1080,\"height\":800},{\"@type\":\"BreadcrumbList\",\"@id\":\"https:\/\/cyclovac.cat\/producte\/aspirador-central-cyclovac-hx615\/#breadcrumb\",\"itemListElement\":[{\"@type\":\"ListItem\",\"position\":1,\"name\":\"Inici\",\"item\":\"https:\/\/cyclovac.cat\/\"},{\"@type\":\"ListItem\",\"position\":2,\"name\":\"Cyclovac, Aspiraci\u00f3 centralitzadas\",\"item\":\"https:\/\/cyclovac.cat\/\"},{\"@type\":\"ListItem\",\"position\":3,\"name\":\"Aspirador Central Cyclovac HX615\"}]},{\"@type\":\"WebSite\",\"@id\":\"https:\/\/cyclovac.cat\/#website\",\"url\":\"https:\/\/cyclovac.cat\/\",\"name\":\"Cyclovac\",\"description\":\"Amb m\u00e9s de 60 anys d\u2019excel\u00b7l\u00e8ncia, Cyclovac dissenya i fabrica al Canad\u00e0 sistemes d\u2019aspiraci\u00f3 central potents, silenciosos i duradors, amb garanties exclusives de 10 a 25 anys. Gr\u00e0cies a una recerca i desenvolupament continus, oferim solucions a mida que milloren la qualitat de l\u2019aire interior i faciliten la neteja di\u00e0ria. La nostra xarxa global de professionals especialitzats garanteix una instal\u00b7laci\u00f3 i un servei t\u00e8cnic \u00f2ptims, adaptats a les necessitats de cada llar.\",\"publisher\":{\"@id\":\"https:\/\/cyclovac.cat\/#organization\"},\"potentialAction\":[{\"@type\":\"SearchAction\",\"target\":{\"@type\":\"EntryPoint\",\"urlTemplate\":\"https:\/\/cyclovac.cat\/?s={search_term_string}\"},\"query-input\":{\"@type\":\"PropertyValueSpecification\",\"valueRequired\":true,\"valueName\":\"search_term_string\"}}],\"inLanguage\":\"es\"},{\"@type\":\"Organization\",\"@id\":\"https:\/\/cyclovac.cat\/#organization\",\"name\":\"Cyclovac\",\"url\":\"https:\/\/cyclovac.cat\/\",\"logo\":{\"@type\":\"ImageObject\",\"inLanguage\":\"es\",\"@id\":\"https:\/\/cyclovac.cat\/#\/schema\/logo\/image\/\",\"url\":\"https:\/\/cyclovac.cat\/wp-content\/uploads\/2025\/06\/cyclovac-logo.png\",\"contentUrl\":\"https:\/\/cyclovac.cat\/wp-content\/uploads\/2025\/06\/cyclovac-logo.png\",\"width\":303,\"height\":57,\"caption\":\"Cyclovac\"},\"image\":{\"@id\":\"https:\/\/cyclovac.cat\/#\/schema\/logo\/image\/\"}}]}<\/script>\n<!-- \/ Yoast SEO plugin. -->","yoast_head_json":{"title":"Aspirador Central Cyclovac HX615 - Cyclovac","description":"L\u2019aspirador central Cyclo Vac HX615 \u00e9s el model m\u00e9s petit amb l\u2019exclusiva tecnologia DataSync que us permet ajustar la pot\u00e8ncia de succi\u00f3 canviant la velocitat del motor i monitoritzant completament l\u2019estat dels filtres.","robots":{"index":"index","follow":"follow","max-snippet":"max-snippet:-1","max-image-preview":"max-image-preview:large","max-video-preview":"max-video-preview:-1"},"canonical":"https:\/\/cyclovac.cat\/es\/producto\/aspirador-central-cyclovac-hx615\/","og_locale":"es_ES","og_type":"article","og_title":"Aspirador Central Cyclovac HX615 - Cyclovac","og_description":"L\u2019aspirador central Cyclo Vac HX615 \u00e9s el model m\u00e9s petit amb l\u2019exclusiva tecnologia DataSync que us permet ajustar la pot\u00e8ncia de succi\u00f3 canviant la velocitat del motor i monitoritzant completament l\u2019estat dels filtres.","og_url":"https:\/\/cyclovac.cat\/es\/producto\/aspirador-central-cyclovac-hx615\/","og_site_name":"Cyclovac","article_modified_time":"2025-11-27T09:52:40+00:00","og_image":[{"width":1080,"height":800,"url":"https:\/\/cyclovac.cat\/wp-content\/uploads\/2025\/06\/ACYHX615E.jpg","type":"image\/jpeg"}],"twitter_card":"summary_large_image","twitter_misc":{"Tiempo de lectura":"1 minuto"},"schema":{"@context":"https:\/\/schema.org","@graph":[{"@type":"WebPage","@id":"https:\/\/cyclovac.cat\/producte\/aspirador-central-cyclovac-hx615\/","url":"https:\/\/cyclovac.cat\/producte\/aspirador-central-cyclovac-hx615\/","name":"Aspirador Central Cyclovac HX615 - Cyclovac","isPartOf":{"@id":"https:\/\/cyclovac.cat\/#website"},"primaryImageOfPage":{"@id":"https:\/\/cyclovac.cat\/producte\/aspirador-central-cyclovac-hx615\/#primaryimage"},"image":{"@id":"https:\/\/cyclovac.cat\/producte\/aspirador-central-cyclovac-hx615\/#primaryimage"},"thumbnailUrl":"https:\/\/cyclovac.cat\/wp-content\/uploads\/2025\/06\/ACYHX615E.jpg","datePublished":"2025-06-20T10:13:23+00:00","dateModified":"2025-11-27T09:52:40+00:00","description":"L\u2019aspirador central Cyclo Vac HX615 \u00e9s el model m\u00e9s petit amb l\u2019exclusiva tecnologia DataSync que us permet ajustar la pot\u00e8ncia de succi\u00f3 canviant la velocitat del motor i monitoritzant completament l\u2019estat dels filtres.","breadcrumb":{"@id":"https:\/\/cyclovac.cat\/producte\/aspirador-central-cyclovac-hx615\/#breadcrumb"},"inLanguage":"es","potentialAction":[{"@type":"ReadAction","target":["https:\/\/cyclovac.cat\/producte\/aspirador-central-cyclovac-hx615\/"]}]},{"@type":"ImageObject","inLanguage":"es","@id":"https:\/\/cyclovac.cat\/producte\/aspirador-central-cyclovac-hx615\/#primaryimage","url":"https:\/\/cyclovac.cat\/wp-content\/uploads\/2025\/06\/ACYHX615E.jpg","contentUrl":"https:\/\/cyclovac.cat\/wp-content\/uploads\/2025\/06\/ACYHX615E.jpg","width":1080,"height":800},{"@type":"BreadcrumbList","@id":"https:\/\/cyclovac.cat\/producte\/aspirador-central-cyclovac-hx615\/#breadcrumb","itemListElement":[{"@type":"ListItem","position":1,"name":"Inici","item":"https:\/\/cyclovac.cat\/"},{"@type":"ListItem","position":2,"name":"Cyclovac, Aspiraci\u00f3 centralitzadas","item":"https:\/\/cyclovac.cat\/"},{"@type":"ListItem","position":3,"name":"Aspirador Central Cyclovac HX615"}]},{"@type":"WebSite","@id":"https:\/\/cyclovac.cat\/#website","url":"https:\/\/cyclovac.cat\/","name":"Cyclovac","description":"Amb m\u00e9s de 60 anys d\u2019excel\u00b7l\u00e8ncia, Cyclovac dissenya i fabrica al Canad\u00e0 sistemes d\u2019aspiraci\u00f3 central potents, silenciosos i duradors, amb garanties exclusives de 10 a 25 anys. Gr\u00e0cies a una recerca i desenvolupament continus, oferim solucions a mida que milloren la qualitat de l\u2019aire interior i faciliten la neteja di\u00e0ria. La nostra xarxa global de professionals especialitzats garanteix una instal\u00b7laci\u00f3 i un servei t\u00e8cnic \u00f2ptims, adaptats a les necessitats de cada llar.","publisher":{"@id":"https:\/\/cyclovac.cat\/#organization"},"potentialAction":[{"@type":"SearchAction","target":{"@type":"EntryPoint","urlTemplate":"https:\/\/cyclovac.cat\/?s={search_term_string}"},"query-input":{"@type":"PropertyValueSpecification","valueRequired":true,"valueName":"search_term_string"}}],"inLanguage":"es"},{"@type":"Organization","@id":"https:\/\/cyclovac.cat\/#organization","name":"Cyclovac","url":"https:\/\/cyclovac.cat\/","logo":{"@type":"ImageObject","inLanguage":"es","@id":"https:\/\/cyclovac.cat\/#\/schema\/logo\/image\/","url":"https:\/\/cyclovac.cat\/wp-content\/uploads\/2025\/06\/cyclovac-logo.png","contentUrl":"https:\/\/cyclovac.cat\/wp-content\/uploads\/2025\/06\/cyclovac-logo.png","width":303,"height":57,"caption":"Cyclovac"},"image":{"@id":"https:\/\/cyclovac.cat\/#\/schema\/logo\/image\/"}}]}},"_links":{"self":[{"href":"https:\/\/cyclovac.cat\/es\/wp-json\/wp\/v2\/product\/371","targetHints":{"allow":["GET"]}}],"collection":[{"href":"https:\/\/cyclovac.cat\/es\/wp-json\/wp\/v2\/product"}],"about":[{"href":"https:\/\/cyclovac.cat\/es\/wp-json\/wp\/v2\/types\/product"}],"wp:featuredmedia":[{"embeddable":true,"href":"https:\/\/cyclovac.cat\/es\/wp-json\/wp\/v2\/media\/372"}],"wp:attachment":[{"href":"https:\/\/cyclovac.cat\/es\/wp-json\/wp\/v2\/media?parent=371"}],"wp:term":[{"taxonomy":"product_brand","embeddable":true,"href":"https:\/\/cyclovac.cat\/es\/wp-json\/wp\/v2\/product_brand?post=371"},{"taxonomy":"product_cat","embeddable":true,"href":"https:\/\/cyclovac.cat\/es\/wp-json\/wp\/v2\/product_cat?post=371"},{"taxonomy":"product_tag","embeddable":true,"href":"https:\/\/cyclovac.cat\/es\/wp-json\/wp\/v2\/product_tag?post=371"}],"curies":[{"name":"wp","href":"https:\/\/api.w.org\/{rel}","templated":true}]}}