{"id":377,"date":"2025-06-20T12:16:31","date_gmt":"2025-06-20T10:16:31","guid":{"rendered":"https:\/\/cyclovac.cat\/?post_type=product&#038;p=377"},"modified":"2025-11-27T14:05:11","modified_gmt":"2025-11-27T12:05:11","slug":"aspiradora-central-cyclo-vac-h2025","status":"publish","type":"product","link":"https:\/\/cyclovac.cat\/es\/producto\/aspiradora-central-cyclo-vac-h2025\/","title":{"rendered":"Aspiradora Central Cyclo Vac H2025"},"content":{"rendered":"<h2 style=\"font-size: 24px;\">Cyclo Vac H2025: m\u00e9s pot\u00e8ncia, m\u00e9s efici\u00e8ncia i un entorn m\u00e9s net<\/h2>\n<p><strong>L\u2019aspiradora central Cyclo Vac H2025<\/strong> \u00e9s la successora de l\u2019 <strong>H2015.<\/strong> El disseny \u00fanic que combina dos motors Ametek, cadascun amb dues etapes, col\u00b7locats en s\u00e8rie i assegura una impressionant pot\u00e8ncia de succi\u00f3 de m\u00e9s de <strong>42kP.<\/strong><\/p>\n<p>Recomanada per a un rang <strong>d\u20191 a 18 preses.<\/strong><\/p>\n<p data-start=\"36\" data-end=\"151\">Aix\u00f2 permet una efici\u00e8ncia de neteja sense precedents tant per al sistema tradicional com per al sistema Retraflex.<\/p>\n<p data-start=\"153\" data-end=\"332\" data-is-last-node=\"\" data-is-only-node=\"\"><strong>Quina \u00e9s la gran difer\u00e8ncia entre l\u2019H2015 i l\u2019H2025?<\/strong><br \/>\nL\u2019H2025 est\u00e0 equipat amb dos motors de nova tecnologia i amb una vida \u00fatil m\u00e9s llarga en hores d\u2019\u00fas, amb la m\u00e0xima efici\u00e8ncia!<\/p>\n<p data-start=\"35\" data-end=\"219\">El model Cyclovac H2025 est\u00e0 equipat amb un filtre de carboni addicional, que redueix la deposici\u00f3 de pols de carboni produ\u00efda per la inducci\u00f3 de les escombretes del motor durant l\u2019\u00fas.<\/p>\n<p data-start=\"221\" data-end=\"361\" data-is-last-node=\"\" data-is-only-node=\"\">Aquest filtre facilita mantenir un espai net al voltant de l\u2019aspiradora, permetent la seva instal\u00b7laci\u00f3 en qualsevol estan\u00e7a de l\u2019habitatge.<\/p>","protected":false},"excerpt":{"rendered":"<p>Cyclo Vac H2025: m\u00e9s pot\u00e8ncia, m\u00e9s efici\u00e8ncia i un entorn m\u00e9s net L\u2019aspiradora central Cyclo Vac H2025 \u00e9s la successora de l\u2019 H2015. El disseny \u00fanic que combina dos motors Ametek, cadascun amb dues etapes, col\u00b7locats en s\u00e8rie i assegura una impressionant pot\u00e8ncia de succi\u00f3 de m\u00e9s de 42kP. Recomanada per a un rang d\u20191 [&hellip;]<\/p>","protected":false},"featured_media":378,"template":"","meta":[],"product_brand":[],"product_cat":[27],"product_tag":[],"class_list":{"0":"post-377","1":"product","2":"type-product","3":"status-publish","4":"has-post-thumbnail","6":"product_cat-aspiradors-centrals","8":"first","9":"instock","10":"shipping-taxable","11":"purchasable","12":"product-type-simple"},"yoast_head":"<!-- This site is optimized with the Yoast SEO plugin v25.5 - https:\/\/yoast.com\/wordpress\/plugins\/seo\/ -->\n<title>Aspiradora Central Cyclo Vac H2025 - Cyclovac<\/title>\n<meta name=\"description\" content=\"Cyclo Vac H2025: m\u00e9s pot\u00e8ncia, m\u00e9s efici\u00e8ncia i un entorn m\u00e9s net. L\u2019aspiradora central Cyclo Vac H2025 \u00e9s la successora de l\u2019 H2015.\" \/>\n<meta name=\"robots\" content=\"index, follow, max-snippet:-1, max-image-preview:large, max-video-preview:-1\" \/>\n<link rel=\"canonical\" href=\"https:\/\/cyclovac.cat\/es\/producto\/aspiradora-central-cyclo-vac-h2025\/\" \/>\n<meta property=\"og:locale\" content=\"es_ES\" \/>\n<meta property=\"og:type\" content=\"article\" \/>\n<meta property=\"og:title\" content=\"Aspiradora Central Cyclo Vac H2025 - Cyclovac\" \/>\n<meta property=\"og:description\" content=\"Cyclo Vac H2025: m\u00e9s pot\u00e8ncia, m\u00e9s efici\u00e8ncia i un entorn m\u00e9s net. L\u2019aspiradora central Cyclo Vac H2025 \u00e9s la successora de l\u2019 H2015.\" \/>\n<meta property=\"og:url\" content=\"https:\/\/cyclovac.cat\/es\/producto\/aspiradora-central-cyclo-vac-h2025\/\" \/>\n<meta property=\"og:site_name\" content=\"Cyclovac\" \/>\n<meta property=\"article:modified_time\" content=\"2025-11-27T12:05:11+00:00\" \/>\n<meta property=\"og:image\" content=\"https:\/\/cyclovac.cat\/wp-content\/uploads\/2025\/06\/ACYH725E-1-1.png\" \/>\n\t<meta property=\"og:image:width\" content=\"1080\" \/>\n\t<meta property=\"og:image:height\" content=\"800\" \/>\n\t<meta property=\"og:image:type\" content=\"image\/png\" \/>\n<meta name=\"twitter:card\" content=\"summary_large_image\" \/>\n<meta name=\"twitter:label1\" content=\"Tiempo de lectura\" \/>\n\t<meta name=\"twitter:data1\" content=\"2 minutos\" \/>\n<script type=\"application\/ld+json\" class=\"yoast-schema-graph\">{\"@context\":\"https:\/\/schema.org\",\"@graph\":[{\"@type\":\"WebPage\",\"@id\":\"https:\/\/cyclovac.cat\/producte\/aspiradora-central-cyclo-vac-h2025\/\",\"url\":\"https:\/\/cyclovac.cat\/producte\/aspiradora-central-cyclo-vac-h2025\/\",\"name\":\"Aspiradora Central Cyclo Vac H2025 - Cyclovac\",\"isPartOf\":{\"@id\":\"https:\/\/cyclovac.cat\/#website\"},\"primaryImageOfPage\":{\"@id\":\"https:\/\/cyclovac.cat\/producte\/aspiradora-central-cyclo-vac-h2025\/#primaryimage\"},\"image\":{\"@id\":\"https:\/\/cyclovac.cat\/producte\/aspiradora-central-cyclo-vac-h2025\/#primaryimage\"},\"thumbnailUrl\":\"https:\/\/cyclovac.cat\/wp-content\/uploads\/2025\/06\/ACYH725E-1-1.png\",\"datePublished\":\"2025-06-20T10:16:31+00:00\",\"dateModified\":\"2025-11-27T12:05:11+00:00\",\"description\":\"Cyclo Vac H2025: m\u00e9s pot\u00e8ncia, m\u00e9s efici\u00e8ncia i un entorn m\u00e9s net. L\u2019aspiradora central Cyclo Vac H2025 \u00e9s la successora de l\u2019 H2015.\",\"breadcrumb\":{\"@id\":\"https:\/\/cyclovac.cat\/producte\/aspiradora-central-cyclo-vac-h2025\/#breadcrumb\"},\"inLanguage\":\"es\",\"potentialAction\":[{\"@type\":\"ReadAction\",\"target\":[\"https:\/\/cyclovac.cat\/producte\/aspiradora-central-cyclo-vac-h2025\/\"]}]},{\"@type\":\"ImageObject\",\"inLanguage\":\"es\",\"@id\":\"https:\/\/cyclovac.cat\/producte\/aspiradora-central-cyclo-vac-h2025\/#primaryimage\",\"url\":\"https:\/\/cyclovac.cat\/wp-content\/uploads\/2025\/06\/ACYH725E-1-1.png\",\"contentUrl\":\"https:\/\/cyclovac.cat\/wp-content\/uploads\/2025\/06\/ACYH725E-1-1.png\",\"width\":1080,\"height\":800,\"caption\":\"Aspiradora Central Cyclovac H725\"},{\"@type\":\"BreadcrumbList\",\"@id\":\"https:\/\/cyclovac.cat\/producte\/aspiradora-central-cyclo-vac-h2025\/#breadcrumb\",\"itemListElement\":[{\"@type\":\"ListItem\",\"position\":1,\"name\":\"Inici\",\"item\":\"https:\/\/cyclovac.cat\/\"},{\"@type\":\"ListItem\",\"position\":2,\"name\":\"Cyclovac, Aspiraci\u00f3 centralitzadas\",\"item\":\"https:\/\/cyclovac.cat\/\"},{\"@type\":\"ListItem\",\"position\":3,\"name\":\"Aspiradora Central Cyclo Vac H2025\"}]},{\"@type\":\"WebSite\",\"@id\":\"https:\/\/cyclovac.cat\/#website\",\"url\":\"https:\/\/cyclovac.cat\/\",\"name\":\"Cyclovac\",\"description\":\"Amb m\u00e9s de 60 anys d\u2019excel\u00b7l\u00e8ncia, Cyclovac dissenya i fabrica al Canad\u00e0 sistemes d\u2019aspiraci\u00f3 central potents, silenciosos i duradors, amb garanties exclusives de 10 a 25 anys. Gr\u00e0cies a una recerca i desenvolupament continus, oferim solucions a mida que milloren la qualitat de l\u2019aire interior i faciliten la neteja di\u00e0ria. La nostra xarxa global de professionals especialitzats garanteix una instal\u00b7laci\u00f3 i un servei t\u00e8cnic \u00f2ptims, adaptats a les necessitats de cada llar.\",\"publisher\":{\"@id\":\"https:\/\/cyclovac.cat\/#organization\"},\"potentialAction\":[{\"@type\":\"SearchAction\",\"target\":{\"@type\":\"EntryPoint\",\"urlTemplate\":\"https:\/\/cyclovac.cat\/?s={search_term_string}\"},\"query-input\":{\"@type\":\"PropertyValueSpecification\",\"valueRequired\":true,\"valueName\":\"search_term_string\"}}],\"inLanguage\":\"es\"},{\"@type\":\"Organization\",\"@id\":\"https:\/\/cyclovac.cat\/#organization\",\"name\":\"Cyclovac\",\"url\":\"https:\/\/cyclovac.cat\/\",\"logo\":{\"@type\":\"ImageObject\",\"inLanguage\":\"es\",\"@id\":\"https:\/\/cyclovac.cat\/#\/schema\/logo\/image\/\",\"url\":\"https:\/\/cyclovac.cat\/wp-content\/uploads\/2025\/06\/cyclovac-logo.png\",\"contentUrl\":\"https:\/\/cyclovac.cat\/wp-content\/uploads\/2025\/06\/cyclovac-logo.png\",\"width\":303,\"height\":57,\"caption\":\"Cyclovac\"},\"image\":{\"@id\":\"https:\/\/cyclovac.cat\/#\/schema\/logo\/image\/\"}}]}<\/script>\n<!-- \/ Yoast SEO plugin. -->","yoast_head_json":{"title":"Aspiradora Central Cyclo Vac H2025 - Cyclovac","description":"Cyclo Vac H2025: m\u00e9s pot\u00e8ncia, m\u00e9s efici\u00e8ncia i un entorn m\u00e9s net. L\u2019aspiradora central Cyclo Vac H2025 \u00e9s la successora de l\u2019 H2015.","robots":{"index":"index","follow":"follow","max-snippet":"max-snippet:-1","max-image-preview":"max-image-preview:large","max-video-preview":"max-video-preview:-1"},"canonical":"https:\/\/cyclovac.cat\/es\/producto\/aspiradora-central-cyclo-vac-h2025\/","og_locale":"es_ES","og_type":"article","og_title":"Aspiradora Central Cyclo Vac H2025 - Cyclovac","og_description":"Cyclo Vac H2025: m\u00e9s pot\u00e8ncia, m\u00e9s efici\u00e8ncia i un entorn m\u00e9s net. L\u2019aspiradora central Cyclo Vac H2025 \u00e9s la successora de l\u2019 H2015.","og_url":"https:\/\/cyclovac.cat\/es\/producto\/aspiradora-central-cyclo-vac-h2025\/","og_site_name":"Cyclovac","article_modified_time":"2025-11-27T12:05:11+00:00","og_image":[{"width":1080,"height":800,"url":"https:\/\/cyclovac.cat\/wp-content\/uploads\/2025\/06\/ACYH725E-1-1.png","type":"image\/png"}],"twitter_card":"summary_large_image","twitter_misc":{"Tiempo de lectura":"2 minutos"},"schema":{"@context":"https:\/\/schema.org","@graph":[{"@type":"WebPage","@id":"https:\/\/cyclovac.cat\/producte\/aspiradora-central-cyclo-vac-h2025\/","url":"https:\/\/cyclovac.cat\/producte\/aspiradora-central-cyclo-vac-h2025\/","name":"Aspiradora Central Cyclo Vac H2025 - Cyclovac","isPartOf":{"@id":"https:\/\/cyclovac.cat\/#website"},"primaryImageOfPage":{"@id":"https:\/\/cyclovac.cat\/producte\/aspiradora-central-cyclo-vac-h2025\/#primaryimage"},"image":{"@id":"https:\/\/cyclovac.cat\/producte\/aspiradora-central-cyclo-vac-h2025\/#primaryimage"},"thumbnailUrl":"https:\/\/cyclovac.cat\/wp-content\/uploads\/2025\/06\/ACYH725E-1-1.png","datePublished":"2025-06-20T10:16:31+00:00","dateModified":"2025-11-27T12:05:11+00:00","description":"Cyclo Vac H2025: m\u00e9s pot\u00e8ncia, m\u00e9s efici\u00e8ncia i un entorn m\u00e9s net. L\u2019aspiradora central Cyclo Vac H2025 \u00e9s la successora de l\u2019 H2015.","breadcrumb":{"@id":"https:\/\/cyclovac.cat\/producte\/aspiradora-central-cyclo-vac-h2025\/#breadcrumb"},"inLanguage":"es","potentialAction":[{"@type":"ReadAction","target":["https:\/\/cyclovac.cat\/producte\/aspiradora-central-cyclo-vac-h2025\/"]}]},{"@type":"ImageObject","inLanguage":"es","@id":"https:\/\/cyclovac.cat\/producte\/aspiradora-central-cyclo-vac-h2025\/#primaryimage","url":"https:\/\/cyclovac.cat\/wp-content\/uploads\/2025\/06\/ACYH725E-1-1.png","contentUrl":"https:\/\/cyclovac.cat\/wp-content\/uploads\/2025\/06\/ACYH725E-1-1.png","width":1080,"height":800,"caption":"Aspiradora Central Cyclovac H725"},{"@type":"BreadcrumbList","@id":"https:\/\/cyclovac.cat\/producte\/aspiradora-central-cyclo-vac-h2025\/#breadcrumb","itemListElement":[{"@type":"ListItem","position":1,"name":"Inici","item":"https:\/\/cyclovac.cat\/"},{"@type":"ListItem","position":2,"name":"Cyclovac, Aspiraci\u00f3 centralitzadas","item":"https:\/\/cyclovac.cat\/"},{"@type":"ListItem","position":3,"name":"Aspiradora Central Cyclo Vac H2025"}]},{"@type":"WebSite","@id":"https:\/\/cyclovac.cat\/#website","url":"https:\/\/cyclovac.cat\/","name":"Cyclovac","description":"Amb m\u00e9s de 60 anys d\u2019excel\u00b7l\u00e8ncia, Cyclovac dissenya i fabrica al Canad\u00e0 sistemes d\u2019aspiraci\u00f3 central potents, silenciosos i duradors, amb garanties exclusives de 10 a 25 anys. Gr\u00e0cies a una recerca i desenvolupament continus, oferim solucions a mida que milloren la qualitat de l\u2019aire interior i faciliten la neteja di\u00e0ria. La nostra xarxa global de professionals especialitzats garanteix una instal\u00b7laci\u00f3 i un servei t\u00e8cnic \u00f2ptims, adaptats a les necessitats de cada llar.","publisher":{"@id":"https:\/\/cyclovac.cat\/#organization"},"potentialAction":[{"@type":"SearchAction","target":{"@type":"EntryPoint","urlTemplate":"https:\/\/cyclovac.cat\/?s={search_term_string}"},"query-input":{"@type":"PropertyValueSpecification","valueRequired":true,"valueName":"search_term_string"}}],"inLanguage":"es"},{"@type":"Organization","@id":"https:\/\/cyclovac.cat\/#organization","name":"Cyclovac","url":"https:\/\/cyclovac.cat\/","logo":{"@type":"ImageObject","inLanguage":"es","@id":"https:\/\/cyclovac.cat\/#\/schema\/logo\/image\/","url":"https:\/\/cyclovac.cat\/wp-content\/uploads\/2025\/06\/cyclovac-logo.png","contentUrl":"https:\/\/cyclovac.cat\/wp-content\/uploads\/2025\/06\/cyclovac-logo.png","width":303,"height":57,"caption":"Cyclovac"},"image":{"@id":"https:\/\/cyclovac.cat\/#\/schema\/logo\/image\/"}}]}},"_links":{"self":[{"href":"https:\/\/cyclovac.cat\/es\/wp-json\/wp\/v2\/product\/377","targetHints":{"allow":["GET"]}}],"collection":[{"href":"https:\/\/cyclovac.cat\/es\/wp-json\/wp\/v2\/product"}],"about":[{"href":"https:\/\/cyclovac.cat\/es\/wp-json\/wp\/v2\/types\/product"}],"wp:featuredmedia":[{"embeddable":true,"href":"https:\/\/cyclovac.cat\/es\/wp-json\/wp\/v2\/media\/378"}],"wp:attachment":[{"href":"https:\/\/cyclovac.cat\/es\/wp-json\/wp\/v2\/media?parent=377"}],"wp:term":[{"taxonomy":"product_brand","embeddable":true,"href":"https:\/\/cyclovac.cat\/es\/wp-json\/wp\/v2\/product_brand?post=377"},{"taxonomy":"product_cat","embeddable":true,"href":"https:\/\/cyclovac.cat\/es\/wp-json\/wp\/v2\/product_cat?post=377"},{"taxonomy":"product_tag","embeddable":true,"href":"https:\/\/cyclovac.cat\/es\/wp-json\/wp\/v2\/product_tag?post=377"}],"curies":[{"name":"wp","href":"https:\/\/api.w.org\/{rel}","templated":true}]}}