{"id":379,"date":"2025-06-20T12:19:39","date_gmt":"2025-06-20T10:19:39","guid":{"rendered":"https:\/\/cyclovac.cat\/?post_type=product&#038;p=379"},"modified":"2025-11-27T13:47:42","modified_gmt":"2025-11-27T11:47:42","slug":"aspiradora-central-cyclovac-h215","status":"publish","type":"product","link":"https:\/\/cyclovac.cat\/es\/producto\/aspiradora-central-cyclovac-h215\/","title":{"rendered":"Aspiradora Central Cyclovac H215"},"content":{"rendered":"<h2 style=\"font-size: 24px;\">Aspiradora Central Cyclo Vac H215: pot\u00e8ncia i silenci per a petites cases unifamiliars<\/h2>\n<p><strong>L\u2019aspiradora central Cyclo Vac H215<\/strong> \u00e9s una de m\u00e9s populars per a petites cases unifamiliars juntament amb la H615. Carcassa met\u00e0l\u00b7lica robusta i turbina muntada <strong>d\u2019AMETEK,<\/strong> amb una for\u00e7a de succi\u00f3 superior a la mitjana de fins a <strong>650 AirWatts.<\/strong><\/p>\n<p>\u00c9s una de les aspiradores centrals m\u00e9s silencioses del mercat, amb un volum inferior <strong>a 59 dB.<\/strong> Gr\u00e0cies a aquests par\u00e0metres, aquest model \u00e9s \u00e0mpliament utilitzat. Est\u00e0 destinat tant a xalets adossats com adossats i cases unifamiliars.<\/p>\n<p>Recomanada per a un rang <strong>d\u20191 a 6 preses<\/strong>.<\/p>","protected":false},"excerpt":{"rendered":"<p>Aspiradora Central Cyclo Vac H215: pot\u00e8ncia i silenci per a petites cases unifamiliars L\u2019aspiradora central Cyclo Vac H215 \u00e9s una de m\u00e9s populars per a petites cases unifamiliars juntament amb la H615. Carcassa met\u00e0l\u00b7lica robusta i turbina muntada d\u2019AMETEK, amb una for\u00e7a de succi\u00f3 superior a la mitjana de fins a 650 AirWatts. \u00c9s una [&hellip;]<\/p>","protected":false},"featured_media":380,"template":"","meta":[],"product_brand":[],"product_cat":[27],"product_tag":[],"class_list":{"0":"post-379","1":"product","2":"type-product","3":"status-publish","4":"has-post-thumbnail","6":"product_cat-aspiradors-centrals","8":"first","9":"instock","10":"shipping-taxable","11":"purchasable","12":"product-type-simple"},"yoast_head":"<!-- This site is optimized with the Yoast SEO plugin v25.5 - https:\/\/yoast.com\/wordpress\/plugins\/seo\/ -->\n<title>Aspiradora Central Cyclovac H215 - Cyclovac<\/title>\n<meta name=\"description\" content=\"L\u2019aspiradora central Cyclo Vac H215 \u00e9s una de m\u00e9s populars per a petites cases unifamiliars juntament amb la H615. Carcassa met\u00e0l\u00b7lica robusta i turbina muntada d\u2019AMETEK, amb una for\u00e7a de succi\u00f3 superior a la mitjana de fins a 650 AirWatts.\" \/>\n<meta name=\"robots\" content=\"index, follow, max-snippet:-1, max-image-preview:large, max-video-preview:-1\" \/>\n<link rel=\"canonical\" href=\"https:\/\/cyclovac.cat\/es\/producto\/aspiradora-central-cyclovac-h215\/\" \/>\n<meta property=\"og:locale\" content=\"es_ES\" \/>\n<meta property=\"og:type\" content=\"article\" \/>\n<meta property=\"og:title\" content=\"Aspiradora Central Cyclovac H215 - Cyclovac\" \/>\n<meta property=\"og:description\" content=\"L\u2019aspiradora central Cyclo Vac H215 \u00e9s una de m\u00e9s populars per a petites cases unifamiliars juntament amb la H615. Carcassa met\u00e0l\u00b7lica robusta i turbina muntada d\u2019AMETEK, amb una for\u00e7a de succi\u00f3 superior a la mitjana de fins a 650 AirWatts.\" \/>\n<meta property=\"og:url\" content=\"https:\/\/cyclovac.cat\/es\/producto\/aspiradora-central-cyclovac-h215\/\" \/>\n<meta property=\"og:site_name\" content=\"Cyclovac\" \/>\n<meta property=\"article:modified_time\" content=\"2025-11-27T11:47:42+00:00\" \/>\n<meta property=\"og:image\" content=\"https:\/\/cyclovac.cat\/wp-content\/uploads\/2025\/06\/ACYH215E.png\" \/>\n\t<meta property=\"og:image:width\" content=\"1080\" \/>\n\t<meta property=\"og:image:height\" content=\"800\" \/>\n\t<meta property=\"og:image:type\" content=\"image\/png\" \/>\n<meta name=\"twitter:card\" content=\"summary_large_image\" \/>\n<meta name=\"twitter:label1\" content=\"Tiempo de lectura\" \/>\n\t<meta name=\"twitter:data1\" content=\"1 minuto\" \/>\n<script type=\"application\/ld+json\" class=\"yoast-schema-graph\">{\"@context\":\"https:\/\/schema.org\",\"@graph\":[{\"@type\":\"WebPage\",\"@id\":\"https:\/\/cyclovac.cat\/producte\/aspiradora-central-cyclovac-h215\/\",\"url\":\"https:\/\/cyclovac.cat\/producte\/aspiradora-central-cyclovac-h215\/\",\"name\":\"Aspiradora Central Cyclovac H215 - Cyclovac\",\"isPartOf\":{\"@id\":\"https:\/\/cyclovac.cat\/#website\"},\"primaryImageOfPage\":{\"@id\":\"https:\/\/cyclovac.cat\/producte\/aspiradora-central-cyclovac-h215\/#primaryimage\"},\"image\":{\"@id\":\"https:\/\/cyclovac.cat\/producte\/aspiradora-central-cyclovac-h215\/#primaryimage\"},\"thumbnailUrl\":\"https:\/\/cyclovac.cat\/wp-content\/uploads\/2025\/06\/ACYH215E.png\",\"datePublished\":\"2025-06-20T10:19:39+00:00\",\"dateModified\":\"2025-11-27T11:47:42+00:00\",\"description\":\"L\u2019aspiradora central Cyclo Vac H215 \u00e9s una de m\u00e9s populars per a petites cases unifamiliars juntament amb la H615. Carcassa met\u00e0l\u00b7lica robusta i turbina muntada d\u2019AMETEK, amb una for\u00e7a de succi\u00f3 superior a la mitjana de fins a 650 AirWatts.\",\"breadcrumb\":{\"@id\":\"https:\/\/cyclovac.cat\/producte\/aspiradora-central-cyclovac-h215\/#breadcrumb\"},\"inLanguage\":\"es\",\"potentialAction\":[{\"@type\":\"ReadAction\",\"target\":[\"https:\/\/cyclovac.cat\/producte\/aspiradora-central-cyclovac-h215\/\"]}]},{\"@type\":\"ImageObject\",\"inLanguage\":\"es\",\"@id\":\"https:\/\/cyclovac.cat\/producte\/aspiradora-central-cyclovac-h215\/#primaryimage\",\"url\":\"https:\/\/cyclovac.cat\/wp-content\/uploads\/2025\/06\/ACYH215E.png\",\"contentUrl\":\"https:\/\/cyclovac.cat\/wp-content\/uploads\/2025\/06\/ACYH215E.png\",\"width\":1080,\"height\":800,\"caption\":\"Aspiradora Central Cyclovac H215\"},{\"@type\":\"BreadcrumbList\",\"@id\":\"https:\/\/cyclovac.cat\/producte\/aspiradora-central-cyclovac-h215\/#breadcrumb\",\"itemListElement\":[{\"@type\":\"ListItem\",\"position\":1,\"name\":\"Inici\",\"item\":\"https:\/\/cyclovac.cat\/\"},{\"@type\":\"ListItem\",\"position\":2,\"name\":\"Cyclovac, Aspiraci\u00f3 centralitzadas\",\"item\":\"https:\/\/cyclovac.cat\/\"},{\"@type\":\"ListItem\",\"position\":3,\"name\":\"Aspiradora Central Cyclovac H215\"}]},{\"@type\":\"WebSite\",\"@id\":\"https:\/\/cyclovac.cat\/#website\",\"url\":\"https:\/\/cyclovac.cat\/\",\"name\":\"Cyclovac\",\"description\":\"Amb m\u00e9s de 60 anys d\u2019excel\u00b7l\u00e8ncia, Cyclovac dissenya i fabrica al Canad\u00e0 sistemes d\u2019aspiraci\u00f3 central potents, silenciosos i duradors, amb garanties exclusives de 10 a 25 anys. Gr\u00e0cies a una recerca i desenvolupament continus, oferim solucions a mida que milloren la qualitat de l\u2019aire interior i faciliten la neteja di\u00e0ria. La nostra xarxa global de professionals especialitzats garanteix una instal\u00b7laci\u00f3 i un servei t\u00e8cnic \u00f2ptims, adaptats a les necessitats de cada llar.\",\"publisher\":{\"@id\":\"https:\/\/cyclovac.cat\/#organization\"},\"potentialAction\":[{\"@type\":\"SearchAction\",\"target\":{\"@type\":\"EntryPoint\",\"urlTemplate\":\"https:\/\/cyclovac.cat\/?s={search_term_string}\"},\"query-input\":{\"@type\":\"PropertyValueSpecification\",\"valueRequired\":true,\"valueName\":\"search_term_string\"}}],\"inLanguage\":\"es\"},{\"@type\":\"Organization\",\"@id\":\"https:\/\/cyclovac.cat\/#organization\",\"name\":\"Cyclovac\",\"url\":\"https:\/\/cyclovac.cat\/\",\"logo\":{\"@type\":\"ImageObject\",\"inLanguage\":\"es\",\"@id\":\"https:\/\/cyclovac.cat\/#\/schema\/logo\/image\/\",\"url\":\"https:\/\/cyclovac.cat\/wp-content\/uploads\/2025\/06\/cyclovac-logo.png\",\"contentUrl\":\"https:\/\/cyclovac.cat\/wp-content\/uploads\/2025\/06\/cyclovac-logo.png\",\"width\":303,\"height\":57,\"caption\":\"Cyclovac\"},\"image\":{\"@id\":\"https:\/\/cyclovac.cat\/#\/schema\/logo\/image\/\"}}]}<\/script>\n<!-- \/ Yoast SEO plugin. -->","yoast_head_json":{"title":"Aspiradora Central Cyclovac H215 - Cyclovac","description":"L\u2019aspiradora central Cyclo Vac H215 \u00e9s una de m\u00e9s populars per a petites cases unifamiliars juntament amb la H615. Carcassa met\u00e0l\u00b7lica robusta i turbina muntada d\u2019AMETEK, amb una for\u00e7a de succi\u00f3 superior a la mitjana de fins a 650 AirWatts.","robots":{"index":"index","follow":"follow","max-snippet":"max-snippet:-1","max-image-preview":"max-image-preview:large","max-video-preview":"max-video-preview:-1"},"canonical":"https:\/\/cyclovac.cat\/es\/producto\/aspiradora-central-cyclovac-h215\/","og_locale":"es_ES","og_type":"article","og_title":"Aspiradora Central Cyclovac H215 - Cyclovac","og_description":"L\u2019aspiradora central Cyclo Vac H215 \u00e9s una de m\u00e9s populars per a petites cases unifamiliars juntament amb la H615. Carcassa met\u00e0l\u00b7lica robusta i turbina muntada d\u2019AMETEK, amb una for\u00e7a de succi\u00f3 superior a la mitjana de fins a 650 AirWatts.","og_url":"https:\/\/cyclovac.cat\/es\/producto\/aspiradora-central-cyclovac-h215\/","og_site_name":"Cyclovac","article_modified_time":"2025-11-27T11:47:42+00:00","og_image":[{"width":1080,"height":800,"url":"https:\/\/cyclovac.cat\/wp-content\/uploads\/2025\/06\/ACYH215E.png","type":"image\/png"}],"twitter_card":"summary_large_image","twitter_misc":{"Tiempo de lectura":"1 minuto"},"schema":{"@context":"https:\/\/schema.org","@graph":[{"@type":"WebPage","@id":"https:\/\/cyclovac.cat\/producte\/aspiradora-central-cyclovac-h215\/","url":"https:\/\/cyclovac.cat\/producte\/aspiradora-central-cyclovac-h215\/","name":"Aspiradora Central Cyclovac H215 - Cyclovac","isPartOf":{"@id":"https:\/\/cyclovac.cat\/#website"},"primaryImageOfPage":{"@id":"https:\/\/cyclovac.cat\/producte\/aspiradora-central-cyclovac-h215\/#primaryimage"},"image":{"@id":"https:\/\/cyclovac.cat\/producte\/aspiradora-central-cyclovac-h215\/#primaryimage"},"thumbnailUrl":"https:\/\/cyclovac.cat\/wp-content\/uploads\/2025\/06\/ACYH215E.png","datePublished":"2025-06-20T10:19:39+00:00","dateModified":"2025-11-27T11:47:42+00:00","description":"L\u2019aspiradora central Cyclo Vac H215 \u00e9s una de m\u00e9s populars per a petites cases unifamiliars juntament amb la H615. Carcassa met\u00e0l\u00b7lica robusta i turbina muntada d\u2019AMETEK, amb una for\u00e7a de succi\u00f3 superior a la mitjana de fins a 650 AirWatts.","breadcrumb":{"@id":"https:\/\/cyclovac.cat\/producte\/aspiradora-central-cyclovac-h215\/#breadcrumb"},"inLanguage":"es","potentialAction":[{"@type":"ReadAction","target":["https:\/\/cyclovac.cat\/producte\/aspiradora-central-cyclovac-h215\/"]}]},{"@type":"ImageObject","inLanguage":"es","@id":"https:\/\/cyclovac.cat\/producte\/aspiradora-central-cyclovac-h215\/#primaryimage","url":"https:\/\/cyclovac.cat\/wp-content\/uploads\/2025\/06\/ACYH215E.png","contentUrl":"https:\/\/cyclovac.cat\/wp-content\/uploads\/2025\/06\/ACYH215E.png","width":1080,"height":800,"caption":"Aspiradora Central Cyclovac H215"},{"@type":"BreadcrumbList","@id":"https:\/\/cyclovac.cat\/producte\/aspiradora-central-cyclovac-h215\/#breadcrumb","itemListElement":[{"@type":"ListItem","position":1,"name":"Inici","item":"https:\/\/cyclovac.cat\/"},{"@type":"ListItem","position":2,"name":"Cyclovac, Aspiraci\u00f3 centralitzadas","item":"https:\/\/cyclovac.cat\/"},{"@type":"ListItem","position":3,"name":"Aspiradora Central Cyclovac H215"}]},{"@type":"WebSite","@id":"https:\/\/cyclovac.cat\/#website","url":"https:\/\/cyclovac.cat\/","name":"Cyclovac","description":"Amb m\u00e9s de 60 anys d\u2019excel\u00b7l\u00e8ncia, Cyclovac dissenya i fabrica al Canad\u00e0 sistemes d\u2019aspiraci\u00f3 central potents, silenciosos i duradors, amb garanties exclusives de 10 a 25 anys. Gr\u00e0cies a una recerca i desenvolupament continus, oferim solucions a mida que milloren la qualitat de l\u2019aire interior i faciliten la neteja di\u00e0ria. La nostra xarxa global de professionals especialitzats garanteix una instal\u00b7laci\u00f3 i un servei t\u00e8cnic \u00f2ptims, adaptats a les necessitats de cada llar.","publisher":{"@id":"https:\/\/cyclovac.cat\/#organization"},"potentialAction":[{"@type":"SearchAction","target":{"@type":"EntryPoint","urlTemplate":"https:\/\/cyclovac.cat\/?s={search_term_string}"},"query-input":{"@type":"PropertyValueSpecification","valueRequired":true,"valueName":"search_term_string"}}],"inLanguage":"es"},{"@type":"Organization","@id":"https:\/\/cyclovac.cat\/#organization","name":"Cyclovac","url":"https:\/\/cyclovac.cat\/","logo":{"@type":"ImageObject","inLanguage":"es","@id":"https:\/\/cyclovac.cat\/#\/schema\/logo\/image\/","url":"https:\/\/cyclovac.cat\/wp-content\/uploads\/2025\/06\/cyclovac-logo.png","contentUrl":"https:\/\/cyclovac.cat\/wp-content\/uploads\/2025\/06\/cyclovac-logo.png","width":303,"height":57,"caption":"Cyclovac"},"image":{"@id":"https:\/\/cyclovac.cat\/#\/schema\/logo\/image\/"}}]}},"_links":{"self":[{"href":"https:\/\/cyclovac.cat\/es\/wp-json\/wp\/v2\/product\/379","targetHints":{"allow":["GET"]}}],"collection":[{"href":"https:\/\/cyclovac.cat\/es\/wp-json\/wp\/v2\/product"}],"about":[{"href":"https:\/\/cyclovac.cat\/es\/wp-json\/wp\/v2\/types\/product"}],"wp:featuredmedia":[{"embeddable":true,"href":"https:\/\/cyclovac.cat\/es\/wp-json\/wp\/v2\/media\/380"}],"wp:attachment":[{"href":"https:\/\/cyclovac.cat\/es\/wp-json\/wp\/v2\/media?parent=379"}],"wp:term":[{"taxonomy":"product_brand","embeddable":true,"href":"https:\/\/cyclovac.cat\/es\/wp-json\/wp\/v2\/product_brand?post=379"},{"taxonomy":"product_cat","embeddable":true,"href":"https:\/\/cyclovac.cat\/es\/wp-json\/wp\/v2\/product_cat?post=379"},{"taxonomy":"product_tag","embeddable":true,"href":"https:\/\/cyclovac.cat\/es\/wp-json\/wp\/v2\/product_tag?post=379"}],"curies":[{"name":"wp","href":"https:\/\/api.w.org\/{rel}","templated":true}]}}