{"id":381,"date":"2025-06-20T12:26:04","date_gmt":"2025-06-20T10:26:04","guid":{"rendered":"https:\/\/cyclovac.cat\/?post_type=product&#038;p=381"},"modified":"2025-11-27T14:06:25","modified_gmt":"2025-11-27T12:06:25","slug":"aspiradora-central-cyclovac-h725","status":"publish","type":"product","link":"https:\/\/cyclovac.cat\/es\/producto\/aspiradora-central-cyclovac-h725\/","title":{"rendered":"Aspiradora Central Cyclovac H725"},"content":{"rendered":"<h2 style=\"font-size: 24px;\">Aspiradora Central Cyclovac H725: pot\u00e8ncia i rendiment millorats<\/h2>\n<p><strong>L\u2019<\/strong> <strong>aspiradora<\/strong> <strong>central<\/strong> <strong>H725<\/strong> \u00e9s un nou model de la gamma <strong>Cyclovac,<\/strong> que substitueix l\u2019anterior <strong>H715. <\/strong>Aquest <strong>H725<\/strong> equipat amb una turbina industrial de 2 etapes i 6,6 polzades de la companyia nord-americana <strong>Ametek Lamb Electric. <\/strong>El poder de succi\u00f3 \u00e9s una combinaci\u00f3 d\u02bbuna pot\u00e8ncia d\u02bbaspiraci\u00f3 molt alta i un cabal d\u02bbaire enorme per aquest model, \u00e9s <strong>677 AirWatts<\/strong>!<\/p>\n<p>Aquests par\u00e0metres fan que aquest model sigui una <strong>opci\u00f3<\/strong> perfecta tant per als sistemes tradicionals d\u2019aspiradora central com per a les instal\u00b7lacions de m\u00e0nega retr\u00e0ctil <strong>Retraflex.<\/strong><\/p>","protected":false},"excerpt":{"rendered":"<p>Aspiradora Central Cyclovac H725: pot\u00e8ncia i rendiment millorats L\u2019 aspiradora central H725 \u00e9s un nou model de la gamma Cyclovac, que substitueix l\u2019anterior H715. Aquest H725 equipat amb una turbina industrial de 2 etapes i 6,6 polzades de la companyia nord-americana Ametek Lamb Electric. El poder de succi\u00f3 \u00e9s una combinaci\u00f3 d\u02bbuna pot\u00e8ncia d\u02bbaspiraci\u00f3 molt [&hellip;]<\/p>","protected":false},"featured_media":382,"template":"","meta":[],"product_brand":[],"product_cat":[27],"product_tag":[],"class_list":{"0":"post-381","1":"product","2":"type-product","3":"status-publish","4":"has-post-thumbnail","6":"product_cat-aspiradors-centrals","8":"first","9":"instock","10":"shipping-taxable","11":"purchasable","12":"product-type-simple"},"yoast_head":"<!-- This site is optimized with the Yoast SEO plugin v25.5 - https:\/\/yoast.com\/wordpress\/plugins\/seo\/ -->\n<title>Aspiradora Central Cyclovac H725 - Cyclovac<\/title>\n<meta name=\"description\" content=\"L&#039;Aspiradora central H725 \u00e9s un nou model de la gamma Cyclovac, que substitueix l\u2019anterior H715.Aquest H725 equipat amb una turbina industrial de 2 etapes i 6,6 polzades de la companyia nord-americana Ametek Lamb Electric.\" \/>\n<meta name=\"robots\" content=\"index, follow, max-snippet:-1, max-image-preview:large, max-video-preview:-1\" \/>\n<link rel=\"canonical\" href=\"https:\/\/cyclovac.cat\/es\/producto\/aspiradora-central-cyclovac-h725\/\" \/>\n<meta property=\"og:locale\" content=\"es_ES\" \/>\n<meta property=\"og:type\" content=\"article\" \/>\n<meta property=\"og:title\" content=\"Aspiradora Central Cyclovac H725 - Cyclovac\" \/>\n<meta property=\"og:description\" content=\"L&#039;Aspiradora central H725 \u00e9s un nou model de la gamma Cyclovac, que substitueix l\u2019anterior H715.Aquest H725 equipat amb una turbina industrial de 2 etapes i 6,6 polzades de la companyia nord-americana Ametek Lamb Electric.\" \/>\n<meta property=\"og:url\" content=\"https:\/\/cyclovac.cat\/es\/producto\/aspiradora-central-cyclovac-h725\/\" \/>\n<meta property=\"og:site_name\" content=\"Cyclovac\" \/>\n<meta property=\"article:modified_time\" content=\"2025-11-27T12:06:25+00:00\" \/>\n<meta property=\"og:image\" content=\"https:\/\/cyclovac.cat\/wp-content\/uploads\/2025\/06\/ACYH725E-1-2.png\" \/>\n\t<meta property=\"og:image:width\" content=\"1080\" \/>\n\t<meta property=\"og:image:height\" content=\"800\" \/>\n\t<meta property=\"og:image:type\" content=\"image\/png\" \/>\n<meta name=\"twitter:card\" content=\"summary_large_image\" \/>\n<meta name=\"twitter:label1\" content=\"Tiempo de lectura\" \/>\n\t<meta name=\"twitter:data1\" content=\"1 minuto\" \/>\n<script type=\"application\/ld+json\" class=\"yoast-schema-graph\">{\"@context\":\"https:\/\/schema.org\",\"@graph\":[{\"@type\":\"WebPage\",\"@id\":\"https:\/\/cyclovac.cat\/producte\/aspiradora-central-cyclovac-h725\/\",\"url\":\"https:\/\/cyclovac.cat\/producte\/aspiradora-central-cyclovac-h725\/\",\"name\":\"Aspiradora Central Cyclovac H725 - Cyclovac\",\"isPartOf\":{\"@id\":\"https:\/\/cyclovac.cat\/#website\"},\"primaryImageOfPage\":{\"@id\":\"https:\/\/cyclovac.cat\/producte\/aspiradora-central-cyclovac-h725\/#primaryimage\"},\"image\":{\"@id\":\"https:\/\/cyclovac.cat\/producte\/aspiradora-central-cyclovac-h725\/#primaryimage\"},\"thumbnailUrl\":\"https:\/\/cyclovac.cat\/wp-content\/uploads\/2025\/06\/ACYH725E-1-2.png\",\"datePublished\":\"2025-06-20T10:26:04+00:00\",\"dateModified\":\"2025-11-27T12:06:25+00:00\",\"description\":\"L'Aspiradora central H725 \u00e9s un nou model de la gamma Cyclovac, que substitueix l\u2019anterior H715.Aquest H725 equipat amb una turbina industrial de 2 etapes i 6,6 polzades de la companyia nord-americana Ametek Lamb Electric.\",\"breadcrumb\":{\"@id\":\"https:\/\/cyclovac.cat\/producte\/aspiradora-central-cyclovac-h725\/#breadcrumb\"},\"inLanguage\":\"es\",\"potentialAction\":[{\"@type\":\"ReadAction\",\"target\":[\"https:\/\/cyclovac.cat\/producte\/aspiradora-central-cyclovac-h725\/\"]}]},{\"@type\":\"ImageObject\",\"inLanguage\":\"es\",\"@id\":\"https:\/\/cyclovac.cat\/producte\/aspiradora-central-cyclovac-h725\/#primaryimage\",\"url\":\"https:\/\/cyclovac.cat\/wp-content\/uploads\/2025\/06\/ACYH725E-1-2.png\",\"contentUrl\":\"https:\/\/cyclovac.cat\/wp-content\/uploads\/2025\/06\/ACYH725E-1-2.png\",\"width\":1080,\"height\":800,\"caption\":\"Aspiradora Central Cyclovac H725\"},{\"@type\":\"BreadcrumbList\",\"@id\":\"https:\/\/cyclovac.cat\/producte\/aspiradora-central-cyclovac-h725\/#breadcrumb\",\"itemListElement\":[{\"@type\":\"ListItem\",\"position\":1,\"name\":\"Inici\",\"item\":\"https:\/\/cyclovac.cat\/\"},{\"@type\":\"ListItem\",\"position\":2,\"name\":\"Cyclovac, Aspiraci\u00f3 centralitzadas\",\"item\":\"https:\/\/cyclovac.cat\/\"},{\"@type\":\"ListItem\",\"position\":3,\"name\":\"Aspiradora Central Cyclovac H725\"}]},{\"@type\":\"WebSite\",\"@id\":\"https:\/\/cyclovac.cat\/#website\",\"url\":\"https:\/\/cyclovac.cat\/\",\"name\":\"Cyclovac\",\"description\":\"Amb m\u00e9s de 60 anys d\u2019excel\u00b7l\u00e8ncia, Cyclovac dissenya i fabrica al Canad\u00e0 sistemes d\u2019aspiraci\u00f3 central potents, silenciosos i duradors, amb garanties exclusives de 10 a 25 anys. Gr\u00e0cies a una recerca i desenvolupament continus, oferim solucions a mida que milloren la qualitat de l\u2019aire interior i faciliten la neteja di\u00e0ria. La nostra xarxa global de professionals especialitzats garanteix una instal\u00b7laci\u00f3 i un servei t\u00e8cnic \u00f2ptims, adaptats a les necessitats de cada llar.\",\"publisher\":{\"@id\":\"https:\/\/cyclovac.cat\/#organization\"},\"potentialAction\":[{\"@type\":\"SearchAction\",\"target\":{\"@type\":\"EntryPoint\",\"urlTemplate\":\"https:\/\/cyclovac.cat\/?s={search_term_string}\"},\"query-input\":{\"@type\":\"PropertyValueSpecification\",\"valueRequired\":true,\"valueName\":\"search_term_string\"}}],\"inLanguage\":\"es\"},{\"@type\":\"Organization\",\"@id\":\"https:\/\/cyclovac.cat\/#organization\",\"name\":\"Cyclovac\",\"url\":\"https:\/\/cyclovac.cat\/\",\"logo\":{\"@type\":\"ImageObject\",\"inLanguage\":\"es\",\"@id\":\"https:\/\/cyclovac.cat\/#\/schema\/logo\/image\/\",\"url\":\"https:\/\/cyclovac.cat\/wp-content\/uploads\/2025\/06\/cyclovac-logo.png\",\"contentUrl\":\"https:\/\/cyclovac.cat\/wp-content\/uploads\/2025\/06\/cyclovac-logo.png\",\"width\":303,\"height\":57,\"caption\":\"Cyclovac\"},\"image\":{\"@id\":\"https:\/\/cyclovac.cat\/#\/schema\/logo\/image\/\"}}]}<\/script>\n<!-- \/ Yoast SEO plugin. -->","yoast_head_json":{"title":"Aspiradora Central Cyclovac H725 - Cyclovac","description":"L'Aspiradora central H725 \u00e9s un nou model de la gamma Cyclovac, que substitueix l\u2019anterior H715.Aquest H725 equipat amb una turbina industrial de 2 etapes i 6,6 polzades de la companyia nord-americana Ametek Lamb Electric.","robots":{"index":"index","follow":"follow","max-snippet":"max-snippet:-1","max-image-preview":"max-image-preview:large","max-video-preview":"max-video-preview:-1"},"canonical":"https:\/\/cyclovac.cat\/es\/producto\/aspiradora-central-cyclovac-h725\/","og_locale":"es_ES","og_type":"article","og_title":"Aspiradora Central Cyclovac H725 - Cyclovac","og_description":"L'Aspiradora central H725 \u00e9s un nou model de la gamma Cyclovac, que substitueix l\u2019anterior H715.Aquest H725 equipat amb una turbina industrial de 2 etapes i 6,6 polzades de la companyia nord-americana Ametek Lamb Electric.","og_url":"https:\/\/cyclovac.cat\/es\/producto\/aspiradora-central-cyclovac-h725\/","og_site_name":"Cyclovac","article_modified_time":"2025-11-27T12:06:25+00:00","og_image":[{"width":1080,"height":800,"url":"https:\/\/cyclovac.cat\/wp-content\/uploads\/2025\/06\/ACYH725E-1-2.png","type":"image\/png"}],"twitter_card":"summary_large_image","twitter_misc":{"Tiempo de lectura":"1 minuto"},"schema":{"@context":"https:\/\/schema.org","@graph":[{"@type":"WebPage","@id":"https:\/\/cyclovac.cat\/producte\/aspiradora-central-cyclovac-h725\/","url":"https:\/\/cyclovac.cat\/producte\/aspiradora-central-cyclovac-h725\/","name":"Aspiradora Central Cyclovac H725 - Cyclovac","isPartOf":{"@id":"https:\/\/cyclovac.cat\/#website"},"primaryImageOfPage":{"@id":"https:\/\/cyclovac.cat\/producte\/aspiradora-central-cyclovac-h725\/#primaryimage"},"image":{"@id":"https:\/\/cyclovac.cat\/producte\/aspiradora-central-cyclovac-h725\/#primaryimage"},"thumbnailUrl":"https:\/\/cyclovac.cat\/wp-content\/uploads\/2025\/06\/ACYH725E-1-2.png","datePublished":"2025-06-20T10:26:04+00:00","dateModified":"2025-11-27T12:06:25+00:00","description":"L'Aspiradora central H725 \u00e9s un nou model de la gamma Cyclovac, que substitueix l\u2019anterior H715.Aquest H725 equipat amb una turbina industrial de 2 etapes i 6,6 polzades de la companyia nord-americana Ametek Lamb Electric.","breadcrumb":{"@id":"https:\/\/cyclovac.cat\/producte\/aspiradora-central-cyclovac-h725\/#breadcrumb"},"inLanguage":"es","potentialAction":[{"@type":"ReadAction","target":["https:\/\/cyclovac.cat\/producte\/aspiradora-central-cyclovac-h725\/"]}]},{"@type":"ImageObject","inLanguage":"es","@id":"https:\/\/cyclovac.cat\/producte\/aspiradora-central-cyclovac-h725\/#primaryimage","url":"https:\/\/cyclovac.cat\/wp-content\/uploads\/2025\/06\/ACYH725E-1-2.png","contentUrl":"https:\/\/cyclovac.cat\/wp-content\/uploads\/2025\/06\/ACYH725E-1-2.png","width":1080,"height":800,"caption":"Aspiradora Central Cyclovac H725"},{"@type":"BreadcrumbList","@id":"https:\/\/cyclovac.cat\/producte\/aspiradora-central-cyclovac-h725\/#breadcrumb","itemListElement":[{"@type":"ListItem","position":1,"name":"Inici","item":"https:\/\/cyclovac.cat\/"},{"@type":"ListItem","position":2,"name":"Cyclovac, Aspiraci\u00f3 centralitzadas","item":"https:\/\/cyclovac.cat\/"},{"@type":"ListItem","position":3,"name":"Aspiradora Central Cyclovac H725"}]},{"@type":"WebSite","@id":"https:\/\/cyclovac.cat\/#website","url":"https:\/\/cyclovac.cat\/","name":"Cyclovac","description":"Amb m\u00e9s de 60 anys d\u2019excel\u00b7l\u00e8ncia, Cyclovac dissenya i fabrica al Canad\u00e0 sistemes d\u2019aspiraci\u00f3 central potents, silenciosos i duradors, amb garanties exclusives de 10 a 25 anys. Gr\u00e0cies a una recerca i desenvolupament continus, oferim solucions a mida que milloren la qualitat de l\u2019aire interior i faciliten la neteja di\u00e0ria. La nostra xarxa global de professionals especialitzats garanteix una instal\u00b7laci\u00f3 i un servei t\u00e8cnic \u00f2ptims, adaptats a les necessitats de cada llar.","publisher":{"@id":"https:\/\/cyclovac.cat\/#organization"},"potentialAction":[{"@type":"SearchAction","target":{"@type":"EntryPoint","urlTemplate":"https:\/\/cyclovac.cat\/?s={search_term_string}"},"query-input":{"@type":"PropertyValueSpecification","valueRequired":true,"valueName":"search_term_string"}}],"inLanguage":"es"},{"@type":"Organization","@id":"https:\/\/cyclovac.cat\/#organization","name":"Cyclovac","url":"https:\/\/cyclovac.cat\/","logo":{"@type":"ImageObject","inLanguage":"es","@id":"https:\/\/cyclovac.cat\/#\/schema\/logo\/image\/","url":"https:\/\/cyclovac.cat\/wp-content\/uploads\/2025\/06\/cyclovac-logo.png","contentUrl":"https:\/\/cyclovac.cat\/wp-content\/uploads\/2025\/06\/cyclovac-logo.png","width":303,"height":57,"caption":"Cyclovac"},"image":{"@id":"https:\/\/cyclovac.cat\/#\/schema\/logo\/image\/"}}]}},"_links":{"self":[{"href":"https:\/\/cyclovac.cat\/es\/wp-json\/wp\/v2\/product\/381","targetHints":{"allow":["GET"]}}],"collection":[{"href":"https:\/\/cyclovac.cat\/es\/wp-json\/wp\/v2\/product"}],"about":[{"href":"https:\/\/cyclovac.cat\/es\/wp-json\/wp\/v2\/types\/product"}],"wp:featuredmedia":[{"embeddable":true,"href":"https:\/\/cyclovac.cat\/es\/wp-json\/wp\/v2\/media\/382"}],"wp:attachment":[{"href":"https:\/\/cyclovac.cat\/es\/wp-json\/wp\/v2\/media?parent=381"}],"wp:term":[{"taxonomy":"product_brand","embeddable":true,"href":"https:\/\/cyclovac.cat\/es\/wp-json\/wp\/v2\/product_brand?post=381"},{"taxonomy":"product_cat","embeddable":true,"href":"https:\/\/cyclovac.cat\/es\/wp-json\/wp\/v2\/product_cat?post=381"},{"taxonomy":"product_tag","embeddable":true,"href":"https:\/\/cyclovac.cat\/es\/wp-json\/wp\/v2\/product_tag?post=381"}],"curies":[{"name":"wp","href":"https:\/\/api.w.org\/{rel}","templated":true}]}}