{"id":408,"date":"2025-06-20T12:41:55","date_gmt":"2025-06-20T10:41:55","guid":{"rendered":"https:\/\/cyclovac.cat\/?post_type=product&#038;p=408"},"modified":"2025-06-20T12:41:55","modified_gmt":"2025-06-20T10:41:55","slug":"filtre-cyclovac-permanent-deco-vac-tdfilt50v","status":"publish","type":"product","link":"https:\/\/cyclovac.cat\/es\/producto\/filtre-cyclovac-permanent-deco-vac-tdfilt50v\/","title":{"rendered":"Filtre Cyclovac Permanent Deco Vac TDFILT50V"},"content":{"rendered":"<div class=\"et_pb_module et_pb_wc_description et_pb_wc_description_0_tb_body et_pb_bg_layout_light et_pb_text_align_justified\">\n<div class=\"et_pb_module_inner\">\n<p>Filtre permanent i autonetejant Deco Vac per a centrals Deco amb filtraci\u00f3 hibrida.<\/p>\n<\/div>\n<\/div>\n<div class=\"et_pb_module et_pb_wc_meta et_pb_wc_meta_0_tb_body et_pb_bg_layout_ et_pb_wc_meta_layout_inline\">\n<div class=\"et_pb_module_inner\">\n<p>Per als models de centrals:<\/p>\n<ul>\n<li>Deco Dv700<\/li>\n<li>Deco DV600<\/li>\n<li>Deco DV500<\/li>\n<\/ul>\n<\/div>\n<\/div>","protected":false},"excerpt":{"rendered":"<p>Filtre permanent i autonetejant Deco Vac per a centrals Deco amb filtraci\u00f3 hibrida. Per als models de centrals: Deco Dv700 Deco DV600 Deco DV500<\/p>","protected":false},"featured_media":409,"template":"","meta":[],"product_brand":[],"product_cat":[28],"product_tag":[],"class_list":{"0":"post-408","1":"product","2":"type-product","3":"status-publish","4":"has-post-thumbnail","6":"product_cat-filtres-i-bosses","8":"first","9":"instock","10":"shipping-taxable","11":"purchasable","12":"product-type-simple"},"yoast_head":"<!-- This site is optimized with the Yoast SEO plugin v25.5 - https:\/\/yoast.com\/wordpress\/plugins\/seo\/ -->\n<title>Filtre Cyclovac Permanent Deco Vac TDFILT50V - Cyclovac<\/title>\n<meta name=\"robots\" content=\"index, follow, max-snippet:-1, max-image-preview:large, max-video-preview:-1\" \/>\n<link rel=\"canonical\" href=\"https:\/\/cyclovac.cat\/es\/producto\/filtre-cyclovac-permanent-deco-vac-tdfilt50v\/\" \/>\n<meta property=\"og:locale\" content=\"es_ES\" \/>\n<meta property=\"og:type\" content=\"article\" \/>\n<meta property=\"og:title\" content=\"Filtre Cyclovac Permanent Deco Vac TDFILT50V - Cyclovac\" \/>\n<meta property=\"og:description\" content=\"Filtre permanent i autonetejant Deco Vac per a centrals Deco amb filtraci\u00f3 hibrida. Per als models de centrals: Deco Dv700 Deco DV600 Deco DV500\" \/>\n<meta property=\"og:url\" content=\"https:\/\/cyclovac.cat\/es\/producto\/filtre-cyclovac-permanent-deco-vac-tdfilt50v\/\" \/>\n<meta property=\"og:site_name\" content=\"Cyclovac\" \/>\n<meta property=\"og:image\" content=\"https:\/\/cyclovac.cat\/wp-content\/uploads\/2025\/06\/TDFILT50V.jpg\" \/>\n\t<meta property=\"og:image:width\" content=\"1080\" \/>\n\t<meta property=\"og:image:height\" content=\"800\" \/>\n\t<meta property=\"og:image:type\" content=\"image\/jpeg\" \/>\n<meta name=\"twitter:card\" content=\"summary_large_image\" \/>\n<script type=\"application\/ld+json\" class=\"yoast-schema-graph\">{\"@context\":\"https:\/\/schema.org\",\"@graph\":[{\"@type\":\"WebPage\",\"@id\":\"https:\/\/cyclovac.cat\/producte\/filtre-cyclovac-permanent-deco-vac-tdfilt50v\/\",\"url\":\"https:\/\/cyclovac.cat\/producte\/filtre-cyclovac-permanent-deco-vac-tdfilt50v\/\",\"name\":\"Filtre Cyclovac Permanent Deco Vac TDFILT50V - Cyclovac\",\"isPartOf\":{\"@id\":\"https:\/\/cyclovac.cat\/#website\"},\"primaryImageOfPage\":{\"@id\":\"https:\/\/cyclovac.cat\/producte\/filtre-cyclovac-permanent-deco-vac-tdfilt50v\/#primaryimage\"},\"image\":{\"@id\":\"https:\/\/cyclovac.cat\/producte\/filtre-cyclovac-permanent-deco-vac-tdfilt50v\/#primaryimage\"},\"thumbnailUrl\":\"https:\/\/cyclovac.cat\/wp-content\/uploads\/2025\/06\/TDFILT50V.jpg\",\"datePublished\":\"2025-06-20T10:41:55+00:00\",\"breadcrumb\":{\"@id\":\"https:\/\/cyclovac.cat\/producte\/filtre-cyclovac-permanent-deco-vac-tdfilt50v\/#breadcrumb\"},\"inLanguage\":\"es\",\"potentialAction\":[{\"@type\":\"ReadAction\",\"target\":[\"https:\/\/cyclovac.cat\/producte\/filtre-cyclovac-permanent-deco-vac-tdfilt50v\/\"]}]},{\"@type\":\"ImageObject\",\"inLanguage\":\"es\",\"@id\":\"https:\/\/cyclovac.cat\/producte\/filtre-cyclovac-permanent-deco-vac-tdfilt50v\/#primaryimage\",\"url\":\"https:\/\/cyclovac.cat\/wp-content\/uploads\/2025\/06\/TDFILT50V.jpg\",\"contentUrl\":\"https:\/\/cyclovac.cat\/wp-content\/uploads\/2025\/06\/TDFILT50V.jpg\",\"width\":1080,\"height\":800},{\"@type\":\"BreadcrumbList\",\"@id\":\"https:\/\/cyclovac.cat\/producte\/filtre-cyclovac-permanent-deco-vac-tdfilt50v\/#breadcrumb\",\"itemListElement\":[{\"@type\":\"ListItem\",\"position\":1,\"name\":\"Inici\",\"item\":\"https:\/\/cyclovac.cat\/\"},{\"@type\":\"ListItem\",\"position\":2,\"name\":\"Cyclovac, Aspiraci\u00f3 centralitzadas\",\"item\":\"https:\/\/cyclovac.cat\/\"},{\"@type\":\"ListItem\",\"position\":3,\"name\":\"Filtre Cyclovac Permanent Deco Vac TDFILT50V\"}]},{\"@type\":\"WebSite\",\"@id\":\"https:\/\/cyclovac.cat\/#website\",\"url\":\"https:\/\/cyclovac.cat\/\",\"name\":\"Cyclovac\",\"description\":\"Amb m\u00e9s de 60 anys d\u2019excel\u00b7l\u00e8ncia, Cyclovac dissenya i fabrica al Canad\u00e0 sistemes d\u2019aspiraci\u00f3 central potents, silenciosos i duradors, amb garanties exclusives de 10 a 25 anys. Gr\u00e0cies a una recerca i desenvolupament continus, oferim solucions a mida que milloren la qualitat de l\u2019aire interior i faciliten la neteja di\u00e0ria. La nostra xarxa global de professionals especialitzats garanteix una instal\u00b7laci\u00f3 i un servei t\u00e8cnic \u00f2ptims, adaptats a les necessitats de cada llar.\",\"publisher\":{\"@id\":\"https:\/\/cyclovac.cat\/#organization\"},\"potentialAction\":[{\"@type\":\"SearchAction\",\"target\":{\"@type\":\"EntryPoint\",\"urlTemplate\":\"https:\/\/cyclovac.cat\/?s={search_term_string}\"},\"query-input\":{\"@type\":\"PropertyValueSpecification\",\"valueRequired\":true,\"valueName\":\"search_term_string\"}}],\"inLanguage\":\"es\"},{\"@type\":\"Organization\",\"@id\":\"https:\/\/cyclovac.cat\/#organization\",\"name\":\"Cyclovac\",\"url\":\"https:\/\/cyclovac.cat\/\",\"logo\":{\"@type\":\"ImageObject\",\"inLanguage\":\"es\",\"@id\":\"https:\/\/cyclovac.cat\/#\/schema\/logo\/image\/\",\"url\":\"https:\/\/cyclovac.cat\/wp-content\/uploads\/2025\/06\/cyclovac-logo.png\",\"contentUrl\":\"https:\/\/cyclovac.cat\/wp-content\/uploads\/2025\/06\/cyclovac-logo.png\",\"width\":303,\"height\":57,\"caption\":\"Cyclovac\"},\"image\":{\"@id\":\"https:\/\/cyclovac.cat\/#\/schema\/logo\/image\/\"}}]}<\/script>\n<!-- \/ Yoast SEO plugin. -->","yoast_head_json":{"title":"Filtre Cyclovac Permanent Deco Vac TDFILT50V - Cyclovac","robots":{"index":"index","follow":"follow","max-snippet":"max-snippet:-1","max-image-preview":"max-image-preview:large","max-video-preview":"max-video-preview:-1"},"canonical":"https:\/\/cyclovac.cat\/es\/producto\/filtre-cyclovac-permanent-deco-vac-tdfilt50v\/","og_locale":"es_ES","og_type":"article","og_title":"Filtre Cyclovac Permanent Deco Vac TDFILT50V - Cyclovac","og_description":"Filtre permanent i autonetejant Deco Vac per a centrals Deco amb filtraci\u00f3 hibrida. Per als models de centrals: Deco Dv700 Deco DV600 Deco DV500","og_url":"https:\/\/cyclovac.cat\/es\/producto\/filtre-cyclovac-permanent-deco-vac-tdfilt50v\/","og_site_name":"Cyclovac","og_image":[{"width":1080,"height":800,"url":"https:\/\/cyclovac.cat\/wp-content\/uploads\/2025\/06\/TDFILT50V.jpg","type":"image\/jpeg"}],"twitter_card":"summary_large_image","schema":{"@context":"https:\/\/schema.org","@graph":[{"@type":"WebPage","@id":"https:\/\/cyclovac.cat\/producte\/filtre-cyclovac-permanent-deco-vac-tdfilt50v\/","url":"https:\/\/cyclovac.cat\/producte\/filtre-cyclovac-permanent-deco-vac-tdfilt50v\/","name":"Filtre Cyclovac Permanent Deco Vac TDFILT50V - Cyclovac","isPartOf":{"@id":"https:\/\/cyclovac.cat\/#website"},"primaryImageOfPage":{"@id":"https:\/\/cyclovac.cat\/producte\/filtre-cyclovac-permanent-deco-vac-tdfilt50v\/#primaryimage"},"image":{"@id":"https:\/\/cyclovac.cat\/producte\/filtre-cyclovac-permanent-deco-vac-tdfilt50v\/#primaryimage"},"thumbnailUrl":"https:\/\/cyclovac.cat\/wp-content\/uploads\/2025\/06\/TDFILT50V.jpg","datePublished":"2025-06-20T10:41:55+00:00","breadcrumb":{"@id":"https:\/\/cyclovac.cat\/producte\/filtre-cyclovac-permanent-deco-vac-tdfilt50v\/#breadcrumb"},"inLanguage":"es","potentialAction":[{"@type":"ReadAction","target":["https:\/\/cyclovac.cat\/producte\/filtre-cyclovac-permanent-deco-vac-tdfilt50v\/"]}]},{"@type":"ImageObject","inLanguage":"es","@id":"https:\/\/cyclovac.cat\/producte\/filtre-cyclovac-permanent-deco-vac-tdfilt50v\/#primaryimage","url":"https:\/\/cyclovac.cat\/wp-content\/uploads\/2025\/06\/TDFILT50V.jpg","contentUrl":"https:\/\/cyclovac.cat\/wp-content\/uploads\/2025\/06\/TDFILT50V.jpg","width":1080,"height":800},{"@type":"BreadcrumbList","@id":"https:\/\/cyclovac.cat\/producte\/filtre-cyclovac-permanent-deco-vac-tdfilt50v\/#breadcrumb","itemListElement":[{"@type":"ListItem","position":1,"name":"Inici","item":"https:\/\/cyclovac.cat\/"},{"@type":"ListItem","position":2,"name":"Cyclovac, Aspiraci\u00f3 centralitzadas","item":"https:\/\/cyclovac.cat\/"},{"@type":"ListItem","position":3,"name":"Filtre Cyclovac Permanent Deco Vac TDFILT50V"}]},{"@type":"WebSite","@id":"https:\/\/cyclovac.cat\/#website","url":"https:\/\/cyclovac.cat\/","name":"Cyclovac","description":"Amb m\u00e9s de 60 anys d\u2019excel\u00b7l\u00e8ncia, Cyclovac dissenya i fabrica al Canad\u00e0 sistemes d\u2019aspiraci\u00f3 central potents, silenciosos i duradors, amb garanties exclusives de 10 a 25 anys. Gr\u00e0cies a una recerca i desenvolupament continus, oferim solucions a mida que milloren la qualitat de l\u2019aire interior i faciliten la neteja di\u00e0ria. La nostra xarxa global de professionals especialitzats garanteix una instal\u00b7laci\u00f3 i un servei t\u00e8cnic \u00f2ptims, adaptats a les necessitats de cada llar.","publisher":{"@id":"https:\/\/cyclovac.cat\/#organization"},"potentialAction":[{"@type":"SearchAction","target":{"@type":"EntryPoint","urlTemplate":"https:\/\/cyclovac.cat\/?s={search_term_string}"},"query-input":{"@type":"PropertyValueSpecification","valueRequired":true,"valueName":"search_term_string"}}],"inLanguage":"es"},{"@type":"Organization","@id":"https:\/\/cyclovac.cat\/#organization","name":"Cyclovac","url":"https:\/\/cyclovac.cat\/","logo":{"@type":"ImageObject","inLanguage":"es","@id":"https:\/\/cyclovac.cat\/#\/schema\/logo\/image\/","url":"https:\/\/cyclovac.cat\/wp-content\/uploads\/2025\/06\/cyclovac-logo.png","contentUrl":"https:\/\/cyclovac.cat\/wp-content\/uploads\/2025\/06\/cyclovac-logo.png","width":303,"height":57,"caption":"Cyclovac"},"image":{"@id":"https:\/\/cyclovac.cat\/#\/schema\/logo\/image\/"}}]}},"_links":{"self":[{"href":"https:\/\/cyclovac.cat\/es\/wp-json\/wp\/v2\/product\/408","targetHints":{"allow":["GET"]}}],"collection":[{"href":"https:\/\/cyclovac.cat\/es\/wp-json\/wp\/v2\/product"}],"about":[{"href":"https:\/\/cyclovac.cat\/es\/wp-json\/wp\/v2\/types\/product"}],"wp:featuredmedia":[{"embeddable":true,"href":"https:\/\/cyclovac.cat\/es\/wp-json\/wp\/v2\/media\/409"}],"wp:attachment":[{"href":"https:\/\/cyclovac.cat\/es\/wp-json\/wp\/v2\/media?parent=408"}],"wp:term":[{"taxonomy":"product_brand","embeddable":true,"href":"https:\/\/cyclovac.cat\/es\/wp-json\/wp\/v2\/product_brand?post=408"},{"taxonomy":"product_cat","embeddable":true,"href":"https:\/\/cyclovac.cat\/es\/wp-json\/wp\/v2\/product_cat?post=408"},{"taxonomy":"product_tag","embeddable":true,"href":"https:\/\/cyclovac.cat\/es\/wp-json\/wp\/v2\/product_tag?post=408"}],"curies":[{"name":"wp","href":"https:\/\/api.w.org\/{rel}","templated":true}]}}